{"id":5452,"date":"2022-05-11T12:57:44","date_gmt":"2022-05-11T12:57:44","guid":{"rendered":"https:\/\/www.medisonics.com\/103_geschaftsbedingung\/"},"modified":"2022-07-07T15:29:39","modified_gmt":"2022-07-07T15:29:39","slug":"103_geschaftsbedingung","status":"publish","type":"page","link":"https:\/\/medisonics.com\/es\/103_geschaftsbedingung\/","title":{"rendered":"103_Gesch\u00e4ftsbedingung"},"content":{"rendered":"<p>[vc_row][vc_column]\n\t\t\t<!-- START Home 101 REVOLUTION SLIDER 6.6.20 --><p class=\"rs-p-wp-fix\"><\/p>\n\t\t\t<rs-module-wrap id=\"rev_slider_16_1_wrapper\" data-source=\"gallery\" style=\"visibility:hidden;background:transparent;padding:0;margin:0px auto;margin-top:0;margin-bottom:0;\">\n\t\t\t\t<rs-module id=\"rev_slider_16_1\" style=\"\" data-version=\"6.6.20\">\n\t\t\t\t\t<rs-slides style=\"overflow: hidden; position: absolute;\">\n\t\t\t\t\t\t<rs-slide style=\"position: absolute;\" data-key=\"rs-42\" data-title=\"Slide\" data-anim=\"adpr:false;\" data-in=\"o:0;\" data-out=\"a:false;\">\n\t\t\t\t\t\t\t<img decoding=\"async\" src=\"\/\/medisonics.com\/wp-content\/plugins\/revslider\/public\/assets\/assets\/dummy.png\" alt=\"Slide\" class=\"rev-slidebg tp-rs-img rs-lazyload\" data-lazyload=\"\/\/medisonics.com\/wp-content\/plugins\/revslider\/public\/assets\/assets\/transparent.png\" data-no-retina>\n<!--\n\t\t\t\t\t\t\t--><rs-layer\n\t\t\t\t\t\t\t\tid=\"slider-16-slide-42-layer-0\" \n\t\t\t\t\t\t\t\tclass=\"rs-nolc rs-layer-video intrinsic-ignore\"\n\t\t\t\t\t\t\t\tdata-type=\"video\"\n\t\t\t\t\t\t\t\tdata-rsp_ch=\"on\"\n\t\t\t\t\t\t\t\tdata-text=\"w:normal;\"\n\t\t\t\t\t\t\t\tdata-dim=\"w:100%;h:100%;\"\n\t\t\t\t\t\t\t\tdata-basealign=\"slide\"\n\t\t\t\t\t\t\t\tdata-video=\"vfc:true;twa:false;vd:100;rwd:f;l:true;ptimer:false;nse:f;sav:f;afs:f;inl:f;\"\n\t\t\t\t\t\t\t\tdata-poster=\"\/\/medisonics.com\/wp-content\/uploads\/revslider\/video-media\/100_1-3_42_layer.jpeg\"\n\t\t\t\t\t\t\t\tdata-mp4=\"\/\/medisonics.com\/wp-content\/uploads\/2022\/05\/100_1-3.mp4\"\n\t\t\t\t\t\t\t\tdata-frame_1=\"sp:50;\"\n\t\t\t\t\t\t\t\tdata-frame_999=\"o:0;st:w;sR:8950;\"\n\t\t\t\t\t\t\t\tstyle=\"z-index:5;\"\n\t\t\t\t\t\t\t>\n\t\t\t\t\t\t\t<\/rs-layer><!--\n-->\t\t\t\t\t\t<\/rs-slide>\n\t\t\t\t\t<\/rs-slides>\n\t\t\t\t<\/rs-module>\n\t\t\t\t<script>\n\t\t\t\t\tsetREVStartSize({c: 'rev_slider_16_1',rl:[1240,1024,778,480],el:[650],gw:[1240],gh:[650],type:'hero',justify:'',layout:'fullwidth',mh:\"0\"});if (window.RS_MODULES!==undefined && window.RS_MODULES.modules!==undefined && window.RS_MODULES.modules[\"revslider161\"]!==undefined) {window.RS_MODULES.modules[\"revslider161\"].once = false;window.revapi16 = undefined;if (window.RS_MODULES.checkMinimal!==undefined) window.RS_MODULES.checkMinimal()}\n\t\t\t\t<\/script>\n\t\t\t<\/rs-module-wrap>\n\t\t\t<!-- END REVOLUTION SLIDER -->\n[vc_empty_space height=\u00bb10px\u00bb][vc_column_text]<\/p>\n<h6><span style=\"font-family: arial, helvetica, sans-serif; font-size: 24px;\"><strong>Plazo del negocio<\/strong><\/span><\/h6>\n<hr>\n<h6><span style=\"font-family: arial, helvetica, sans-serif; font-size: 14px; color: #808080;\">Condiciones generales de venta de maquinaria y equipos, edici\u00f3n 2006<\/span><br \/>\n<span style=\"font-family: arial, helvetica, sans-serif; font-size: 14px; color: #808080;\">Las presentes Condiciones Generales de Venta (CGV) tienen prioridad sobre las Condiciones Generales de Compra del Comprador.<br \/>\n<\/span><span style=\"font-family: arial, helvetica, sans-serif; font-size: 14px; color: #808080;\">Los acuerdos que se aparten de estas CGV s\u00f3lo ser\u00e1n v\u00e1lidos <\/span><span style=\"font-family: arial, helvetica, sans-serif; font-size: 14px; color: #808080;\">s\u00f3lo son v\u00e1lidos si se realizan por escrito. <\/span> <\/h6>\n<h6><span style=\"font-family: arial, helvetica, sans-serif; font-size: 14px; color: #808080;\">2 <\/span><span style=\"font-family: arial, helvetica, sans-serif; font-size: 14px; color: #808080;\">Objeto y validez de la oferta<\/span><br \/>\n<span style=\"font-family: arial, helvetica, sans-serif; font-size: 14px; color: #808080;\">2.1 Especificaciones de las normas, etc.<\/span><br \/>\n<span style=\"font-family: arial, helvetica, sans-serif; font-size: 14px; color: #808080;\">Las normas, especificaciones, disposiciones, reglamentos y usos s\u00f3lo se aplicar\u00e1n si el Vendedor las acepta expresamente por escrito.<\/span><br \/>\n<span style=\"font-family: arial, helvetica, sans-serif; font-size: 14px; color: #808080;\"><br \/>\n2.2 Entrega de mercanc\u00edas sobre la base de una estimaci\u00f3n de costes<\/span><br \/>\n<span style=\"font-family: arial, helvetica, sans-serif; font-size: 14px; color: #808080;\">Las condiciones contenidas en un presupuesto s\u00f3lo se aplicar\u00e1n a los art\u00edculos especificados en el mismo. No se aplicar\u00e1n a las entregas adicionales, a menos que el Vendedor acepte expresamente estas<\/span><br \/>\n<span style=\"font-family: arial, helvetica, sans-serif; font-size: 14px; color: #808080;\">El vendedor no acepta expresamente estas condiciones por escrito.<\/span><br \/>\n<span style=\"font-family: arial, helvetica, sans-serif; font-size: 14px; color: #808080;\">2.3 Entregas de bienes sobre la base del cat\u00e1logo<\/span><br \/>\n<span style=\"font-family: arial, helvetica, sans-serif; font-size: 14px; color: #808080;\">Los precios y la informaci\u00f3n contenida en los cat\u00e1logos, folletos y listas de precios son valores aproximados y s\u00f3lo son vinculantes para el Vendedor tras la confirmaci\u00f3n por escrito por su parte.<\/span><br \/>\n<span style=\"font-family: arial, helvetica, sans-serif; font-size: 14px; color: #808080;\">El Vendedor se reserva el derecho a realizar cambios, en particular en la disposici\u00f3n, la forma, el color, las dimensiones o los materiales. La informaci\u00f3n relativa a la<\/span><br \/>\n<span style=\"font-family: arial, helvetica, sans-serif; font-size: 14px; color: #808080;\">las dimensiones son s\u00f3lo aproximadas. El vendedor no est\u00e1 obligado en ning\u00fan caso a entregar sus planos de fabricaci\u00f3n, aunque los aparatos y equipos se entreguen con un plano de instalaci\u00f3n o de cimentaci\u00f3n.<\/span><br \/>\n<span style=\"font-family: arial, helvetica, sans-serif; font-size: 14px; color: #808080;\">plan de instalaci\u00f3n o de cimentaci\u00f3n. Las dimensiones de los bloques de cimentaci\u00f3n son s\u00f3lo aproximadas; el Comprador deber\u00e1 construir estos bloques bajo su propia responsabilidad.<\/span><br \/>\n<span style=\"font-family: arial, helvetica, sans-serif; font-size: 14px; color: #808080;\"><br \/>\n3 Conclusi\u00f3n del contrato<\/span><br \/>\n<span style=\"font-family: arial, helvetica, sans-serif; font-size: 14px; color: #808080;\">3.1 Un contrato de venta s\u00f3lo se considerar\u00e1 concluido si el Vendedor acepta expresamente un pedido.<\/span><br \/>\n<span style=\"font-family: arial, helvetica, sans-serif; font-size: 14px; color: #808080;\">3.2 Las promesas verbales de los representantes y empleados del vendedor s\u00f3lo ser\u00e1n vinculantes para el vendedor si se confirman expresamente por escrito.<\/span><br \/>\n<span style=\"font-family: arial, helvetica, sans-serif; font-size: 14px; color: #808080;\"><br \/>\n4 Propiedad, confidencialidad<\/span><br \/>\n<span style=\"font-family: arial, helvetica, sans-serif; font-size: 14px; color: #808080;\">4.1 Los estudios, planos y documentos puestos a disposici\u00f3n del Comprador ser\u00e1n propiedad del Vendedor y ser\u00e1n confidenciales. El Comprador no podr\u00e1 utilizarlos m\u00e1s all\u00e1 del<\/span><br \/>\n<span style=\"font-family: arial, helvetica, sans-serif; font-size: 14px; color: #808080;\">utilizarlos m\u00e1s all\u00e1 del objeto del contrato ni hacerlos accesibles a terceros.<\/span><br \/>\n<span style=\"font-family: arial, helvetica, sans-serif; font-size: 14px; color: #808080;\">4.2 En caso de que no se celebre ning\u00fan contrato, el comprador deber\u00e1 devolver al vendedor los estudios, planos y documentos puestos a su disposici\u00f3n en un plazo de 15 d\u00edas desde que se le solicite.<\/span><br \/>\n<span style=\"font-family: arial, helvetica, sans-serif; font-size: 14px; color: #808080;\">en un plazo de 15 d\u00edas.<\/span><br \/>\n<span style=\"font-family: arial, helvetica, sans-serif; font-size: 14px; color: #808080;\"><br \/>\n5 Precios, condiciones de pago<\/span><br \/>\n<span style=\"font-family: arial, helvetica, sans-serif; font-size: 14px; color: #808080;\">5.1 Los precios se indican en francos suizos netos, sin incluir el IVA\/seguro, y se aplican a los dispositivos y equipos suministrados por el Vendedor.<\/span><br \/>\n<span style=\"font-family: arial, helvetica, sans-serif; font-size: 14px; color: #808080;\">En los importes de las facturas inferiores a CHF. 250.- precio de lista, no se conceder\u00e1n descuentos.<\/span><br \/>\n<span style=\"font-family: arial, helvetica, sans-serif; font-size: 14px; color: #808080;\">5.2 El pago se realizar\u00e1 en el domicilio del Vendedor. El comprador renuncia al derecho de compensaci\u00f3n de las contrademandas.<br \/>\n<\/span><span style=\"font-family: arial, helvetica, sans-serif; font-size: 14px; color: #808080;\">5.3 El pago se realizar\u00e1<br \/>\n<\/span><span style=\"font-family: arial, helvetica, sans-serif; font-size: 14px; color: #808080;\">&#8216; 50% de pago inicial despu\u00e9s de la orden por escrito dentro de 10 d\u00edas<br \/>\n&#8216; 40% de pago parcial antes de la entrega del proyecto<br \/>\n&#8216; 10 % tras la aceptaci\u00f3n en un plazo de 20 d\u00edas<br \/>\n5<\/span><span style=\"font-family: arial, helvetica, sans-serif; font-size: 14px; color: #808080;\">.4 En caso de incumplimiento del plazo de pago, se devengar\u00e1n intereses del 7% anual sobre los importes adeudados sin necesidad de requerimiento.<\/span><br \/>\n<span style=\"font-family: arial, helvetica, sans-serif; font-size: 14px; color: #808080;\">5.5 Si el Comprador se retrasa en la aceptaci\u00f3n de la mercanc\u00eda, \u00e9sta ser\u00e1 almacenada a su cargo. La no aceptaci\u00f3n de la mercanc\u00eda no supone un aplazamiento de la fecha de pago.<\/span><br \/>\n<span style=\"font-family: arial, helvetica, sans-serif; font-size: 14px; color: #808080;\"><br \/>\n6 Entrega, env\u00edo<\/span><br \/>\n<span style=\"font-family: arial, helvetica, sans-serif; font-size: 14px; color: #808080;\">6.1 La mercanc\u00eda se entregar\u00e1 tan pronto como est\u00e9 lista en la f\u00e1brica o almac\u00e9n del vendedor.<\/span><br \/>\n<span style=\"font-family: arial, helvetica, sans-serif; font-size: 14px; color: #808080;\">6.2 Si el env\u00edo se retrasa por cualquier motivo, el Vendedor deber\u00e1<\/span><br \/>\n<span style=\"font-family: arial, helvetica, sans-serif; font-size: 14px; color: #808080;\"><br \/>\n7. plazos de entrega<\/span><br \/>\n<span style=\"font-family: arial, helvetica, sans-serif; font-size: 14px; color: #808080;\">7.1 Los plazos de entrega deben entenderse como valores aproximados, salvo que el Vendedor se comprometa por escrito a una fecha fija. El Vendedor no ser\u00e1 responsable del retraso en la entrega y sus consecuencias.<\/span><br \/>\n<span style=\"font-family: arial, helvetica, sans-serif; font-size: 14px; color: #808080;\">7.2 Los plazos de entrega comenzar\u00e1n a correr a partir del momento en que el Vendedor est\u00e9 en posesi\u00f3n de los datos definitivos del pedido del Comprador.<\/span><br \/>\n<span style=\"font-family: arial, helvetica, sans-serif; font-size: 14px; color: #808080;\">7.3 El Vendedor quedar\u00e1 liberado de cualquier obligaci\u00f3n con respecto a los plazos de entrega en caso de fuerza mayor u otros acontecimientos que se produzcan en el Vendedor o en sus proveedores, tales como: Cierre patronal; Huelga; Epidemia; Confiscaci\u00f3n; Guerra; Embargo; Falta de autorizaci\u00f3n; Conflagraci\u00f3n; Inundaci\u00f3n; Aver\u00eda de la maquinaria de producci\u00f3n; Desguace de piezas importantes durante la fabricaci\u00f3n; Interrupci\u00f3n o retraso en el transporte o en el suministro de materias primas, fuentes de energ\u00eda o componentes; en el caso de todos los dem\u00e1s acontecimientos de los que el Vendedor no sea responsable.<\/span><br \/>\n<span style=\"font-family: arial, helvetica, sans-serif; font-size: 14px; color: #808080;\"><br \/>\n8. plazos de entrega<\/span><br \/>\n<span style=\"font-family: arial, helvetica, sans-serif; font-size: 14px; color: #808080;\">8.1 Hasta el pago \u00edntegro del precio y de los eventuales intereses, los art\u00edculos entregados seguir\u00e1n siendo propiedad del Vendedor. Si los bienes entregados no son pagados, el Vendedor puede en cualquier momento, y sea quien sea el propietario, exigir su devoluci\u00f3n a cargo del Comprador.<\/span><br \/>\n<span style=\"font-family: arial, helvetica, sans-serif; font-size: 14px; color: #808080;\">8.2 A partir del momento de la entrega (cl\u00e1usulas 6.1 y 6.2), el Comprador asumir\u00e1 el riesgo de p\u00e9rdida o da\u00f1o de los art\u00edculos entregados y tambi\u00e9n ser\u00e1 responsable de cualquier da\u00f1o causado por ellos.<\/span><br \/>\n<span style=\"font-family: arial, helvetica, sans-serif; font-size: 14px; color: #808080;\">8.3 En caso de sucesi\u00f3n o quiebra, el Vendedor retendr\u00e1 los anticipos realizados en concepto de penalizaci\u00f3n; el Vendedor se reserva el derecho a reclamar otros da\u00f1os y perjuicios.<\/span><br \/>\n<span style=\"font-family: arial, helvetica, sans-serif; font-size: 14px; color: #808080;\"><br \/>\n9. embalaje<\/span><br \/>\n<span style=\"font-family: arial, helvetica, sans-serif; font-size: 14px; color: #808080;\">El vendedor no retirar\u00e1 el embalaje. Los costes de la misma correr\u00e1n a cargo del Comprador. El Vendedor proporcionar\u00e1 el embalaje, actuando seg\u00fan su leal saber y entender en inter\u00e9s del Comprador.<\/span><br \/>\n<span style=\"font-family: arial, helvetica, sans-serif; font-size: 14px; color: #808080;\"><br \/>\n10 Transporte, aduanas<\/span><br \/>\n<span style=\"font-family: arial, helvetica, sans-serif; font-size: 14px; color: #808080;\">Todos los gastos de transporte y seguro, as\u00ed como los derechos de aduana, correr\u00e1n a cargo del comprador. La mercanc\u00eda entregada viaja por cuenta y riesgo del comprador. Es responsabilidad del Comprador notificar a la empresa de transporte, aunque haya sido seleccionada por el Vendedor, cualquier reserva sobre el estado de la mercanc\u00eda entregada dentro de los plazos legales.<\/span><br \/>\n<span style=\"font-family: arial, helvetica, sans-serif; font-size: 14px; color: #808080;\"><br \/>\n11 Garant\u00eda<\/span><br \/>\n<span style=\"font-family: arial, helvetica, sans-serif; font-size: 14px; color: #808080;\">11.1 Defectos que dan lugar a una reclamaci\u00f3n de garant\u00eda<\/span><br \/>\n<span style=\"font-family: arial, helvetica, sans-serif; font-size: 14px; color: #808080;\">El Vendedor se compromete a subsanar todos los defectos de funcionamiento que se deriven de un defecto de material o de fabricaci\u00f3n (incluido el montaje defectuoso si se le ha encomendado). El Vendedor no ofrecer\u00e1 ninguna garant\u00eda si el defecto se debe a un dise\u00f1o prescrito por el Comprador, en caso de mantenimiento y revisi\u00f3n inadecuados por parte del Comprador o de terceros, o en caso de almacenamiento inadecuado. Adem\u00e1s, no se aplicar\u00e1 ninguna garant\u00eda en caso de sucesos debidos al azar o a la fuerza mayor, al desgaste normal, a los da\u00f1os, a los accidentes, a la manipulaci\u00f3n negligente, a la supervisi\u00f3n y al uso defectuosos.<\/span><br \/>\n<span style=\"font-family: arial, helvetica, sans-serif; font-size: 14px; color: #808080;\"><br \/>\n11.2 La garant\u00eda es v\u00e1lida durante 12 meses a partir de la fecha de entrega. El mismo periodo de garant\u00eda se aplica a las piezas de recambio nuevas. El periodo de garant\u00eda para los dispositivos de sustituci\u00f3n y para las reparaciones es de 3 meses a partir de la fecha de entrega (cl\u00e1usulas 6.1 y 6.2). Se puede acordar una ampliaci\u00f3n de la garant\u00eda de acuerdo con la gama de servicios existente del Vendedor contra una compensaci\u00f3n aparte.<\/span><br \/>\n<span style=\"font-family: arial, helvetica, sans-serif; font-size: 14px; color: #808080;\"><br \/>\n11.3 Obligaciones del comprador<\/span><br \/>\n<span style=\"font-family: arial, helvetica, sans-serif; font-size: 14px; color: #808080;\">La garant\u00eda s\u00f3lo ser\u00e1 v\u00e1lida si el Comprador notifica inmediatamente al Vendedor por escrito los defectos que, en su opini\u00f3n, presenta la mercanc\u00eda entregada y aporta la prueba de su existencia. El Comprador deber\u00e1 dar en todo momento al Vendedor la oportunidad de inspeccionar y subsanar dichos defectos. Sin el consentimiento expreso del Vendedor, el Comprador no podr\u00e1 realizar los trabajos de garant\u00eda por s\u00ed mismo ni encargarlos a un tercero.<\/span><br \/>\n<span style=\"font-family: arial, helvetica, sans-serif; font-size: 14px; color: #808080;\"><br \/>\n11.4 Ejecuci\u00f3n de los trabajos de garant\u00eda<\/span><br \/>\n<span style=\"font-family: arial, helvetica, sans-serif; font-size: 14px; color: #808080;\">El vendedor, una vez informado, deber\u00e1 subsanar el defecto a su cargo. Se reserva el derecho a realizar las modificaciones necesarias. El Vendedor realizar\u00e1 los trabajos de garant\u00eda en sus talleres despu\u00e9s de que el Comprador haya devuelto los art\u00edculos en cuesti\u00f3n al Vendedor para su reparaci\u00f3n o sustituci\u00f3n.<\/span><br \/>\n<span style=\"font-family: arial, helvetica, sans-serif; font-size: 14px; color: #808080;\">A discreci\u00f3n del Vendedor, \u00e9ste podr\u00e1 realizar los trabajos de garant\u00eda en el lugar de instalaci\u00f3n; los costes adicionales correr\u00e1n a cargo del Comprador.<\/span><br \/>\n<span style=\"font-family: arial, helvetica, sans-serif; font-size: 14px; color: #808080;\"><br \/>\n11.5 Limitaci\u00f3n de la garant\u00eda<\/span><br \/>\n<span style=\"font-family: arial, helvetica, sans-serif; font-size: 14px; color: #808080;\">La garant\u00eda del vendedor se limita expresamente al \u00e1mbito anterior. Queda excluida cualquier otra responsabilidad del Vendedor.<\/span><br \/>\n<span style=\"font-family: arial, helvetica, sans-serif; font-size: 14px; color: #808080;\"><br \/>\n12 Cambio, devoluci\u00f3n<\/span><br \/>\n<span style=\"font-family: arial, helvetica, sans-serif; font-size: 14px; color: #808080;\">El vendedor s\u00f3lo acepta cambios o devoluciones con su consentimiento previo y s\u00f3lo en un plazo de 10 d\u00edas a partir de la entrega.<\/span><br \/>\n<span style=\"font-family: arial, helvetica, sans-serif; font-size: 14px; color: #808080;\">S\u00f3lo aceptar\u00e1 la devoluci\u00f3n de productos en stock no utilizados en su embalaje original y cobrar\u00e1 el 40% del precio neto, pero como m\u00ednimo 50,00 CHF, en concepto de manipulaci\u00f3n.<\/span><br \/>\n<span style=\"font-family: arial, helvetica, sans-serif; font-size: 14px; color: #808080;\">Quedan excluidos del cambio o la devoluci\u00f3n, en cualquier caso, los productos relacionados con el proyecto y espec\u00edficos del cliente, los productos no almacenados o hechos a medida y los productos de terceros, as\u00ed como las mercanc\u00edas con un precio neto inferior a Fr. 60.-; las correspondientes devoluciones de mercanc\u00edas se mantendr\u00e1n a disposici\u00f3n del comprador.<\/span><br \/>\n<span style=\"font-family: arial, helvetica, sans-serif; font-size: 14px; color: #808080;\"><br \/>\n13 Legislaci\u00f3n aplicable<\/span><br \/>\n<span style=\"font-family: arial, helvetica, sans-serif; font-size: 14px; color: #808080;\">Es aplicable el derecho suizo, en particular el C\u00f3digo de Obligaciones, con exclusi\u00f3n de las disposiciones de derecho internacional privado.<\/span><br \/>\n<span style=\"font-family: arial, helvetica, sans-serif; font-size: 14px; color: #808080;\"><br \/>\n14 Lugar de cumplimiento, lugar de jurisdicci\u00f3n<\/span><br \/>\n<span style=\"font-family: arial, helvetica, sans-serif; font-size: 14px; color: #808080;\">El lugar de cumplimiento y jurisdicci\u00f3n es exclusivamente Winterthur, Suiza.<\/span><\/h6>\n<p>[\/vc_column_text][vc_column_text]<\/p>\n<h6><span style=\"font-family: arial, helvetica, sans-serif; font-size: 14px;\">Condici\u00f3n de descarga<\/span><br \/>\n<span style=\"font-family: arial, helvetica, sans-serif; font-size: 12px; color: #808080;\">&#8216; <a style=\"color: #808080;\" href=\"http:\/\/www.medisonics.com\/pdf\/104-SWISSMEM-AGB_e.pdf\"><span class=\"fontstyle0\">Condiciones generales de contrataci\u00f3n para el suministro de instalaciones y maquinaria<\/span><\/a><\/span><br \/>\n<span style=\"font-family: arial, helvetica, sans-serif; font-size: 12px; color: #808080;\">&#8216;<a style=\"color: #808080;\" href=\"http:\/\/www.medisonics.com\/pdf\/104-SWISSMEM-AGB_d.pdf\"><br \/>\n  <span class=\"fontstyle0\"> Ofertas generales de maquinaria y equipos <\/span><br \/>\n<\/a> <\/span><br \/>\n<span style=\"font-family: arial, helvetica, sans-serif; font-size: 12px; color: #808080;\"><a style=\"color: #808080;\" href=\"http:\/\/www.medisonics.com\/pdf\/104-SWISSMEM-AGB_f.pdf\">&#8216; <span class=\"fontstyle0\">Condiciones generales de venta de m\u00e1quinas e instalaciones<\/span><\/a><a style=\"color: #808080;\" href=\"http:\/\/www.medisonics.com\/pdf\/104-SWISSMEM-AGB_f.pdf\"> <\/a><\/span><br \/>\n<span style=\"font-family: arial, helvetica, sans-serif; font-size: 12px; color: #808080;\"><a style=\"color: #808080;\" href=\"http:\/\/www.medisonics.com\/pdf\/104-SWISSMEM-AGB_i.pdf\">&#8216;<span class=\"fontstyle0\"> Condiciones generales de suministro de m\u00e1quinas e instrumentos<\/span><\/a><\/span><br \/>\n<a href=\"http:\/\/www.medisonics.com\/pdf\/104-SWISSMEM-AGB_s.pdf\"><span style=\"font-family: arial, helvetica, sans-serif; font-size: 12px; color: #808080;\">&#8216; <\/span><span class=\"fontstyle0\"><br \/>\n  <span style=\"font-family: arial, helvetica, sans-serif; font-size: 14px; color: #808080;\"><br \/>\n    <span style=\"font-size: 12px;\">Condiciones generales para el suministro de maquinaria y plantas<\/span><br \/>\n  <\/span><br \/>\n<\/span><\/a><\/h6>\n<p>[\/vc_column_text][\/vc_column][\/vc_row]<\/p>\n","protected":false},"excerpt":{"rendered":"<p>[vc_row][vc_column][vc_empty_space height=\u00bb10px\u00bb][vc_column_text] Plazo del negocio Condiciones generales de venta de maquinaria y equipos, edici\u00f3n 2006 Las presentes Condiciones Generales de Venta (CGV) tienen prioridad sobre las Condiciones Generales de Compra del Comprador. Los acuerdos que se aparten de estas CGV s\u00f3lo ser\u00e1n v\u00e1lidos s\u00f3lo son v\u00e1lidos si se realizan por escrito. 2 Objeto y validez [&hellip;]<\/p>\n","protected":false},"author":1,"featured_media":0,"parent":0,"menu_order":0,"comment_status":"closed","ping_status":"closed","template":"","meta":{"_monsterinsights_skip_tracking":false,"_monsterinsights_sitenote_active":false,"_monsterinsights_sitenote_note":"","_monsterinsights_sitenote_category":0,"footnotes":""},"jetpack_sharing_enabled":true,"_links":{"self":[{"href":"https:\/\/medisonics.com\/es\/wp-json\/wp\/v2\/pages\/5452"}],"collection":[{"href":"https:\/\/medisonics.com\/es\/wp-json\/wp\/v2\/pages"}],"about":[{"href":"https:\/\/medisonics.com\/es\/wp-json\/wp\/v2\/types\/page"}],"author":[{"embeddable":true,"href":"https:\/\/medisonics.com\/es\/wp-json\/wp\/v2\/users\/1"}],"replies":[{"embeddable":true,"href":"https:\/\/medisonics.com\/es\/wp-json\/wp\/v2\/comments?post=5452"}],"version-history":[{"count":2,"href":"https:\/\/medisonics.com\/es\/wp-json\/wp\/v2\/pages\/5452\/revisions"}],"predecessor-version":[{"id":5466,"href":"https:\/\/medisonics.com\/es\/wp-json\/wp\/v2\/pages\/5452\/revisions\/5466"}],"wp:attachment":[{"href":"https:\/\/medisonics.com\/es\/wp-json\/wp\/v2\/media?parent=5452"}],"curies":[{"name":"wp","href":"https:\/\/api.w.org\/{rel}","templated":true}]}}