{"id":5538,"date":"2022-05-11T11:36:02","date_gmt":"2022-05-11T11:36:02","guid":{"rendered":"https:\/\/www.medisonics.com\/104_copyright\/"},"modified":"2022-07-30T08:58:50","modified_gmt":"2022-07-30T08:58:50","slug":"104_copyright","status":"publish","type":"page","link":"https:\/\/medisonics.com\/es\/104_copyright\/","title":{"rendered":"104_Copyright"},"content":{"rendered":"<p>[vc_row content_placement=\u00bbtop\u00bb][vc_column]\n\t\t\t<!-- START Home 101 REVOLUTION SLIDER 6.6.20 --><p class=\"rs-p-wp-fix\"><\/p>\n\t\t\t<rs-module-wrap id=\"rev_slider_16_1_wrapper\" data-source=\"gallery\" style=\"visibility:hidden;background:transparent;padding:0;margin:0px auto;margin-top:0;margin-bottom:0;\">\n\t\t\t\t<rs-module id=\"rev_slider_16_1\" style=\"\" data-version=\"6.6.20\">\n\t\t\t\t\t<rs-slides style=\"overflow: hidden; position: absolute;\">\n\t\t\t\t\t\t<rs-slide style=\"position: absolute;\" data-key=\"rs-42\" data-title=\"Slide\" data-anim=\"adpr:false;\" data-in=\"o:0;\" data-out=\"a:false;\">\n\t\t\t\t\t\t\t<img decoding=\"async\" src=\"\/\/medisonics.com\/wp-content\/plugins\/revslider\/public\/assets\/assets\/dummy.png\" alt=\"Slide\" class=\"rev-slidebg tp-rs-img rs-lazyload\" data-lazyload=\"\/\/medisonics.com\/wp-content\/plugins\/revslider\/public\/assets\/assets\/transparent.png\" data-no-retina>\n<!--\n\t\t\t\t\t\t\t--><rs-layer\n\t\t\t\t\t\t\t\tid=\"slider-16-slide-42-layer-0\" \n\t\t\t\t\t\t\t\tclass=\"rs-nolc rs-layer-video intrinsic-ignore\"\n\t\t\t\t\t\t\t\tdata-type=\"video\"\n\t\t\t\t\t\t\t\tdata-rsp_ch=\"on\"\n\t\t\t\t\t\t\t\tdata-text=\"w:normal;\"\n\t\t\t\t\t\t\t\tdata-dim=\"w:100%;h:100%;\"\n\t\t\t\t\t\t\t\tdata-basealign=\"slide\"\n\t\t\t\t\t\t\t\tdata-video=\"vfc:true;twa:false;vd:100;rwd:f;l:true;ptimer:false;nse:f;sav:f;afs:f;inl:f;\"\n\t\t\t\t\t\t\t\tdata-poster=\"\/\/medisonics.com\/wp-content\/uploads\/revslider\/video-media\/100_1-3_42_layer.jpeg\"\n\t\t\t\t\t\t\t\tdata-mp4=\"\/\/medisonics.com\/wp-content\/uploads\/2022\/05\/100_1-3.mp4\"\n\t\t\t\t\t\t\t\tdata-frame_1=\"sp:50;\"\n\t\t\t\t\t\t\t\tdata-frame_999=\"o:0;st:w;sR:8950;\"\n\t\t\t\t\t\t\t\tstyle=\"z-index:5;\"\n\t\t\t\t\t\t\t>\n\t\t\t\t\t\t\t<\/rs-layer><!--\n-->\t\t\t\t\t\t<\/rs-slide>\n\t\t\t\t\t<\/rs-slides>\n\t\t\t\t<\/rs-module>\n\t\t\t\t<script>\n\t\t\t\t\tsetREVStartSize({c: 'rev_slider_16_1',rl:[1240,1024,778,480],el:[650],gw:[1240],gh:[650],type:'hero',justify:'',layout:'fullwidth',mh:\"0\"});if (window.RS_MODULES!==undefined && window.RS_MODULES.modules!==undefined && window.RS_MODULES.modules[\"revslider161\"]!==undefined) {window.RS_MODULES.modules[\"revslider161\"].once = false;window.revapi16 = undefined;if (window.RS_MODULES.checkMinimal!==undefined) window.RS_MODULES.checkMinimal()}\n\t\t\t\t<\/script>\n\t\t\t<\/rs-module-wrap>\n\t\t\t<!-- END REVOLUTION SLIDER -->\n[vc_empty_space height=\u00bb10px\u00bb][vc_column_text]<\/p>\n<pre><strong><span style=\"font-family: arial, helvetica, sans-serif; font-size: 24px; color: #000000;\">Copyright<\/span><\/strong><\/pre>\n<hr \/>\n<h6><span style=\"font-family: arial, helvetica, sans-serif; font-size: 14px; color: #808080;\">En caso de que el operador del sitio infrinja los derechos de autor u otros derechos de terceros, deber\u00e1 notificar la infracci\u00f3n por carta certificada a la empresa<br \/>\n<\/span><\/h6>\n<p><span style=\"color: #000000; font-size: 16px;\">MediSonics AG<br \/>\n<\/span><span style=\"color: #808080;\"> <strong><span style=\"font-size: 14px; font-family: arial, helvetica, sans-serif;\">Weststrasse 115<br \/>\n<\/span> <span style=\"font-size: 14px; font-family: arial, helvetica, sans-serif;\">8408 Winterthur<\/span><\/strong><br \/>\n<strong><span style=\"font-size: 14px; font-family: arial, helvetica, sans-serif;\">Suiza<\/span><\/strong><\/span><\/p>\n<table style=\"border-collapse: collapse; width: 4.39249%; height: 10px;\">\n<tbody>\n<tr style=\"height: 70px;\">\n<td style=\"width: 56.1704%; height: 10px; border-style: hidden; text-align: left; vertical-align: top;\">\n<h6><span style=\"color: #808080;\"><span style=\"font-family: arial, helvetica, sans-serif; font-size: 14px;\">Tel\u00e9fono:<\/span> <span style=\"font-family: arial, helvetica, sans-serif; font-size: 14px;\">Fax:<\/span> <span style=\"font-family: arial, helvetica, sans-serif; font-size: 14px;\">M\u00f3vil:<\/span> <span style=\"font-family: arial, helvetica, sans-serif; font-size: 14px;\">Correo electr\u00f3nico:<\/span> <span style=\"font-family: arial, helvetica, sans-serif; font-size: 14px;\">Skype:<\/span><\/span><\/h6>\n<\/td>\n<td style=\"width: 43.8297%; height: 10px; border-style: hidden;\">\n<h6><span style=\"color: #808080;\"><span style=\"font-family: arial, helvetica, sans-serif; font-size: 14px;\">(+41) 52 544 54 56<\/span> <span style=\"font-family: arial, helvetica, sans-serif; font-size: 14px;\">(+41) 52 544 54 57<\/span> <span style=\"font-family: arial, helvetica, sans-serif; font-size: 14px;\">(+41) 78 404 71 18<\/span> <span style=\"font-family: arial, helvetica, sans-serif; font-size: 14px;\">info@medisonics.com <\/span> <span style=\"font-size: 14px; font-family: arial, helvetica, sans-serif;\">medisonics <\/span> <\/span><\/h6>\n<\/td>\n<\/tr>\n<\/tbody>\n<\/table>\n<h6><span style=\"color: #808080;\"><span style=\"font-family: arial, helvetica, sans-serif; font-size: 14px;\">para se\u00f1alar<\/span><\/span><\/h6>\n<h6><span style=\"color: #808080;\"><span style=\"font-family: arial, helvetica, sans-serif; font-size: 14px;\"> En caso de que se produzca alguna infracci\u00f3n, se eliminar\u00e1 inmediatamente. El operador no asume ninguna responsabilidad por los da\u00f1os causados por el sitio web o los archivos ofrecidos.<br \/>\n<\/span><\/span><span style=\"color: #808080;\"><span style=\"font-family: arial, helvetica, sans-serif; font-size: 14px;\"> Tampoco se garantiza la accesibilidad de nuestro servicio y los archivos pueden ser tomados. Sin embargo, se busca la mayor accesibilidad posible. Sin embargo, esto no siempre puede realizarse t\u00e9cnicamente.<\/span><\/span><\/h6>\n<h6><span style=\"color: #808080;\"><span style=\"font-family: arial, helvetica, sans-serif; font-size: 14px;\"> El operador no asume ninguna garant\u00eda ni responsabilidad por los da\u00f1os, da\u00f1os indirectos o fallos que puedan producirse. Los usuarios renuncian a cualquier tipo de reclamaci\u00f3n contra los operadores que pueda derivarse de estos hechos.<\/span> <span style=\"font-size: 14px; font-family: arial, helvetica, sans-serif;\">Explicaci\u00f3n:<\/span> <span style=\"font-size: 14px; font-family: arial, helvetica, sans-serif;\">Nuestros enlaces externos son una selecci\u00f3n subjetiva de referencias a otros sitios de Internet. Todas las marcas comerciales, nombres de productos y etiquetas publicadas son propiedad de sus respectivos due\u00f1os.<\/span><\/span><\/h6>\n<p>[\/vc_column_text][\/vc_column][\/vc_row]<\/p>\n","protected":false},"excerpt":{"rendered":"<p>[vc_row content_placement=\u00bbtop\u00bb][vc_column][vc_empty_space height=\u00bb10px\u00bb][vc_column_text] Copyright En caso de que el operador del sitio infrinja los derechos de autor u otros derechos de terceros, deber\u00e1 notificar la infracci\u00f3n por carta certificada a la empresa MediSonics AG Weststrasse 115 8408 Winterthur Suiza Tel\u00e9fono: Fax: M\u00f3vil: Correo electr\u00f3nico: Skype: (+41) 52 544 54 56 (+41) 52 544 54 57 [&hellip;]<\/p>\n","protected":false},"author":1,"featured_media":0,"parent":0,"menu_order":0,"comment_status":"closed","ping_status":"closed","template":"","meta":{"_monsterinsights_skip_tracking":false,"_monsterinsights_sitenote_active":false,"_monsterinsights_sitenote_note":"","_monsterinsights_sitenote_category":0,"footnotes":""},"jetpack_sharing_enabled":true,"_links":{"self":[{"href":"https:\/\/medisonics.com\/es\/wp-json\/wp\/v2\/pages\/5538"}],"collection":[{"href":"https:\/\/medisonics.com\/es\/wp-json\/wp\/v2\/pages"}],"about":[{"href":"https:\/\/medisonics.com\/es\/wp-json\/wp\/v2\/types\/page"}],"author":[{"embeddable":true,"href":"https:\/\/medisonics.com\/es\/wp-json\/wp\/v2\/users\/1"}],"replies":[{"embeddable":true,"href":"https:\/\/medisonics.com\/es\/wp-json\/wp\/v2\/comments?post=5538"}],"version-history":[{"count":11,"href":"https:\/\/medisonics.com\/es\/wp-json\/wp\/v2\/pages\/5538\/revisions"}],"predecessor-version":[{"id":7531,"href":"https:\/\/medisonics.com\/es\/wp-json\/wp\/v2\/pages\/5538\/revisions\/7531"}],"wp:attachment":[{"href":"https:\/\/medisonics.com\/es\/wp-json\/wp\/v2\/media?parent=5538"}],"curies":[{"name":"wp","href":"https:\/\/api.w.org\/{rel}","templated":true}]}}