{"id":5566,"date":"2022-05-12T08:45:22","date_gmt":"2022-05-12T08:45:22","guid":{"rendered":"https:\/\/www.medisonics.com\/105_impressum\/"},"modified":"2022-07-28T08:25:28","modified_gmt":"2022-07-28T08:25:28","slug":"105_impressum","status":"publish","type":"page","link":"https:\/\/medisonics.com\/es\/105_impressum\/","title":{"rendered":"105_Impressum"},"content":{"rendered":"<p>[vc_row][vc_column]\n\t\t\t<!-- START Home 101 REVOLUTION SLIDER 6.6.20 --><p class=\"rs-p-wp-fix\"><\/p>\n\t\t\t<rs-module-wrap id=\"rev_slider_16_1_wrapper\" data-source=\"gallery\" style=\"visibility:hidden;background:transparent;padding:0;margin:0px auto;margin-top:0;margin-bottom:0;\">\n\t\t\t\t<rs-module id=\"rev_slider_16_1\" style=\"\" data-version=\"6.6.20\">\n\t\t\t\t\t<rs-slides style=\"overflow: hidden; position: absolute;\">\n\t\t\t\t\t\t<rs-slide style=\"position: absolute;\" data-key=\"rs-42\" data-title=\"Slide\" data-anim=\"adpr:false;\" data-in=\"o:0;\" data-out=\"a:false;\">\n\t\t\t\t\t\t\t<img decoding=\"async\" src=\"\/\/medisonics.com\/wp-content\/plugins\/revslider\/public\/assets\/assets\/dummy.png\" alt=\"Slide\" class=\"rev-slidebg tp-rs-img rs-lazyload\" data-lazyload=\"\/\/medisonics.com\/wp-content\/plugins\/revslider\/public\/assets\/assets\/transparent.png\" data-no-retina>\n<!--\n\t\t\t\t\t\t\t--><rs-layer\n\t\t\t\t\t\t\t\tid=\"slider-16-slide-42-layer-0\" \n\t\t\t\t\t\t\t\tclass=\"rs-nolc rs-layer-video intrinsic-ignore\"\n\t\t\t\t\t\t\t\tdata-type=\"video\"\n\t\t\t\t\t\t\t\tdata-rsp_ch=\"on\"\n\t\t\t\t\t\t\t\tdata-text=\"w:normal;\"\n\t\t\t\t\t\t\t\tdata-dim=\"w:100%;h:100%;\"\n\t\t\t\t\t\t\t\tdata-basealign=\"slide\"\n\t\t\t\t\t\t\t\tdata-video=\"vfc:true;twa:false;vd:100;rwd:f;l:true;ptimer:false;nse:f;sav:f;afs:f;inl:f;\"\n\t\t\t\t\t\t\t\tdata-poster=\"\/\/medisonics.com\/wp-content\/uploads\/revslider\/video-media\/100_1-3_42_layer.jpeg\"\n\t\t\t\t\t\t\t\tdata-mp4=\"\/\/medisonics.com\/wp-content\/uploads\/2022\/05\/100_1-3.mp4\"\n\t\t\t\t\t\t\t\tdata-frame_1=\"sp:50;\"\n\t\t\t\t\t\t\t\tdata-frame_999=\"o:0;st:w;sR:8950;\"\n\t\t\t\t\t\t\t\tstyle=\"z-index:5;\"\n\t\t\t\t\t\t\t>\n\t\t\t\t\t\t\t<\/rs-layer><!--\n-->\t\t\t\t\t\t<\/rs-slide>\n\t\t\t\t\t<\/rs-slides>\n\t\t\t\t<\/rs-module>\n\t\t\t\t<script>\n\t\t\t\t\tsetREVStartSize({c: 'rev_slider_16_1',rl:[1240,1024,778,480],el:[650],gw:[1240],gh:[650],type:'hero',justify:'',layout:'fullwidth',mh:\"0\"});if (window.RS_MODULES!==undefined && window.RS_MODULES.modules!==undefined && window.RS_MODULES.modules[\"revslider161\"]!==undefined) {window.RS_MODULES.modules[\"revslider161\"].once = false;window.revapi16 = undefined;if (window.RS_MODULES.checkMinimal!==undefined) window.RS_MODULES.checkMinimal()}\n\t\t\t\t<\/script>\n\t\t\t<\/rs-module-wrap>\n\t\t\t<!-- END REVOLUTION SLIDER -->\n[vc_empty_space height=\u00bb10px\u00bb][vc_column_text]<\/p>\n<pre><span style=\"font-size: 24px; color: #000000;\"><strong><span style=\"font-family: arial, helvetica, sans-serif;\">Disclaimer<\/span><\/strong><\/span><\/pre>\n<hr>\n<h6><span style=\"color: #808080;\"><span style=\"font-family: arial, helvetica, sans-serif; font-size: 14px;\"><span style=\"color: #000000;\">Este sitio web es producido y mantenido por:<\/span> <\/span><\/span><\/h6>\n<h6><span style=\"color: #000000;\"><strong><span style=\"font-family: arial, helvetica, sans-serif; font-size: 14px;\">MediSonics AG<\/span><\/strong><\/span><br \/>\n<span style=\"font-family: arial, helvetica, sans-serif; font-size: 14px; color: #808080;\">Weststrasse 115<\/span><br \/>\n<span style=\"font-family: arial, helvetica, sans-serif; font-size: 14px; color: #808080;\">8408 Winterthur  <\/span><br \/>\n<span style=\"font-family: arial, helvetica, sans-serif; font-size: 14px; color: #808080;\">Suiza<br \/>\n<\/span><\/h6>\n<h6><span style=\"font-family: arial, helvetica, sans-serif; font-size: 14px;\"><strong>Felipe Messerli &#8211; Director General<br \/>\n<\/strong><\/span><\/h6>\n<table style=\"border-collapse: collapse; width: 100.062%; height: 10px;\">\n<tbody>\n<tr style=\"height: 81px;\">\n<td style=\"width: 17.6461%; height: 10px; border-style: hidden; text-align: left; vertical-align: top;\">\n<h6><span style=\"color: #808080;\"><span style=\"font-family: arial, helvetica, sans-serif; font-size: 14px;\">Tel\u00e9fono:<br \/>\n<\/span><span style=\"font-family: arial, helvetica, sans-serif; font-size: 14px;\">Fax:<br \/>\nM\u00f3vil:<br \/>\n<\/span><span style=\"font-family: arial, helvetica, sans-serif; font-size: 14px;\">Correo:<br \/>\n<\/span><\/span><\/h6>\n<h6><span style=\"color: #808080;\"><span style=\"font-family: arial, helvetica, sans-serif; font-size: 14px;\">Handelsregister-Nr:<br \/>\n<\/span><span style=\"font-family: arial, helvetica, sans-serif; font-size: 14px;\">UID No:<\/span><\/span><\/h6>\n<\/td>\n<td style=\"width: 82.454%; height: 10px; border-style: hidden; text-align: left; vertical-align: top;\">\n<h6> <span style=\"font-family: arial, helvetica, sans-serif; font-size: 14px; color: #808080;\">(+41) 52 544 54 56<\/span><br \/>\n<span style=\"font-family: arial, helvetica, sans-serif; font-size: 14px; color: #808080;\">  (+41) 52 544 54 58<\/span><br \/>\n<span style=\"font-family: arial, helvetica, sans-serif; font-size: 14px; color: #808080;\">  (+41) 78 404 71 18<\/span><br \/>\n<span style=\"font-family: arial, helvetica, sans-serif; font-size: 14px; color: #808080;\">  info@medisonics.com<\/span><\/h6>\n<h6><span style=\"font-family: arial, helvetica, sans-serif; font-size: 14px; color: #808080;\">CH-020.3.045.642-1<br \/>\n<\/span><span style=\"font-family: arial, helvetica, sans-serif; font-size: 14px; color: #808080;\">CHE-397.860.806<br \/>\n<\/span><\/h6>\n<\/td>\n<\/tr>\n<\/tbody>\n<\/table>\n<h6><span style=\"font-family: arial, helvetica, sans-serif; font-size: 14px; color: #808080;\">La compilaci\u00f3n del cat\u00e1logo en l\u00ednea se hizo cuidadosamente de acuerdo con los documentos disponibles. No obstante, no se puede asumir ninguna responsabilidad por los errores. Reservado el derecho a errores de imprenta, errores en las especificaciones t\u00e9cnicas y cambios t\u00e9cnicos: Editores t\u00e9cnicos de MediSonics.<\/span><\/h6>\n<h6><span style=\"font-family: arial, helvetica, sans-serif; font-size: 14px; color: #808080;\">Contenido protegido por derechos de autor. No aceptamos ninguna responsabilidad por las muestras enviadas. Todos los precios mencionados son precios finales, incluido el impuesto sobre el valor a\u00f1adido legal.<\/span><br \/>\n<span style=\"font-family: arial, helvetica, sans-serif; font-size: 14px; color: #808080;\">En el cat\u00e1logo principal de MediSonics y en la tienda online de MediSonics encontrar\u00e1 los precios de nuestra gama actual de productos. Por lo tanto, los precios que se desv\u00edan de otros cat\u00e1logos y publicaciones de MediSonics no son v\u00e1lidos. Descargo de responsabilidad: A pesar de controlar cuidadosamente los contenidos, no asumimos ninguna responsabilidad por los contenidos de los enlaces externos.<\/span><\/h6>\n<h6><span style=\"font-family: arial, helvetica, sans-serif; font-size: 14px; color: #808080;\">Todas las marcas comerciales, nombres de productos, im\u00e1genes y etiquetas publicadas son propiedad de sus respectivos due\u00f1os.<\/span><\/h6>\n<h6><span style=\"font-family: arial, helvetica, sans-serif; font-size: 14px; color: #808080;\">Los operadores de las p\u00e1ginas enlazadas son los \u00fanicos responsables de su contenido. Otras publicaciones s\u00f3lo con autorizaci\u00f3n escrita de MediSonics AG, Suiza<\/span><\/h6>\n<p>[\/vc_column_text][\/vc_column][\/vc_row][vc_row equal_height=\u00bbyes\u00bb][vc_column width=\u00bb1\/4&#8243;]\n\t\t\t<!-- START Made Swiss REVOLUTION SLIDER 6.6.20 --><p class=\"rs-p-wp-fix\"><\/p>\n\t\t\t<rs-module-wrap id=\"rev_slider_29_2_wrapper\" data-source=\"gallery\" style=\"visibility:hidden;background:transparent;padding:0;margin:0px auto;margin-top:0;margin-bottom:0;\">\n\t\t\t\t<rs-module id=\"rev_slider_29_2\" style=\"\" data-version=\"6.6.20\">\n\t\t\t\t\t<rs-slides style=\"overflow: hidden; position: absolute;\">\n\t\t\t\t\t\t<rs-slide style=\"position: absolute;\" data-key=\"rs-60\" data-title=\"BBUS\" data-anim=\"adpr:false;ms:10;\" data-in=\"o:1;\" data-out=\"a:false;\">\n\t\t\t\t\t\t\t<img decoding=\"async\" src=\"\/\/medisonics.com\/wp-content\/plugins\/revslider\/public\/assets\/assets\/dummy.png\" alt=\"BBUS\" class=\"rev-slidebg tp-rs-img rs-lazyload\" data-lazyload=\"\/\/medisonics.com\/wp-content\/plugins\/revslider\/public\/assets\/assets\/transparent.png\" data-bg=\"f:60% 100%;\" data-no-retina>\n<!--\n\t\t\t\t\t\t\t--><rs-layer\n\t\t\t\t\t\t\t\tid=\"slider-29-slide-60-layer-1\" \n\t\t\t\t\t\t\t\tdata-type=\"image\"\n\t\t\t\t\t\t\t\tdata-rsp_ch=\"on\"\n\t\t\t\t\t\t\t\tdata-xy=\"x:c;y:c;\"\n\t\t\t\t\t\t\t\tdata-text=\"w:normal;\"\n\t\t\t\t\t\t\t\tdata-dim=\"w:100px;h:73px;\"\n\t\t\t\t\t\t\t\tdata-frame_1=\"sp:50;\"\n\t\t\t\t\t\t\t\tdata-frame_999=\"o:0;st:w;sR:8950;\"\n\t\t\t\t\t\t\t\tstyle=\"z-index:8;\"\n\t\t\t\t\t\t\t><img decoding=\"async\" src=\"\/\/medisonics.com\/wp-content\/plugins\/revslider\/public\/assets\/assets\/dummy.png\" alt=\"\" class=\"tp-rs-img rs-lazyload\" width=\"1680\" height=\"1233\" data-lazyload=\"\/\/medisonics.com\/wp-content\/uploads\/2022\/05\/106_01-Made-Swiss.png\" data-no-retina> \n\t\t\t\t\t\t\t<\/rs-layer><!--\n-->\t\t\t\t\t\t<\/rs-slide>\n\t\t\t\t\t<\/rs-slides>\n\t\t\t\t<\/rs-module>\n\t\t\t\t<script>\n\t\t\t\t\tsetREVStartSize({c: 'rev_slider_29_2',rl:[1240,1024,778,480],el:[200],gw:[200],gh:[200],type:'standard',justify:'',layout:'fullwidth',mh:\"0\"});if (window.RS_MODULES!==undefined && window.RS_MODULES.modules!==undefined && window.RS_MODULES.modules[\"revslider292\"]!==undefined) {window.RS_MODULES.modules[\"revslider292\"].once = false;window.revapi29 = undefined;if (window.RS_MODULES.checkMinimal!==undefined) window.RS_MODULES.checkMinimal()}\n\t\t\t\t<\/script>\n\t\t\t<\/rs-module-wrap>\n\t\t\t<!-- END REVOLUTION SLIDER -->\n[\/vc_column][vc_column width=\u00bb1\/4&#8243;]\n\t\t\t<!-- START Patent REVOLUTION SLIDER 6.6.20 --><p class=\"rs-p-wp-fix\"><\/p>\n\t\t\t<rs-module-wrap id=\"rev_slider_32_3_wrapper\" data-source=\"gallery\" style=\"visibility:hidden;background:transparent;padding:0;margin:0px auto;margin-top:0;margin-bottom:0;\">\n\t\t\t\t<rs-module id=\"rev_slider_32_3\" style=\"\" data-version=\"6.6.20\">\n\t\t\t\t\t<rs-slides style=\"overflow: hidden; position: absolute;\">\n\t\t\t\t\t\t<rs-slide style=\"position: absolute;\" data-key=\"rs-63\" data-title=\"BBUS\" data-anim=\"adpr:false;ms:10;\" data-in=\"o:1;\" data-out=\"a:false;\">\n\t\t\t\t\t\t\t<img decoding=\"async\" src=\"\/\/medisonics.com\/wp-content\/plugins\/revslider\/public\/assets\/assets\/dummy.png\" alt=\"BBUS\" class=\"rev-slidebg tp-rs-img rs-lazyload\" data-lazyload=\"\/\/medisonics.com\/wp-content\/plugins\/revslider\/public\/assets\/assets\/transparent.png\" data-bg=\"f:60% 100%;\" data-no-retina>\n<!--\n\t\t\t\t\t\t\t--><rs-layer\n\t\t\t\t\t\t\t\tid=\"slider-32-slide-63-layer-1\" \n\t\t\t\t\t\t\t\tdata-type=\"image\"\n\t\t\t\t\t\t\t\tdata-rsp_ch=\"on\"\n\t\t\t\t\t\t\t\tdata-xy=\"x:c;y:c;\"\n\t\t\t\t\t\t\t\tdata-text=\"w:normal;\"\n\t\t\t\t\t\t\t\tdata-dim=\"w:100px;h:74px;\"\n\t\t\t\t\t\t\t\tdata-frame_1=\"sp:50;\"\n\t\t\t\t\t\t\t\tdata-frame_999=\"o:0;st:w;sR:8950;\"\n\t\t\t\t\t\t\t\tstyle=\"z-index:8;\"\n\t\t\t\t\t\t\t><img decoding=\"async\" src=\"\/\/medisonics.com\/wp-content\/plugins\/revslider\/public\/assets\/assets\/dummy.png\" alt=\"\" class=\"tp-rs-img rs-lazyload\" width=\"2362\" height=\"1744\" data-lazyload=\"\/\/medisonics.com\/wp-content\/uploads\/2022\/05\/106-02-Patented.png\" data-no-retina> \n\t\t\t\t\t\t\t<\/rs-layer><!--\n-->\t\t\t\t\t\t<\/rs-slide>\n\t\t\t\t\t<\/rs-slides>\n\t\t\t\t<\/rs-module>\n\t\t\t\t<script>\n\t\t\t\t\tsetREVStartSize({c: 'rev_slider_32_3',rl:[1240,1024,778,480],el:[200],gw:[200],gh:[200],type:'standard',justify:'',layout:'fullwidth',mh:\"0\"});if (window.RS_MODULES!==undefined && window.RS_MODULES.modules!==undefined && window.RS_MODULES.modules[\"revslider323\"]!==undefined) {window.RS_MODULES.modules[\"revslider323\"].once = false;window.revapi32 = undefined;if (window.RS_MODULES.checkMinimal!==undefined) window.RS_MODULES.checkMinimal()}\n\t\t\t\t<\/script>\n\t\t\t<\/rs-module-wrap>\n\t\t\t<!-- END REVOLUTION SLIDER -->\n[\/vc_column][vc_column width=\u00bb1\/4&#8243;]\n\t\t\t<!-- START PCT REVOLUTION SLIDER 6.6.20 --><p class=\"rs-p-wp-fix\"><\/p>\n\t\t\t<rs-module-wrap id=\"rev_slider_33_4_wrapper\" data-source=\"gallery\" style=\"visibility:hidden;background:transparent;padding:0;margin:0px auto;margin-top:0;margin-bottom:0;\">\n\t\t\t\t<rs-module id=\"rev_slider_33_4\" style=\"\" data-version=\"6.6.20\">\n\t\t\t\t\t<rs-slides style=\"overflow: hidden; position: absolute;\">\n\t\t\t\t\t\t<rs-slide style=\"position: absolute;\" data-key=\"rs-64\" data-title=\"BBUS\" data-anim=\"adpr:false;ms:10;\" data-in=\"o:1;\" data-out=\"a:false;\">\n\t\t\t\t\t\t\t<img decoding=\"async\" src=\"\/\/medisonics.com\/wp-content\/plugins\/revslider\/public\/assets\/assets\/dummy.png\" alt=\"BBUS\" class=\"rev-slidebg tp-rs-img rs-lazyload\" data-lazyload=\"\/\/medisonics.com\/wp-content\/plugins\/revslider\/public\/assets\/assets\/transparent.png\" data-bg=\"f:60% 100%;\" data-no-retina>\n<!--\n\t\t\t\t\t\t\t--><rs-layer\n\t\t\t\t\t\t\t\tid=\"slider-33-slide-64-layer-1\" \n\t\t\t\t\t\t\t\tdata-type=\"image\"\n\t\t\t\t\t\t\t\tdata-rsp_ch=\"on\"\n\t\t\t\t\t\t\t\tdata-xy=\"x:c;y:c;\"\n\t\t\t\t\t\t\t\tdata-text=\"w:normal;\"\n\t\t\t\t\t\t\t\tdata-dim=\"w:120px;h:65px;\"\n\t\t\t\t\t\t\t\tdata-frame_1=\"sp:50;\"\n\t\t\t\t\t\t\t\tdata-frame_999=\"o:0;st:w;sR:8950;\"\n\t\t\t\t\t\t\t\tstyle=\"z-index:5;\"\n\t\t\t\t\t\t\t><img decoding=\"async\" src=\"\/\/medisonics.com\/wp-content\/plugins\/revslider\/public\/assets\/assets\/dummy.png\" alt=\"\" class=\"tp-rs-img rs-lazyload\" width=\"691\" height=\"361\" data-lazyload=\"\/\/medisonics.com\/wp-content\/uploads\/2022\/05\/106_03_-_PCT_International.png\" data-no-retina> \n\t\t\t\t\t\t\t<\/rs-layer><!--\n-->\t\t\t\t\t\t<\/rs-slide>\n\t\t\t\t\t<\/rs-slides>\n\t\t\t\t<\/rs-module>\n\t\t\t\t<script>\n\t\t\t\t\tsetREVStartSize({c: 'rev_slider_33_4',rl:[1240,1024,778,480],el:[200],gw:[200],gh:[200],type:'standard',justify:'',layout:'fullwidth',mh:\"0\"});if (window.RS_MODULES!==undefined && window.RS_MODULES.modules!==undefined && window.RS_MODULES.modules[\"revslider334\"]!==undefined) {window.RS_MODULES.modules[\"revslider334\"].once = false;window.revapi33 = undefined;if (window.RS_MODULES.checkMinimal!==undefined) window.RS_MODULES.checkMinimal()}\n\t\t\t\t<\/script>\n\t\t\t<\/rs-module-wrap>\n\t\t\t<!-- END REVOLUTION SLIDER -->\n[\/vc_column][vc_column width=\u00bb1\/4&#8243;]\n\t\t\t<!-- START BBUS REVOLUTION SLIDER 6.6.20 --><p class=\"rs-p-wp-fix\"><\/p>\n\t\t\t<rs-module-wrap id=\"rev_slider_34_5_wrapper\" data-source=\"gallery\" style=\"visibility:hidden;background:transparent;padding:0;margin:0px auto;margin-top:0;margin-bottom:0;\">\n\t\t\t\t<rs-module id=\"rev_slider_34_5\" style=\"\" data-version=\"6.6.20\">\n\t\t\t\t\t<rs-slides style=\"overflow: hidden; position: absolute;\">\n\t\t\t\t\t\t<rs-slide style=\"position: absolute;\" data-key=\"rs-65\" data-title=\"BBUS\" data-anim=\"adpr:false;ms:10;\" data-in=\"o:1;\" data-out=\"a:false;\">\n\t\t\t\t\t\t\t<img decoding=\"async\" src=\"\/\/medisonics.com\/wp-content\/plugins\/revslider\/public\/assets\/assets\/dummy.png\" alt=\"BBUS\" class=\"rev-slidebg tp-rs-img rs-lazyload\" data-lazyload=\"\/\/medisonics.com\/wp-content\/plugins\/revslider\/public\/assets\/assets\/transparent.png\" data-bg=\"f:60% 100%;\" data-no-retina>\n<!--\n\t\t\t\t\t\t\t--><rs-layer\n\t\t\t\t\t\t\t\tid=\"slider-34-slide-65-layer-1\" \n\t\t\t\t\t\t\t\tdata-type=\"image\"\n\t\t\t\t\t\t\t\tdata-rsp_ch=\"on\"\n\t\t\t\t\t\t\t\tdata-xy=\"x:c;y:c;\"\n\t\t\t\t\t\t\t\tdata-text=\"w:normal;\"\n\t\t\t\t\t\t\t\tdata-dim=\"w:150px;h:56px;\"\n\t\t\t\t\t\t\t\tdata-frame_1=\"sp:50;\"\n\t\t\t\t\t\t\t\tdata-frame_999=\"o:0;st:w;sR:8950;\"\n\t\t\t\t\t\t\t\tstyle=\"z-index:5;\"\n\t\t\t\t\t\t\t><img decoding=\"async\" src=\"\/\/medisonics.com\/wp-content\/plugins\/revslider\/public\/assets\/assets\/dummy.png\" alt=\"\" class=\"tp-rs-img rs-lazyload\" width=\"464\" height=\"173\" data-lazyload=\"\/\/medisonics.com\/wp-content\/uploads\/2022\/05\/106_04-BBUS-Ultrasonics.jpg\" data-no-retina> \n\t\t\t\t\t\t\t<\/rs-layer><!--\n-->\t\t\t\t\t\t<\/rs-slide>\n\t\t\t\t\t<\/rs-slides>\n\t\t\t\t<\/rs-module>\n\t\t\t\t<script>\n\t\t\t\t\tsetREVStartSize({c: 'rev_slider_34_5',rl:[1240,1024,778,480],el:[200],gw:[200],gh:[200],type:'standard',justify:'',layout:'fullwidth',mh:\"0\"});if (window.RS_MODULES!==undefined && window.RS_MODULES.modules!==undefined && window.RS_MODULES.modules[\"revslider345\"]!==undefined) {window.RS_MODULES.modules[\"revslider345\"].once = false;window.revapi34 = undefined;if (window.RS_MODULES.checkMinimal!==undefined) window.RS_MODULES.checkMinimal()}\n\t\t\t\t<\/script>\n\t\t\t<\/rs-module-wrap>\n\t\t\t<!-- END REVOLUTION SLIDER -->\n[\/vc_column][\/vc_row]<\/p>\n","protected":false},"excerpt":{"rendered":"<p>[vc_row][vc_column][vc_empty_space height=\u00bb10px\u00bb][vc_column_text] Disclaimer Este sitio web es producido y mantenido por: MediSonics AG Weststrasse 115 8408 Winterthur Suiza Felipe Messerli &#8211; Director General Tel\u00e9fono: Fax: M\u00f3vil: Correo: Handelsregister-Nr: UID No: (+41) 52 544 54 56 (+41) 52 544 54 58 (+41) 78 404 71 18 info@medisonics.com CH-020.3.045.642-1 CHE-397.860.806 La compilaci\u00f3n del cat\u00e1logo en l\u00ednea se [&hellip;]<\/p>\n","protected":false},"author":1,"featured_media":0,"parent":0,"menu_order":0,"comment_status":"closed","ping_status":"closed","template":"","meta":{"_monsterinsights_skip_tracking":false,"_monsterinsights_sitenote_active":false,"_monsterinsights_sitenote_note":"","_monsterinsights_sitenote_category":0,"footnotes":""},"jetpack_sharing_enabled":true,"_links":{"self":[{"href":"https:\/\/medisonics.com\/es\/wp-json\/wp\/v2\/pages\/5566"}],"collection":[{"href":"https:\/\/medisonics.com\/es\/wp-json\/wp\/v2\/pages"}],"about":[{"href":"https:\/\/medisonics.com\/es\/wp-json\/wp\/v2\/types\/page"}],"author":[{"embeddable":true,"href":"https:\/\/medisonics.com\/es\/wp-json\/wp\/v2\/users\/1"}],"replies":[{"embeddable":true,"href":"https:\/\/medisonics.com\/es\/wp-json\/wp\/v2\/comments?post=5566"}],"version-history":[{"count":3,"href":"https:\/\/medisonics.com\/es\/wp-json\/wp\/v2\/pages\/5566\/revisions"}],"predecessor-version":[{"id":7096,"href":"https:\/\/medisonics.com\/es\/wp-json\/wp\/v2\/pages\/5566\/revisions\/7096"}],"wp:attachment":[{"href":"https:\/\/medisonics.com\/es\/wp-json\/wp\/v2\/media?parent=5566"}],"curies":[{"name":"wp","href":"https:\/\/api.w.org\/{rel}","templated":true}]}}