{"id":5590,"date":"2022-05-17T11:10:21","date_gmt":"2022-05-17T11:10:21","guid":{"rendered":"https:\/\/www.medisonics.com\/201_ultraschall_prinzip\/"},"modified":"2022-07-30T09:15:13","modified_gmt":"2022-07-30T09:15:13","slug":"201_ultraschall_prinzip","status":"publish","type":"page","link":"https:\/\/medisonics.com\/es\/201_ultraschall_prinzip\/","title":{"rendered":"201_Ultraschall_Prinzip"},"content":{"rendered":"<p>[vc_row full_height=\u00bbyes\u00bb columns_placement=\u00bbtop\u00bb][vc_column]\n\t\t\t<!-- START Home 200_1 REVOLUTION SLIDER 6.6.20 --><p class=\"rs-p-wp-fix\"><\/p>\n\t\t\t<rs-module-wrap id=\"rev_slider_17_1_wrapper\" data-source=\"gallery\" style=\"visibility:hidden;background:transparent;padding:0;margin:0px auto;margin-top:0;margin-bottom:0;\">\n\t\t\t\t<rs-module id=\"rev_slider_17_1\" style=\"\" data-version=\"6.6.20\">\n\t\t\t\t\t<rs-slides style=\"overflow: hidden; position: absolute;\">\n\t\t\t\t\t\t<rs-slide style=\"position: absolute;\" data-key=\"rs-43\" data-title=\"Slide\" data-anim=\"adpr:false;ms:50;\" data-in=\"o:0;\" data-out=\"a:false;\">\n\t\t\t\t\t\t\t<img decoding=\"async\" src=\"\/\/medisonics.com\/wp-content\/plugins\/revslider\/public\/assets\/assets\/dummy.png\" alt=\"Slide\" class=\"rev-slidebg tp-rs-img rs-lazyload\" data-lazyload=\"\/\/medisonics.com\/wp-content\/plugins\/revslider\/public\/assets\/assets\/transparent.png\" data-no-retina>\n<!--\n\t\t\t\t\t\t\t--><rs-layer\n\t\t\t\t\t\t\t\tid=\"slider-17-slide-43-layer-0\" \n\t\t\t\t\t\t\t\tclass=\"rs-nolc rs-layer-video intrinsic-ignore\"\n\t\t\t\t\t\t\t\tdata-type=\"video\"\n\t\t\t\t\t\t\t\tdata-rsp_ch=\"on\"\n\t\t\t\t\t\t\t\tdata-text=\"w:normal;\"\n\t\t\t\t\t\t\t\tdata-dim=\"w:100%;h:100%;\"\n\t\t\t\t\t\t\t\tdata-basealign=\"slide\"\n\t\t\t\t\t\t\t\tdata-video=\"vfc:true;vd:100;l:false;ptimer:false;vc:t;\"\n\t\t\t\t\t\t\t\tdata-poster=\"\/\/medisonics.com\/wp-content\/uploads\/revslider\/video-media\/200_01_43_layer1.jpeg\"\n\t\t\t\t\t\t\t\tdata-mp4=\"\/\/medisonics.com\/wp-content\/uploads\/2022\/05\/200_01.mp4\"\n\t\t\t\t\t\t\t\tdata-frame_999=\"o:0;st:w;\"\n\t\t\t\t\t\t\t\tstyle=\"z-index:8;\"\n\t\t\t\t\t\t\t>\n\t\t\t\t\t\t\t<\/rs-layer><!--\n-->\t\t\t\t\t\t<\/rs-slide>\n\t\t\t\t\t<\/rs-slides>\n\t\t\t\t<\/rs-module>\n\t\t\t\t<script>\n\t\t\t\t\tsetREVStartSize({c: 'rev_slider_17_1',rl:[1240,1024,778,480],el:[650],gw:[1240],gh:[650],type:'hero',justify:'',layout:'fullwidth',mh:\"0\"});if (window.RS_MODULES!==undefined && window.RS_MODULES.modules!==undefined && window.RS_MODULES.modules[\"revslider171\"]!==undefined) {window.RS_MODULES.modules[\"revslider171\"].once = false;window.revapi17 = undefined;if (window.RS_MODULES.checkMinimal!==undefined) window.RS_MODULES.checkMinimal()}\n\t\t\t\t<\/script>\n\t\t\t<\/rs-module-wrap>\n\t\t\t<!-- END REVOLUTION SLIDER -->\n[vc_empty_space height=\u00bb10px\u00bb][vc_column_text]<\/p>\n<h6><span style=\"font-family: arial, helvetica, sans-serif; font-size: 24px; color: #000000;\"><strong>Principio de los ultrasonidos<\/strong><\/span><\/h6>\n<hr \/>\n<p><span style=\"font-size: 20px;\"><strong><span style=\"font-family: arial, helvetica, sans-serif; color: #000000;\">Tecnolog\u00eda<\/span><\/strong><\/span><br \/>\n<span style=\"font-family: arial, helvetica, sans-serif; font-size: 14px; color: #808080;\">Los sistemas de transductores piezocer\u00e1micos se utilizan para generar las vibraciones ultras\u00f3nicas. \u00c9stas est\u00e1n unidas al tanque oscilante y contienen un disco piezocer\u00e1mico que se expande o contrae cuando se aplica un voltaje. Para generar los ultrasonidos, se utiliza un generador de alta frecuencia que convierte la frecuencia de la red el\u00e9ctrica de 50 Hz a un m\u00ednimo de 20 kHz. La frecuencia de resonancia de un sistema de vibraci\u00f3n por ultrasonidos est\u00e1 definida por el montaje y no puede modificarse despu\u00e9s de la fabricaci\u00f3n.<\/span><\/p>\n<p><strong><span style=\"font-size: 16px;\"><span style=\"font-family: arial, helvetica, sans-serif; color: #000000;\"><span style=\"font-size: 20px;\">Frecuencias<\/span><br \/>\n<\/span><\/span><\/strong> <span style=\"font-family: arial, helvetica, sans-serif; font-size: 14px; color: #808080;\">Se suelen utilizar frecuencias de 20 kHz a 400 kHz. Las frecuencias bajas, en torno a los 20 kHz, producen burbujas de mayor di\u00e1metro con una penetraci\u00f3n m\u00e1s potente, mientras que las frecuencias m\u00e1s altas, a partir de los 35 kHz, son m\u00e1s adecuadas para la limpieza intensiva y suave de las superficies. La frecuencia com\u00fan actual para part\u00edculas con un di\u00e1metro superior a 1 \u00b5m es de unos 200 kHz. La gama de frecuencias por encima de 400 kHz hasta 1,2 MHz tambi\u00e9n se denomina megas\u00f3nica en la literatura t\u00e9cnica. Aqu\u00ed, las part\u00edculas con un di\u00e1metro inferior a 1 \u00b5m se desprenden de forma \u00f3ptima. La frecuencia requerida est\u00e1 determinada por la abertura o estructura m\u00e1s peque\u00f1a que puede ser limpiada por el sonido.<\/span><\/p>\n<p><strong><span style=\"font-size: 16px;\"><span style=\"font-family: arial, helvetica, sans-serif; color: #808080;\"><span style=\"color: #000000;\"><span style=\"font-size: 20px;\">Aplicaci\u00f3n<\/span><br \/>\n<\/span> <\/span><\/span><\/strong> <span style=\"font-family: arial, helvetica, sans-serif; font-size: 14px; color: #808080;\">El uso de disolventes, \u00e1cidos o \u00e1lcalis favorece considerablemente el efecto de limpieza de los ba\u00f1os ultras\u00f3nicos. En particular, la tensi\u00f3n superficial del agua debe reducirse con un preparado de limpieza adecuado para que la limpieza por ultrasonidos sea eficaz. No se utilizan l\u00edquidos inflamables como agentes de limpieza, ya que los ultrasonidos siempre provocan la introducci\u00f3n de calor en el l\u00edquido, lo que podr\u00eda provocar la ignici\u00f3n del l\u00edquido del ba\u00f1o si se supera la temperatura de ignici\u00f3n. Los ba\u00f1os de ultrasonidos tambi\u00e9n se utilizan en la preparaci\u00f3n de muestras para escindir, es decir, fragmentar, las sustancias biol\u00f3gicas en el laboratorio de an\u00e1lisis. Los ba\u00f1os de ultrasonidos se utilizan para la disrupci\u00f3n celular o para cizallar el ADN.<\/span><\/p>\n<p><span style=\"font-size: 20px;\"><strong><span style=\"font-family: arial, helvetica, sans-serif; color: #000000;\">Equipos de ultrasonidos<\/span><\/strong><\/span><br \/>\n<span style=\"font-family: arial, helvetica, sans-serif; font-size: 14px; color: #808080;\">Los equipos de limpieza por ultrasonidos suelen utilizarse para limpiar componentes peque\u00f1os, complejos y de estructura fina. Por ejemplo, joyeros, orfebres, prot\u00e9sicos dentales, relojeros y \u00f3pticos utilizan ba\u00f1os de limpieza por ultrasonidos para limpiar sus productos. En la industria m\u00e9dica, los ba\u00f1os de ultrasonidos de alto rendimiento se utilizan para el reprocesamiento de instrumentos quir\u00fargicos. Los residuos de sangre y tejidos pueden disolverse eficazmente de las juntas de los instrumentos. Adem\u00e1s, los ultrasonidos reducen el tiempo de exposici\u00f3n necesario para los desinfectantes. En la industria del autom\u00f3vil, los ba\u00f1os de ultrasonidos se utilizan para limpiar carburadores, buj\u00edas y boquillas de inyecci\u00f3n. Los sistemas industriales de limpieza por ultrasonidos de mayor tama\u00f1o se utilizan para la limpieza de piezas en bruto, por ejemplo, para el acabado de superficies (galvanoplastia).<\/span><\/p>\n<p><strong><span style=\"font-family: arial, helvetica, sans-serif; font-size: 16px;\"><span style=\"color: #000000;\"><span style=\"font-size: 20px;\">Estructura<\/span><br \/>\n<\/span><\/span><\/strong> <span style=\"font-family: arial, helvetica, sans-serif; font-size: 14px; color: #808080;\">El sistema consiste en un tanque lleno de l\u00edquido, posiblemente calentable, uno o m\u00e1s transductores ultras\u00f3nicos u osciladores ultras\u00f3nicos y un generador que suministra al transductor o transductores energ\u00eda el\u00e9ctrica de alta frecuencia. Los transductores de sonido se pueden pegar tanto directamente en el exterior de las paredes como bajo el fondo del tanque. Con este dise\u00f1o, el ultrasonido se introduce directamente en el l\u00edquido a trav\u00e9s de las paredes y\/o el suelo. Otra variante es el llamado transductor sumergible, que se suspende en el l\u00edquido o se fija en bastidores en el tanque. Por \u00faltimo, hay transductores de placa que est\u00e1n embridados a una abertura correspondiente en la pared del tanque. Los dispositivos suelen ser de acero inoxidable. La disposici\u00f3n y distribuci\u00f3n de los transductores de sonido debe ser tal que se cree un campo sonoro uniformemente fuerte y no est\u00e1tico. En algunos casos, la frecuencia se modula para evitar las ondas estacionarias. Tampoco es infrecuente una funci\u00f3n de desgasificaci\u00f3n del l\u00edquido limpiador. Aqu\u00ed, la potencia de salida del dispositivo es pulsada para permitir que cualquier burbuja de gas suba a la superficie. El trasfondo de esto es la escasa formaci\u00f3n de burbujas de cavitaci\u00f3n en presencia de burbujas de gas, ya que \u00e9stas absorber\u00edan la potencia. La potencia ac\u00fastica m\u00ednima necesaria para un buen resultado de limpieza es de unos 10-20 vatios por litro de l\u00edquido limpiador.<\/span> <span style=\"font-family: arial, helvetica, sans-serif; font-size: 14px; color: #808080;\">Los generadores de sonido requieren una distancia m\u00ednima de 1 a 2 cm para formar un campo sonoro homog\u00e9neo. El contacto de las personas con un ba\u00f1o ultras\u00f3nico activo provoca un ataque a la estructura celular y debe evitarse.<\/span>[\/vc_column_text][\/vc_column][\/vc_row]<\/p>\n","protected":false},"excerpt":{"rendered":"<p>[vc_row full_height=\u00bbyes\u00bb columns_placement=\u00bbtop\u00bb][vc_column][vc_empty_space height=\u00bb10px\u00bb][vc_column_text] Principio de los ultrasonidos Tecnolog\u00eda Los sistemas de transductores piezocer\u00e1micos se utilizan para generar las vibraciones ultras\u00f3nicas. \u00c9stas est\u00e1n unidas al tanque oscilante y contienen un disco piezocer\u00e1mico que se expande o contrae cuando se aplica un voltaje. Para generar los ultrasonidos, se utiliza un generador de alta frecuencia que convierte [&hellip;]<\/p>\n","protected":false},"author":1,"featured_media":0,"parent":0,"menu_order":0,"comment_status":"closed","ping_status":"closed","template":"","meta":{"_monsterinsights_skip_tracking":false,"_monsterinsights_sitenote_active":false,"_monsterinsights_sitenote_note":"","_monsterinsights_sitenote_category":0,"footnotes":""},"jetpack_sharing_enabled":true,"_links":{"self":[{"href":"https:\/\/medisonics.com\/es\/wp-json\/wp\/v2\/pages\/5590"}],"collection":[{"href":"https:\/\/medisonics.com\/es\/wp-json\/wp\/v2\/pages"}],"about":[{"href":"https:\/\/medisonics.com\/es\/wp-json\/wp\/v2\/types\/page"}],"author":[{"embeddable":true,"href":"https:\/\/medisonics.com\/es\/wp-json\/wp\/v2\/users\/1"}],"replies":[{"embeddable":true,"href":"https:\/\/medisonics.com\/es\/wp-json\/wp\/v2\/comments?post=5590"}],"version-history":[{"count":13,"href":"https:\/\/medisonics.com\/es\/wp-json\/wp\/v2\/pages\/5590\/revisions"}],"predecessor-version":[{"id":7543,"href":"https:\/\/medisonics.com\/es\/wp-json\/wp\/v2\/pages\/5590\/revisions\/7543"}],"wp:attachment":[{"href":"https:\/\/medisonics.com\/es\/wp-json\/wp\/v2\/media?parent=5590"}],"curies":[{"name":"wp","href":"https:\/\/api.w.org\/{rel}","templated":true}]}}