{"id":5621,"date":"2022-05-17T11:21:56","date_gmt":"2022-05-17T11:21:56","guid":{"rendered":"https:\/\/www.medisonics.com\/202_ultraschall_kavitation\/"},"modified":"2022-07-28T08:25:29","modified_gmt":"2022-07-28T08:25:29","slug":"202_ultraschall_kavitation","status":"publish","type":"page","link":"https:\/\/medisonics.com\/es\/202_ultraschall_kavitation\/","title":{"rendered":"202_Ultraschall_Kavitation"},"content":{"rendered":"<p>[vc_row][vc_column]\n\t\t\t<!-- START Home 200_2 REVOLUTION SLIDER 6.6.20 --><p class=\"rs-p-wp-fix\"><\/p>\n\t\t\t<rs-module-wrap id=\"rev_slider_18_1_wrapper\" data-source=\"gallery\" style=\"visibility:hidden;background:transparent;padding:0;margin:0px auto;margin-top:0;margin-bottom:0;\">\n\t\t\t\t<rs-module id=\"rev_slider_18_1\" style=\"\" data-version=\"6.6.20\">\n\t\t\t\t\t<rs-slides style=\"overflow: hidden; position: absolute;\">\n\t\t\t\t\t\t<rs-slide style=\"position: absolute;\" data-key=\"rs-44\" data-title=\"Slide\" data-anim=\"adpr:false;ms:50;\" data-in=\"o:0;\" data-out=\"a:false;\">\n\t\t\t\t\t\t\t<img decoding=\"async\" src=\"\/\/medisonics.com\/wp-content\/plugins\/revslider\/public\/assets\/assets\/dummy.png\" alt=\"Slide\" class=\"rev-slidebg tp-rs-img rs-lazyload\" data-lazyload=\"\/\/medisonics.com\/wp-content\/plugins\/revslider\/public\/assets\/assets\/transparent.png\" data-no-retina>\n<!--\n\t\t\t\t\t\t\t--><rs-layer\n\t\t\t\t\t\t\t\tid=\"slider-18-slide-44-layer-0\" \n\t\t\t\t\t\t\t\tclass=\"rs-fsv rs-nolc rs-layer-video intrinsic-ignore\"\n\t\t\t\t\t\t\t\tdata-type=\"video\"\n\t\t\t\t\t\t\t\tdata-rsp_ch=\"on\"\n\t\t\t\t\t\t\t\tdata-xy=\"x:0;y:0;\"\n\t\t\t\t\t\t\t\tdata-text=\"w:normal;\"\n\t\t\t\t\t\t\t\tdata-dim=\"w:100%;h:100%;\"\n\t\t\t\t\t\t\t\tdata-basealign=\"slide\"\n\t\t\t\t\t\t\t\tdata-layeronlimit=\"on\"\n\t\t\t\t\t\t\t\tdata-video=\"vfc:true;twa:false;vd:100;rwd:f;fc:true;ar:4:3;l:true;ptimer:false;nse:f;sav:f;afs:f;vc:t;inl:f;\"\n\t\t\t\t\t\t\t\tdata-poster=\"\/\/medisonics.com\/wp-content\/uploads\/revslider\/video-media\/202_2_44_layer1.jpeg\"\n\t\t\t\t\t\t\t\tdata-mp4=\"\/\/medisonics.com\/wp-content\/uploads\/2022\/05\/202_2.mp4\"\n\t\t\t\t\t\t\t\tdata-frame_1=\"sp:50;\"\n\t\t\t\t\t\t\t\tdata-frame_999=\"o:0;st:w;sR:8950;\"\n\t\t\t\t\t\t\t\tstyle=\"z-index:8;\"\n\t\t\t\t\t\t\t>\n\t\t\t\t\t\t\t<\/rs-layer><!--\n-->\t\t\t\t\t\t<\/rs-slide>\n\t\t\t\t\t<\/rs-slides>\n\t\t\t\t<\/rs-module>\n\t\t\t\t<script>\n\t\t\t\t\tsetREVStartSize({c: 'rev_slider_18_1',rl:[1240,1024,778,480],el:[650],gw:[1240],gh:[650],type:'hero',justify:'',layout:'fullwidth',mh:\"0\"});if (window.RS_MODULES!==undefined && window.RS_MODULES.modules!==undefined && window.RS_MODULES.modules[\"revslider181\"]!==undefined) {window.RS_MODULES.modules[\"revslider181\"].once = false;window.revapi18 = undefined;if (window.RS_MODULES.checkMinimal!==undefined) window.RS_MODULES.checkMinimal()}\n\t\t\t\t<\/script>\n\t\t\t<\/rs-module-wrap>\n\t\t\t<!-- END REVOLUTION SLIDER -->\n[vc_empty_space height=\u00bb10px\u00bb][vc_empty_space height=\u00bb10px\u00bb][vc_column_text]<\/p>\n<h6><span style=\"color: #000000; font-size: 24px;\"><strong><span style=\"font-family: arial, helvetica, sans-serif;\">Cavitaci\u00f3n<\/span><\/strong><\/span><\/h6>\n<hr>\n<h6><span style=\"font-family: arial, helvetica, sans-serif; font-size: 14px; color: #808080;\">Un fen\u00f3meno natural a 5000\u00b0C y 500 bar de presi\u00f3n.<\/span><\/h6>\n<h6><span style=\"font-family: arial, helvetica, sans-serif; font-size: 14px; color: #808080;\">La limpieza por ultrasonidos es el m\u00e9todo de limpieza m\u00e1s moderno en la actualidad. Las ventajas especiales son la m\u00e1xima limpieza de las piezas a limpiar en el menor tiempo posible, sin trabajo manual adicional y sin da\u00f1ar el material de limpieza.<\/span><\/h6>\n<h6><span style=\"font-family: arial, helvetica, sans-serif; font-size: 14px; color: #808080;\">El efecto de limpieza a fondo de los sistemas ultras\u00f3nicos de MediSonics no se puede conseguir con los m\u00e9todos convencionales. Incluso la suciedad m\u00e1s resistente de los orificios y las cavidades se elimina en segundos durante el tratamiento con ultrasonidos El principio activo de la limpieza por ultrasonidos es la cavitaci\u00f3n. La cavitaci\u00f3n es la formaci\u00f3n y disoluci\u00f3n de cavidades en los l\u00edquidos debido a las fluctuaciones de presi\u00f3n.<\/span><\/h6>\n<h6><span style=\"font-family: arial, helvetica, sans-serif; font-size: 14px; color: #808080;\">La cavitaci\u00f3n suave no es deseable en la limpieza por ultrasonidos, por lo que a menudo se desgasifica el l\u00edquido con un programa especial de desgasificaci\u00f3n del sistema de ultrasonidos antes del proceso de limpieza. La energ\u00eda el\u00e9ctrica as\u00ed obtenida se transmite al transductor a trav\u00e9s de una l\u00ednea blindada. El transductor convierte esta energ\u00eda el\u00e9ctrica en vibraciones sonoras mec\u00e1nicas.<\/span><\/h6>\n<h6><span style=\"font-family: arial, helvetica, sans-serif; font-size: 14px; color: #808080;\">Estas vibraciones sonoras crean alternativamente una sobrepresi\u00f3n y una fase de vac\u00edo en el l\u00edquido. Esto provoca el efecto f\u00edsico de la cavitaci\u00f3n. Burbuja de cavitaci\u00f3n m\u00faltiple ampliada a una frecuencia de aprox. 25 kHz en el momento de la implosi\u00f3n. Con una frecuencia de ultrasonidos de, por ejemplo, 25 kHz, se generan temperaturas de m\u00e1s de 5.000 \u00b0C (condiciones similares a las de la superficie del sol) y presiones de hasta 500 bares durante un breve periodo de tiempo.<\/span><\/h6>\n<h6><span style=\"font-family: arial, helvetica, sans-serif; font-size: 14px; color: #808080;\">Estas altas temperaturas y presiones pueden destruir estructuras fr\u00e1giles o matar las bacterias m\u00e1s peque\u00f1as. Alrededor de las burbujas de cavitaci\u00f3n, la implosi\u00f3n en forma de bang crea altas presiones locales, as\u00ed como fuertes turbulencias y corrientes (chorros) en el l\u00edquido. Estos fen\u00f3menos son los criterios reales que conducen al desprendimiento de las part\u00edculas de suciedad en la superficie de un sustrato.<\/span><\/h6>\n<p>[\/vc_column_text][\/vc_column][\/vc_row][vc_row][vc_column][vc_empty_space height=\u00bb95px\u00bb][\/vc_column][\/vc_row]<\/p>\n","protected":false},"excerpt":{"rendered":"<p>[vc_row][vc_column][vc_empty_space height=\u00bb10px\u00bb][vc_empty_space height=\u00bb10px\u00bb][vc_column_text] Cavitaci\u00f3n Un fen\u00f3meno natural a 5000\u00b0C y 500 bar de presi\u00f3n. La limpieza por ultrasonidos es el m\u00e9todo de limpieza m\u00e1s moderno en la actualidad. Las ventajas especiales son la m\u00e1xima limpieza de las piezas a limpiar en el menor tiempo posible, sin trabajo manual adicional y sin da\u00f1ar el material de [&hellip;]<\/p>\n","protected":false},"author":1,"featured_media":0,"parent":0,"menu_order":0,"comment_status":"closed","ping_status":"closed","template":"","meta":{"_monsterinsights_skip_tracking":false,"_monsterinsights_sitenote_active":false,"_monsterinsights_sitenote_note":"","_monsterinsights_sitenote_category":0,"footnotes":""},"jetpack_sharing_enabled":true,"_links":{"self":[{"href":"https:\/\/medisonics.com\/es\/wp-json\/wp\/v2\/pages\/5621"}],"collection":[{"href":"https:\/\/medisonics.com\/es\/wp-json\/wp\/v2\/pages"}],"about":[{"href":"https:\/\/medisonics.com\/es\/wp-json\/wp\/v2\/types\/page"}],"author":[{"embeddable":true,"href":"https:\/\/medisonics.com\/es\/wp-json\/wp\/v2\/users\/1"}],"replies":[{"embeddable":true,"href":"https:\/\/medisonics.com\/es\/wp-json\/wp\/v2\/comments?post=5621"}],"version-history":[{"count":1,"href":"https:\/\/medisonics.com\/es\/wp-json\/wp\/v2\/pages\/5621\/revisions"}],"predecessor-version":[{"id":5630,"href":"https:\/\/medisonics.com\/es\/wp-json\/wp\/v2\/pages\/5621\/revisions\/5630"}],"wp:attachment":[{"href":"https:\/\/medisonics.com\/es\/wp-json\/wp\/v2\/media?parent=5621"}],"curies":[{"name":"wp","href":"https:\/\/api.w.org\/{rel}","templated":true}]}}