{"id":5697,"date":"2022-05-17T12:27:04","date_gmt":"2022-05-17T12:27:04","guid":{"rendered":"https:\/\/www.medisonics.com\/303_geni_bbus_1000\/"},"modified":"2022-07-30T06:59:54","modified_gmt":"2022-07-30T06:59:54","slug":"303_geni_bbus_1000","status":"publish","type":"page","link":"https:\/\/medisonics.com\/es\/303_geni_bbus_1000\/","title":{"rendered":"303_geni_bbus_1000"},"content":{"rendered":"<p>[vc_row][vc_column]\n\t\t\t<!-- START Home 300_3 REVOLUTION SLIDER 6.6.20 --><p class=\"rs-p-wp-fix\"><\/p>\n\t\t\t<rs-module-wrap id=\"rev_slider_36_1_wrapper\" data-source=\"gallery\" style=\"visibility:hidden;background:transparent;padding:0;margin:0px auto;margin-top:0;margin-bottom:0;\">\n\t\t\t\t<rs-module id=\"rev_slider_36_1\" style=\"\" data-version=\"6.6.20\">\n\t\t\t\t\t<rs-slides style=\"overflow: hidden; position: absolute;\">\n\t\t\t\t\t\t<rs-slide style=\"position: absolute;\" data-key=\"rs-67\" data-title=\"Slide\" data-anim=\"adpr:false;ms:50;\" data-in=\"o:0;\" data-out=\"a:false;\">\n\t\t\t\t\t\t\t<img decoding=\"async\" src=\"\/\/medisonics.com\/wp-content\/plugins\/revslider\/public\/assets\/assets\/dummy.png\" alt=\"Slide\" class=\"rev-slidebg tp-rs-img rs-lazyload\" data-lazyload=\"\/\/medisonics.com\/wp-content\/plugins\/revslider\/public\/assets\/assets\/transparent.png\" data-no-retina>\n<!--\n\t\t\t\t\t\t\t--><rs-layer\n\t\t\t\t\t\t\t\tid=\"slider-36-slide-67-layer-0\" \n\t\t\t\t\t\t\t\tclass=\"rs-nolc rs-layer-video intrinsic-ignore\"\n\t\t\t\t\t\t\t\tdata-type=\"video\"\n\t\t\t\t\t\t\t\tdata-rsp_ch=\"on\"\n\t\t\t\t\t\t\t\tdata-text=\"w:normal;s:20,16,12,7;l:0,20,15,9;\"\n\t\t\t\t\t\t\t\tdata-dim=\"w:100%;h:100%;\"\n\t\t\t\t\t\t\t\tdata-basealign=\"slide\"\n\t\t\t\t\t\t\t\tdata-video=\"vfc:true;twa:false;vd:100;rwd:f;l:true;ptimer:false;nse:f;sav:f;afs:f;vc:t;inl:f;\"\n\t\t\t\t\t\t\t\tdata-poster=\"\/\/medisonics.com\/wp-content\/uploads\/revslider\/video-media\/303-03_67_layer.jpeg\"\n\t\t\t\t\t\t\t\tdata-mp4=\"\/\/medisonics.com\/wp-content\/uploads\/2022\/07\/303-03.mp4\"\n\t\t\t\t\t\t\t\tdata-frame_1=\"sp:50;\"\n\t\t\t\t\t\t\t\tdata-frame_999=\"o:0;st:w;sR:8950;\"\n\t\t\t\t\t\t\t\tstyle=\"z-index:5;\"\n\t\t\t\t\t\t\t>\n\t\t\t\t\t\t\t<\/rs-layer><!--\n-->\t\t\t\t\t\t<\/rs-slide>\n\t\t\t\t\t<\/rs-slides>\n\t\t\t\t<\/rs-module>\n\t\t\t\t<script>\n\t\t\t\t\tsetREVStartSize({c: 'rev_slider_36_1',rl:[1240,1024,778,480],el:[650,768,960,720],gw:[1240,1024,778,480],gh:[650,768,960,720],type:'standard',justify:'',layout:'fullwidth',mh:\"0\"});if (window.RS_MODULES!==undefined && window.RS_MODULES.modules!==undefined && window.RS_MODULES.modules[\"revslider361\"]!==undefined) {window.RS_MODULES.modules[\"revslider361\"].once = false;window.revapi36 = undefined;if (window.RS_MODULES.checkMinimal!==undefined) window.RS_MODULES.checkMinimal()}\n\t\t\t\t<\/script>\n\t\t\t<\/rs-module-wrap>\n\t\t\t<!-- END REVOLUTION SLIDER -->\n[vc_empty_space height=\u00bb10px\u00bb][vc_column_text]<\/p>\n<pre><span style=\"font-family: arial, helvetica, sans-serif; font-size: 24px;\"><strong>BBUS-1000<\/strong>\n<\/span><strong><span style=\"font-family: arial, helvetica, sans-serif; font-size: 16px; color: #808080;\">Generadores de ultrasonidos multifrecuencia MegaSonics<\/span><\/strong><\/pre>\n<hr>\n<h6><span style=\"font-family: arial, helvetica, sans-serif; font-size: 14px; color: #808080;\">Los potentes y fiables generadores de m\u00f3dulos multifrecuencia patentados se utilizan para diversas aplicaciones en la limpieza de micro y nano superficies. La potencia constante con funciones de intervalo garantiza un tratamiento ultras\u00f3nico extremadamente preciso de todas las piezas a limpiar. Los generadores modulares est\u00e1n equipados con caracter\u00edsticas de protecci\u00f3n \u00fanicas para una m\u00e1xima fiabilidad operativa.<\/span><\/h6>\n<p><span style=\"color: #808080; font-size: 14px;\">Entre ellas se encuentra la refrigeraci\u00f3n especial del generador. Tambi\u00e9n est\u00e1n disponibles las interfaces RS232\/RS485 y CAN si desea controlar los generadores desde su PC o sistema de control HMI\/PLC. La elecci\u00f3n de 5 tama\u00f1os de carcasa diferentes para los m\u00f3dulos del generador permite instalar el m\u00f3dulo adecuado para cada aplicaci\u00f3n. Desde 0,5 kW hasta 5 kW. Los generadores multifrecuencia de ultrasonidos est\u00e1n equipados como m\u00f3dulos de 1000 kHz.<\/span><\/p>\n<p><span style=\"color: #808080; font-size: 14px;\">Se utilizan junto con transductores de placa y sumergibles con configuraciones adecuadas. Los generadores aut\u00f3nomos y los correspondientes sistemas de transductores son ideales para aplicaciones de limpieza y tratamiento de superficies. Con su generaci\u00f3n y control digital de la frecuencia, sus salidas absolutamente constantes y su funci\u00f3n de intervalo, los generadores aut\u00f3nomos de MediSonics establecen nuevos est\u00e1ndares en el rango de potencia de hasta 5 kW en un rack de 19 pulgadas.<\/span>[\/vc_column_text][vc_column_text]<\/p>\n<h6><span style=\"font-family: arial, helvetica, sans-serif; font-size: 14px; color: #808080;\">\n<table id=\"tablepress-17\" class=\"tablepress tablepress-id-17\">\n<thead>\n<tr class=\"row-1 odd\">\n\t<th class=\"column-1\">Designation\/type<\/th><th class=\"column-2\">Interface<\/th><th class=\"column-3\">Frequencies\u00a0 (kHz)<\/th><th class=\"column-4\">Power (Weff)<\/th><th class=\"column-5\">Power (Wpeak)<\/th><th class=\"column-6\">Dimensions\u00a0 (mm)<\/th><th class=\"column-7\">Article no.<\/th><th class=\"column-8\">PDF<\/th>\n<\/tr>\n<\/thead>\n<tbody class=\"row-hover\">\n<tr class=\"row-2 even\">\n\t<td class=\"column-1\">BBUS 1000-1000 kpl.<\/td><td class=\"column-2\">CAN\/RS485<\/td><td class=\"column-3\">1'000<\/td><td class=\"column-4\">500<\/td><td class=\"column-5\">1'000<\/td><td class=\"column-6\">164.22 x 221.45 x 435.40<\/td><td class=\"column-7\">1.15426<\/td><td class=\"column-8\"><a href=\"https:\/\/medisonics.com\/pdf\/303_Generatoren_BBUS_120_e.pdf\" rel=\"noopener\" target=\"_blank\">Datasheet<\/a><\/td>\n<\/tr>\n<tr class=\"row-3 odd\">\n\t<td class=\"column-1\">BBUS 1000-2000 kpl.<\/td><td class=\"column-2\">CAN\/RS485<\/td><td class=\"column-3\">1'000<\/td><td class=\"column-4\">1'000<\/td><td class=\"column-5\">2'000<\/td><td class=\"column-6\">235.36 x 221.45 x 435.40<\/td><td class=\"column-7\">1.15435<\/td><td class=\"column-8\"><a href=\"https:\/\/medisonics.com\/pdf\/303_Generatoren_BBUS_120_e.pdf\" rel=\"noopener\" target=\"_blank\">Datasheet<\/a><\/td>\n<\/tr>\n<tr class=\"row-4 even\">\n\t<td class=\"column-1\">BBUS 1000-3000 kpl.<\/td><td class=\"column-2\">CAN\/RS485<\/td><td class=\"column-3\">1'000<\/td><td class=\"column-4\">1'500<\/td><td class=\"column-5\">3'000<\/td><td class=\"column-6\">306.45 x 221.45 x 435.40<\/td><td class=\"column-7\">1.15444<\/td><td class=\"column-8\"><a href=\"https:\/\/medisonics.com\/pdf\/303_Generatoren_BBUS_120_e.pdf\" rel=\"noopener\" target=\"_blank\">Datasheet<\/a><\/td>\n<\/tr>\n<tr class=\"row-5 odd\">\n\t<td class=\"column-1\">BBUS 1000-4000 kpl.<\/td><td class=\"column-2\">CAN\/RS485<\/td><td class=\"column-3\">1'000<\/td><td class=\"column-4\">2'000<\/td><td class=\"column-5\">4'000<\/td><td class=\"column-6\">377.58 x 221.45 x 435.40<\/td><td class=\"column-7\">1.15452<\/td><td class=\"column-8\"><a href=\"https:\/\/medisonics.com\/pdf\/303_Generatoren_BBUS_120_e.pdf\" rel=\"noopener\" target=\"_blank\">Datasheet<\/a><\/td>\n<\/tr>\n<tr class=\"row-6 even\">\n\t<td class=\"column-1\">BBUS 1000-5000 kpl.<\/td><td class=\"column-2\">CAN\/RS485<\/td><td class=\"column-3\">1'000<\/td><td class=\"column-4\">2'500<\/td><td class=\"column-5\">5'000<\/td><td class=\"column-6\">448.70 x 221.45 x 435.40<\/td><td class=\"column-7\">1.15461<\/td><td class=\"column-8\"><a href=\"https:\/\/medisonics.com\/pdf\/303_Generatoren_BBUS_120_e.pdf\" rel=\"noopener\" target=\"_blank\">Datasheet<\/a><\/td>\n<\/tr>\n<\/tbody>\n<\/table>\n<!-- #tablepress-17 from cache --><\/span><\/h6>\n<p>[\/vc_column_text][\/vc_column][\/vc_row][vc_row][vc_column width=\u00bb1\/5&#8243;][\/vc_column][vc_column width=\u00bb1\/5&#8243;][\/vc_column][vc_column width=\u00bb1\/5&#8243;][\/vc_column][vc_column width=\u00bb1\/5&#8243;][\/vc_column][vc_column width=\u00bb1\/5&#8243;][\/vc_column][\/vc_row][vc_row][vc_column][vc_column_text]<\/p>\n<h6><span style=\"font-family: arial, helvetica, sans-serif; font-size: 14px; color: #808080;\">Para la combinaci\u00f3n con los vibradores de placa y las geometr\u00edas deseadas<\/span><span style=\"font-family: arial, helvetica, sans-serif; font-size: 14px;\"><br \/>\n  <span style=\"color: #808080;\"> por favor, consulte <\/span><br \/>\n  <a href=\"https:\/\/medisonics.com\/es\/309_tske_1000\/\"><br \/>\n    <span style=\"color: #808080;\">https:\/\/medisonics.com\/309_tske_1000\/<\/span><br \/>\n  <\/a><br \/>\n<\/span><\/h6>\n<p>[\/vc_column_text][\/vc_column][\/vc_row][vc_row][vc_column][vc_column_text]<\/p>\n<h6><span style=\"font-family: arial, helvetica, sans-serif; font-size: 10px; color: #808080;\">Las medidas est\u00e1n sujetas a cambios sin previo aviso.<\/span><\/h6>\n<p>[\/vc_column_text][\/vc_column][\/vc_row]<\/p>\n","protected":false},"excerpt":{"rendered":"<p>[vc_row][vc_column][vc_empty_space height=\u00bb10px\u00bb][vc_column_text] BBUS-1000 Generadores de ultrasonidos multifrecuencia MegaSonics Los potentes y fiables generadores de m\u00f3dulos multifrecuencia patentados se utilizan para diversas aplicaciones en la limpieza de micro y nano superficies. La potencia constante con funciones de intervalo garantiza un tratamiento ultras\u00f3nico extremadamente preciso de todas las piezas a limpiar. Los generadores modulares est\u00e1n equipados con [&hellip;]<\/p>\n","protected":false},"author":1,"featured_media":0,"parent":0,"menu_order":0,"comment_status":"closed","ping_status":"closed","template":"","meta":{"_monsterinsights_skip_tracking":false,"_monsterinsights_sitenote_active":false,"_monsterinsights_sitenote_note":"","_monsterinsights_sitenote_category":0,"footnotes":""},"jetpack_sharing_enabled":true,"_links":{"self":[{"href":"https:\/\/medisonics.com\/es\/wp-json\/wp\/v2\/pages\/5697"}],"collection":[{"href":"https:\/\/medisonics.com\/es\/wp-json\/wp\/v2\/pages"}],"about":[{"href":"https:\/\/medisonics.com\/es\/wp-json\/wp\/v2\/types\/page"}],"author":[{"embeddable":true,"href":"https:\/\/medisonics.com\/es\/wp-json\/wp\/v2\/users\/1"}],"replies":[{"embeddable":true,"href":"https:\/\/medisonics.com\/es\/wp-json\/wp\/v2\/comments?post=5697"}],"version-history":[{"count":4,"href":"https:\/\/medisonics.com\/es\/wp-json\/wp\/v2\/pages\/5697\/revisions"}],"predecessor-version":[{"id":7384,"href":"https:\/\/medisonics.com\/es\/wp-json\/wp\/v2\/pages\/5697\/revisions\/7384"}],"wp:attachment":[{"href":"https:\/\/medisonics.com\/es\/wp-json\/wp\/v2\/media?parent=5697"}],"curies":[{"name":"wp","href":"https:\/\/api.w.org\/{rel}","templated":true}]}}