{"id":5787,"date":"2022-05-17T14:52:43","date_gmt":"2022-05-17T14:52:43","guid":{"rendered":"https:\/\/www.medisonics.com\/701_apoyo\/"},"modified":"2022-07-28T08:25:27","modified_gmt":"2022-07-28T08:25:27","slug":"701_apoyo","status":"publish","type":"page","link":"https:\/\/medisonics.com\/es\/701_apoyo\/","title":{"rendered":"701_apoyo"},"content":{"rendered":"<p>[vc_row][vc_column]\n\t\t\t<!-- START Home 101 REVOLUTION SLIDER 6.6.20 --><p class=\"rs-p-wp-fix\"><\/p>\n\t\t\t<rs-module-wrap id=\"rev_slider_16_1_wrapper\" data-source=\"gallery\" style=\"visibility:hidden;background:transparent;padding:0;margin:0px auto;margin-top:0;margin-bottom:0;\">\n\t\t\t\t<rs-module id=\"rev_slider_16_1\" style=\"\" data-version=\"6.6.20\">\n\t\t\t\t\t<rs-slides style=\"overflow: hidden; position: absolute;\">\n\t\t\t\t\t\t<rs-slide style=\"position: absolute;\" data-key=\"rs-42\" data-title=\"Slide\" data-anim=\"adpr:false;\" data-in=\"o:0;\" data-out=\"a:false;\">\n\t\t\t\t\t\t\t<img decoding=\"async\" src=\"\/\/medisonics.com\/wp-content\/plugins\/revslider\/public\/assets\/assets\/dummy.png\" alt=\"Slide\" class=\"rev-slidebg tp-rs-img rs-lazyload\" data-lazyload=\"\/\/medisonics.com\/wp-content\/plugins\/revslider\/public\/assets\/assets\/transparent.png\" data-no-retina>\n<!--\n\t\t\t\t\t\t\t--><rs-layer\n\t\t\t\t\t\t\t\tid=\"slider-16-slide-42-layer-0\" \n\t\t\t\t\t\t\t\tclass=\"rs-nolc rs-layer-video intrinsic-ignore\"\n\t\t\t\t\t\t\t\tdata-type=\"video\"\n\t\t\t\t\t\t\t\tdata-rsp_ch=\"on\"\n\t\t\t\t\t\t\t\tdata-text=\"w:normal;\"\n\t\t\t\t\t\t\t\tdata-dim=\"w:100%;h:100%;\"\n\t\t\t\t\t\t\t\tdata-basealign=\"slide\"\n\t\t\t\t\t\t\t\tdata-video=\"vfc:true;twa:false;vd:100;rwd:f;l:true;ptimer:false;nse:f;sav:f;afs:f;inl:f;\"\n\t\t\t\t\t\t\t\tdata-poster=\"\/\/medisonics.com\/wp-content\/uploads\/revslider\/video-media\/100_1-3_42_layer.jpeg\"\n\t\t\t\t\t\t\t\tdata-mp4=\"\/\/medisonics.com\/wp-content\/uploads\/2022\/05\/100_1-3.mp4\"\n\t\t\t\t\t\t\t\tdata-frame_1=\"sp:50;\"\n\t\t\t\t\t\t\t\tdata-frame_999=\"o:0;st:w;sR:8950;\"\n\t\t\t\t\t\t\t\tstyle=\"z-index:5;\"\n\t\t\t\t\t\t\t>\n\t\t\t\t\t\t\t<\/rs-layer><!--\n-->\t\t\t\t\t\t<\/rs-slide>\n\t\t\t\t\t<\/rs-slides>\n\t\t\t\t<\/rs-module>\n\t\t\t\t<script>\n\t\t\t\t\tsetREVStartSize({c: 'rev_slider_16_1',rl:[1240,1024,778,480],el:[650],gw:[1240],gh:[650],type:'hero',justify:'',layout:'fullwidth',mh:\"0\"});if (window.RS_MODULES!==undefined && window.RS_MODULES.modules!==undefined && window.RS_MODULES.modules[\"revslider161\"]!==undefined) {window.RS_MODULES.modules[\"revslider161\"].once = false;window.revapi16 = undefined;if (window.RS_MODULES.checkMinimal!==undefined) window.RS_MODULES.checkMinimal()}\n\t\t\t\t<\/script>\n\t\t\t<\/rs-module-wrap>\n\t\t\t<!-- END REVOLUTION SLIDER -->\n[vc_empty_space height=\u00bb10px\u00bb][vc_column_text]<\/p>\n<pre><strong><span style=\"font-family: arial, helvetica, sans-serif; font-size: 24px;\">Support<\/span><\/strong>\n<strong><span style=\"font-family: arial, helvetica, sans-serif; font-size: 16px; color: #808080;\">We are at your disposal!<\/span><\/strong><\/pre>\n<hr>\n<h6><span style=\"font-family: arial, helvetica, sans-serif; font-size: 14px; color: #808080;\">Se pueden minimizar las sorpresas desagradables debidas al mal funcionamiento del sistema. Adem\u00e1s del mantenimiento t\u00e9cnico por parte de nuestros especialistas formados, ofrecemos una asistencia cualificada y podemos garantizar as\u00ed unos procesos de producci\u00f3n sin problemas a largo plazo. Los trabajos de servicio se adaptan individualmente a sus necesidades. MediSonics le acompa\u00f1a desde el principio.<\/span><\/h6>\n<p><span style=\"font-family: arial, helvetica, sans-serif; font-size: 14px; color: #808080;\">Como su socio experto y fiable durante la instalaci\u00f3n de nuestros dispositivos, equipos y sistemas de limpieza por ultrasonidos, as\u00ed como durante el funcionamiento diario, tratamos cada detalle con el m\u00e1ximo cuidado. La garant\u00eda de calidad forma parte de nuestro servicio tanto como las correspondientes pruebas de aceptaci\u00f3n, que naturalmente realizamos primero para usted en nuestra f\u00e1brica y en sus instalaciones.<\/span><\/p>\n<p><span style=\"font-family: arial, helvetica, sans-serif; font-size: 14px; color: #808080;\">Nuestros conceptos de servicio est\u00e1n orientados a sus necesidades y garantizan el m\u00e1ximo rendimiento de su sistema durante todo el tiempo de funcionamiento. Al mismo tiempo, la asistencia que se puede especificar con precisi\u00f3n por contrato le permite minimizar los costes de funcionamiento. Con el mantenimiento preventivo y las medidas de cuidado, se puede garantizar la calidad y la rentabilidad de su sistema a largo plazo.<\/span><\/p>\n<p><span style=\"font-family: arial, helvetica, sans-serif; font-size: 14px; color: #808080;\">Puede obtener asistencia inmediata de nosotros, directamente en nuestra sede en Suiza o en nuestros puntos de servicio en el extranjero. Nuestros acuerdos de servicio garantizan un r\u00e1pido asesoramiento y diagn\u00f3stico de fallos en caso de asistencia. Nuestro servicio en l\u00ednea le permite ahorrar tiempo y dinero. Los encargos in situ se preparan de forma eficiente o incluso a menudo no son necesarios gracias a las conversaciones directas por tel\u00e9fono o con la ayuda de nuestras instrucciones de servicio y de sus especialistas de servicio interno.<\/span>[\/vc_column_text][\/vc_column][\/vc_row][vc_row][vc_column][vc_empty_space height=\u00bb130px\u00bb][\/vc_column][\/vc_row]<\/p>\n","protected":false},"excerpt":{"rendered":"<p>[vc_row][vc_column][vc_empty_space height=\u00bb10px\u00bb][vc_column_text] Support We are at your disposal! Se pueden minimizar las sorpresas desagradables debidas al mal funcionamiento del sistema. Adem\u00e1s del mantenimiento t\u00e9cnico por parte de nuestros especialistas formados, ofrecemos una asistencia cualificada y podemos garantizar as\u00ed unos procesos de producci\u00f3n sin problemas a largo plazo. Los trabajos de servicio se adaptan individualmente a [&hellip;]<\/p>\n","protected":false},"author":1,"featured_media":0,"parent":0,"menu_order":0,"comment_status":"closed","ping_status":"closed","template":"","meta":{"_monsterinsights_skip_tracking":false,"_monsterinsights_sitenote_active":false,"_monsterinsights_sitenote_note":"","_monsterinsights_sitenote_category":0,"footnotes":""},"jetpack_sharing_enabled":true,"_links":{"self":[{"href":"https:\/\/medisonics.com\/es\/wp-json\/wp\/v2\/pages\/5787"}],"collection":[{"href":"https:\/\/medisonics.com\/es\/wp-json\/wp\/v2\/pages"}],"about":[{"href":"https:\/\/medisonics.com\/es\/wp-json\/wp\/v2\/types\/page"}],"author":[{"embeddable":true,"href":"https:\/\/medisonics.com\/es\/wp-json\/wp\/v2\/users\/1"}],"replies":[{"embeddable":true,"href":"https:\/\/medisonics.com\/es\/wp-json\/wp\/v2\/comments?post=5787"}],"version-history":[{"count":5,"href":"https:\/\/medisonics.com\/es\/wp-json\/wp\/v2\/pages\/5787\/revisions"}],"predecessor-version":[{"id":7097,"href":"https:\/\/medisonics.com\/es\/wp-json\/wp\/v2\/pages\/5787\/revisions\/7097"}],"wp:attachment":[{"href":"https:\/\/medisonics.com\/es\/wp-json\/wp\/v2\/media?parent=5787"}],"curies":[{"name":"wp","href":"https:\/\/api.w.org\/{rel}","templated":true}]}}