{"id":5832,"date":"2022-05-17T13:34:02","date_gmt":"2022-05-17T13:34:02","guid":{"rendered":"https:\/\/www.medisonics.com\/309_tske_1000\/"},"modified":"2022-07-30T07:00:59","modified_gmt":"2022-07-30T07:00:59","slug":"309_tske_1000","status":"publish","type":"page","link":"https:\/\/medisonics.com\/es\/309_tske_1000\/","title":{"rendered":"309_TSKE_1000"},"content":{"rendered":"<p>[vc_row][vc_column]\n\t\t\t<!-- START Home 300_1 REVOLUTION SLIDER 6.6.20 --><p class=\"rs-p-wp-fix\"><\/p>\n\t\t\t<rs-module-wrap id=\"rev_slider_19_1_wrapper\" data-source=\"gallery\" style=\"visibility:hidden;background:transparent;padding:0;margin:0px auto;margin-top:0;margin-bottom:0;\">\n\t\t\t\t<rs-module id=\"rev_slider_19_1\" style=\"\" data-version=\"6.6.20\">\n\t\t\t\t\t<rs-slides style=\"overflow: hidden; position: absolute;\">\n\t\t\t\t\t\t<rs-slide style=\"position: absolute;\" data-key=\"rs-45\" data-title=\"Slide\" data-anim=\"adpr:false;ms:50;\" data-in=\"o:0;\" data-out=\"a:false;\">\n\t\t\t\t\t\t\t<img decoding=\"async\" src=\"\/\/medisonics.com\/wp-content\/plugins\/revslider\/public\/assets\/assets\/dummy.png\" alt=\"Slide\" class=\"rev-slidebg tp-rs-img rs-lazyload\" data-lazyload=\"\/\/medisonics.com\/wp-content\/plugins\/revslider\/public\/assets\/assets\/transparent.png\" data-no-retina>\n<!--\n\t\t\t\t\t\t\t--><rs-layer\n\t\t\t\t\t\t\t\tid=\"slider-19-slide-45-layer-0\" \n\t\t\t\t\t\t\t\tclass=\"rs-nolc rs-layer-video intrinsic-ignore\"\n\t\t\t\t\t\t\t\tdata-type=\"video\"\n\t\t\t\t\t\t\t\tdata-rsp_ch=\"on\"\n\t\t\t\t\t\t\t\tdata-text=\"w:normal;s:20,17,12,7;l:0,21,15,9;\"\n\t\t\t\t\t\t\t\tdata-dim=\"w:100%;h:100%;\"\n\t\t\t\t\t\t\t\tdata-basealign=\"slide\"\n\t\t\t\t\t\t\t\tdata-video=\"vfc:true;twa:false;vd:100;rwd:f;l:true;ptimer:false;nse:f;sav:f;afs:f;vc:t;inl:f;\"\n\t\t\t\t\t\t\t\tdata-poster=\"\/\/medisonics.com\/wp-content\/uploads\/revslider\/video-media\/300_1_45_layer.jpeg\"\n\t\t\t\t\t\t\t\tdata-mp4=\"\/\/medisonics.com\/wp-content\/uploads\/2022\/05\/300_1.mp4\"\n\t\t\t\t\t\t\t\tdata-frame_1=\"sp:50;\"\n\t\t\t\t\t\t\t\tdata-frame_999=\"o:0;st:w;sR:8950;\"\n\t\t\t\t\t\t\t\tstyle=\"z-index:5;\"\n\t\t\t\t\t\t\t>\n\t\t\t\t\t\t\t<\/rs-layer><!--\n-->\t\t\t\t\t\t<\/rs-slide>\n\t\t\t\t\t<\/rs-slides>\n\t\t\t\t<\/rs-module>\n\t\t\t\t<script>\n\t\t\t\t\tsetREVStartSize({c: 'rev_slider_19_1',rl:[1240,1024,778,480],el:[650,768,960,720],gw:[1180,1024,778,480],gh:[650,768,960,720],type:'standard',justify:'',layout:'fullwidth',mh:\"0\"});if (window.RS_MODULES!==undefined && window.RS_MODULES.modules!==undefined && window.RS_MODULES.modules[\"revslider191\"]!==undefined) {window.RS_MODULES.modules[\"revslider191\"].once = false;window.revapi19 = undefined;if (window.RS_MODULES.checkMinimal!==undefined) window.RS_MODULES.checkMinimal()}\n\t\t\t\t<\/script>\n\t\t\t<\/rs-module-wrap>\n\t\t\t<!-- END REVOLUTION SLIDER -->\n[vc_empty_space height=\u00bb10px\u00bb][vc_column_text]<\/p>\n<pre><strong><span style=\"font-family: arial, helvetica, sans-serif; font-size: 24px;\">MedUSe TSKE-1000\n<\/span><span style=\"font-family: arial, helvetica, sans-serif; font-size: 16px; color: #808080;\">Placa de transductores MegaSonics<\/span><\/strong><\/pre>\n<hr>\n<h6><span style=\"font-family: arial, helvetica, sans-serif; font-size: 14px; color: #808080;\">Las placas transductoras multifrecuencia TSKE-1000 con frecuencias de ultrasonidos de 1.000 kHz y potencias de ultrasonidos de 1.000 Weff.\/2.000 Wpeak. son una alternativa que ahorra espacio y puede instalarse en la pared lateral o en el fondo del tanque de ultrasonidos si el espacio es limitado. Se mantiene la masa \u00fatil del tanque. No es necesario modificar las cestas ni los equipos de transporte existentes. Las placas vibratorias planas est\u00e1n conectadas a potentes generadores BBUS controlados por microprocesador para su funcionamiento. La conexi\u00f3n de la placa vibratoria plana al generador se realiza mediante un cable de alta frecuencia con tecnolog\u00eda Quick Connect.<\/span><\/h6>\n<p>[\/vc_column_text][\/vc_column][\/vc_row][vc_row][vc_column][vc_empty_space height=\u00bb15px\u00bb][\/vc_column][\/vc_row][vc_row][vc_column][vc_column_text]<\/p>\n<pre>\n<table id=\"tablepress-9\" class=\"tablepress tablepress-id-9\">\n<thead>\n<tr class=\"row-1 odd\">\n\t<th class=\"column-1\">Designation\/type<\/th><th class=\"column-2\">Dimensions\u00a0 (mm)<\/th><th class=\"column-3\">Frequencies\u00a0 (kHz)<\/th><th class=\"column-4\">Power (Weff)<\/th><th class=\"column-5\">Power (Wpeak)<\/th><th class=\"column-6\">Article no.<\/th>\n<\/tr>\n<\/thead>\n<tbody class=\"row-hover\">\n<tr class=\"row-2 even\">\n\t<td class=\"column-1\">Schwingerplatte TSKE-1000<\/td><td class=\"column-2\">200x200x20<\/td><td class=\"column-3\">1'000<\/td><td class=\"column-4\">500<\/td><td class=\"column-5\">1'000<\/td><td class=\"column-6\">1.13532<\/td>\n<\/tr>\n<tr class=\"row-3 odd\">\n\t<td class=\"column-1\">Schwingerplatte TSKE-1000<\/td><td class=\"column-2\">250x250x20<\/td><td class=\"column-3\">1'000<\/td><td class=\"column-4\">1'000<\/td><td class=\"column-5\">2'000<\/td><td class=\"column-6\">1.13533<\/td>\n<\/tr>\n<tr class=\"row-4 even\">\n\t<td class=\"column-1\">Schwingerplatte TSKE-1000<\/td><td class=\"column-2\">300x300x20<\/td><td class=\"column-3\">1'000<\/td><td class=\"column-4\">1'500<\/td><td class=\"column-5\">3'000<\/td><td class=\"column-6\">1.13534<\/td>\n<\/tr>\n<tr class=\"row-5 odd\">\n\t<td class=\"column-1\">Schwingerplatte TSKE-1000<\/td><td class=\"column-2\">350x350x20<\/td><td class=\"column-3\">1'000<\/td><td class=\"column-4\">2'000<\/td><td class=\"column-5\">4'000<\/td><td class=\"column-6\">1.13535<\/td>\n<\/tr>\n<tr class=\"row-6 even\">\n\t<td class=\"column-1\">Schwingerplatte TSKE-1000<\/td><td class=\"column-2\">400x400x20<\/td><td class=\"column-3\">1'000<\/td><td class=\"column-4\">2'500<\/td><td class=\"column-5\">5'000<\/td><td class=\"column-6\">1.13536<\/td>\n<\/tr>\n<\/tbody>\n<\/table>\n<!-- #tablepress-9 from cache --><\/pre>\n<p>[\/vc_column_text][\/vc_column][\/vc_row][vc_row][vc_column][vc_column_text]<\/p>\n<h6><span style=\"font-family: arial, helvetica, sans-serif; font-size: 10px; color: #808080;\">Las medidas est\u00e1n sujetas a cambios sin previo aviso.<\/span><\/h6>\n<p>[\/vc_column_text][\/vc_column][\/vc_row]<\/p>\n","protected":false},"excerpt":{"rendered":"<p>[vc_row][vc_column][vc_empty_space height=\u00bb10px\u00bb][vc_column_text] MedUSe TSKE-1000 Placa de transductores MegaSonics Las placas transductoras multifrecuencia TSKE-1000 con frecuencias de ultrasonidos de 1.000 kHz y potencias de ultrasonidos de 1.000 Weff.\/2.000 Wpeak. son una alternativa que ahorra espacio y puede instalarse en la pared lateral o en el fondo del tanque de ultrasonidos si el espacio es limitado. Se [&hellip;]<\/p>\n","protected":false},"author":1,"featured_media":0,"parent":0,"menu_order":0,"comment_status":"closed","ping_status":"closed","template":"","meta":{"_monsterinsights_skip_tracking":false,"_monsterinsights_sitenote_active":false,"_monsterinsights_sitenote_note":"","_monsterinsights_sitenote_category":0,"footnotes":""},"jetpack_sharing_enabled":true,"_links":{"self":[{"href":"https:\/\/medisonics.com\/es\/wp-json\/wp\/v2\/pages\/5832"}],"collection":[{"href":"https:\/\/medisonics.com\/es\/wp-json\/wp\/v2\/pages"}],"about":[{"href":"https:\/\/medisonics.com\/es\/wp-json\/wp\/v2\/types\/page"}],"author":[{"embeddable":true,"href":"https:\/\/medisonics.com\/es\/wp-json\/wp\/v2\/users\/1"}],"replies":[{"embeddable":true,"href":"https:\/\/medisonics.com\/es\/wp-json\/wp\/v2\/comments?post=5832"}],"version-history":[{"count":4,"href":"https:\/\/medisonics.com\/es\/wp-json\/wp\/v2\/pages\/5832\/revisions"}],"predecessor-version":[{"id":7388,"href":"https:\/\/medisonics.com\/es\/wp-json\/wp\/v2\/pages\/5832\/revisions\/7388"}],"wp:attachment":[{"href":"https:\/\/medisonics.com\/es\/wp-json\/wp\/v2\/media?parent=5832"}],"curies":[{"name":"wp","href":"https:\/\/api.w.org\/{rel}","templated":true}]}}