{"id":5854,"date":"2022-05-17T12:43:02","date_gmt":"2022-05-17T12:43:02","guid":{"rendered":"https:\/\/www.medisonics.com\/401_gerate_bbus_kg\/"},"modified":"2022-07-30T07:48:42","modified_gmt":"2022-07-30T07:48:42","slug":"401_gerate_bbus_kg","status":"publish","type":"page","link":"https:\/\/medisonics.com\/es\/401_gerate_bbus_kg\/","title":{"rendered":"401_gerate_bbus_kg"},"content":{"rendered":"<p>[vc_row][vc_column][vc_empty_space height=\u00bb10px\u00bb]\n\t\t\t<!-- START Home 400_1 REVOLUTION SLIDER 6.6.20 --><p class=\"rs-p-wp-fix\"><\/p>\n\t\t\t<rs-module-wrap id=\"rev_slider_20_1_wrapper\" data-source=\"gallery\" style=\"visibility:hidden;background:transparent;padding:0;margin:0px auto;margin-top:0;margin-bottom:0;\">\n\t\t\t\t<rs-module id=\"rev_slider_20_1\" style=\"\" data-version=\"6.6.20\">\n\t\t\t\t\t<rs-slides style=\"overflow: hidden; position: absolute;\">\n\t\t\t\t\t\t<rs-slide style=\"position: absolute;\" data-key=\"rs-46\" data-title=\"Slide\" data-anim=\"adpr:false;ms:50;\" data-in=\"o:0;\" data-out=\"a:false;\">\n\t\t\t\t\t\t\t<img decoding=\"async\" src=\"\/\/medisonics.com\/wp-content\/plugins\/revslider\/public\/assets\/assets\/dummy.png\" alt=\"Slide\" class=\"rev-slidebg tp-rs-img rs-lazyload\" data-lazyload=\"\/\/medisonics.com\/wp-content\/plugins\/revslider\/public\/assets\/assets\/transparent.png\" data-no-retina>\n<!--\n\t\t\t\t\t\t\t--><rs-layer\n\t\t\t\t\t\t\t\tid=\"slider-20-slide-46-layer-0\" \n\t\t\t\t\t\t\t\tclass=\"rs-fsv rs-nolc rs-layer-video intrinsic-ignore\"\n\t\t\t\t\t\t\t\tdata-type=\"video\"\n\t\t\t\t\t\t\t\tdata-rsp_ch=\"on\"\n\t\t\t\t\t\t\t\tdata-xy=\"x:0;y:0;\"\n\t\t\t\t\t\t\t\tdata-text=\"w:normal;s:20,17,12,7;l:0,21,15,9;\"\n\t\t\t\t\t\t\t\tdata-dim=\"w:100%;h:100%;\"\n\t\t\t\t\t\t\t\tdata-basealign=\"slide\"\n\t\t\t\t\t\t\t\tdata-video=\"vfc:true;vd:100;rwd:f;fc:true;l:true;ptimer:false;nse:f;sav:f;afs:f;vc:t;inl:f;\"\n\t\t\t\t\t\t\t\tdata-poster=\"\/\/medisonics.com\/wp-content\/uploads\/revslider\/video-media\/400_2_46_layer.jpeg\"\n\t\t\t\t\t\t\t\tdata-mp4=\"\/\/medisonics.com\/wp-content\/uploads\/2022\/05\/400_2.mp4\"\n\t\t\t\t\t\t\t\tdata-frame_1=\"sp:50;\"\n\t\t\t\t\t\t\t\tdata-frame_999=\"o:0;st:w;sR:8950;\"\n\t\t\t\t\t\t\t\tstyle=\"z-index:8;\"\n\t\t\t\t\t\t\t>\n\t\t\t\t\t\t\t<\/rs-layer><!--\n-->\t\t\t\t\t\t<\/rs-slide>\n\t\t\t\t\t<\/rs-slides>\n\t\t\t\t<\/rs-module>\n\t\t\t\t<script>\n\t\t\t\t\tsetREVStartSize({c: 'rev_slider_20_1',rl:[1240,1024,778,480],el:[640,768,960,720],gw:[1180,1024,778,480],gh:[640,768,960,720],type:'hero',justify:'',layout:'fullwidth',mh:\"0\"});if (window.RS_MODULES!==undefined && window.RS_MODULES.modules!==undefined && window.RS_MODULES.modules[\"revslider201\"]!==undefined) {window.RS_MODULES.modules[\"revslider201\"].once = false;window.revapi20 = undefined;if (window.RS_MODULES.checkMinimal!==undefined) window.RS_MODULES.checkMinimal()}\n\t\t\t\t<\/script>\n\t\t\t<\/rs-module-wrap>\n\t\t\t<!-- END REVOLUTION SLIDER -->\n[vc_empty_space height=\u00bb10px\u00bb][vc_column_text]<\/p>\n<pre><strong><span style=\"font-family: arial, helvetica, sans-serif; font-size: 24px;\">MedUSe KG\n<\/span><span style=\"font-family: arial, helvetica, sans-serif; font-size: 16px; color: #808080;\">Equipo de limpieza por ultrasonidos<\/span><\/strong><\/pre>\n<hr>\n<h6><span style=\"font-family: arial, helvetica, sans-serif; font-size: 14px; color: #808080;\">Las unidades de limpieza por ultrasonidos de la serie MedUSe KG constan de tanques de acero inoxidable y han sido especialmente desarrolladas para una amplia gama de aplicaciones en los sectores industrial y m\u00e9dico. Gracias al alto rendimiento de limpieza de los sistemas de vibraci\u00f3n utilizados, se consigue un resultado de limpieza eficaz. Las unidades de ultrasonidos funcionan en modo de doble onda.<\/span><\/h6>\n<h6><span style=\"font-family: arial, helvetica, sans-serif; font-size: 14px; color: #808080;\">Las unidades est\u00e1n dise\u00f1adas para la limpieza intensiva de instrumentos de laboratorio y m\u00e9dicos, pr\u00f3tesis, joyas, gafas, \u00f3ptica y herramientas.<\/span><\/h6>\n<h6><span style=\"font-family: arial, helvetica, sans-serif; font-size: 14px; color: #808080;\"><span style=\"color: #000000;\">Caracter\u00edsticas:<\/span><br \/>\n<\/span><span style=\"font-family: arial, helvetica, sans-serif; font-size: 14px; color: #808080;\">\u203a Bandejas de limpieza y carcasa de acero inoxidable macizo<br \/>\n\u203a Indicaci\u00f3n del tiempo de limpieza restante mediante una barra de indicaci\u00f3n<br \/>\n\u203a Interruptores rotativos electr\u00f3nicos<br \/>\n\u203a Funciones de barrido, refuerzo y desgasificaci\u00f3n<br \/>\n\u203a Sistemas de oscilaci\u00f3n de potencia s\u00e1ndwich<br \/>\n\u203a Asas de transporte de pl\u00e1stico&#8217;Cesta de piezas de trabajo<br \/>\n\u203a Cubierta de pl\u00e1stico y acero inoxidable<\/span><\/h6>\n<p>[\/vc_column_text][\/vc_column][\/vc_row][vc_row][vc_column][vc_empty_space height=\u00bb15px\u00bb][\/vc_column][\/vc_row][vc_row][vc_column][vc_column_text]<\/p>\n<p style=\"text-align: center;\">\n<table id=\"tablepress-2\" class=\"tablepress tablepress-id-2\">\n<thead>\n<tr class=\"row-1 odd\">\n\t<th class=\"column-1\">Designation\/type<\/th><th class=\"column-2\">Dim. Devices  (mm)<\/th><th class=\"column-3\">Dim.\u00a0 Tub\u00a0 (mm)<\/th><th class=\"column-4\">Bath volume (liters)<\/th><th class=\"column-5\">Heating (W)<\/th><th class=\"column-6\">Drain<\/th><th class=\"column-7\">Voltage (V\/f)<\/th><th class=\"column-8\">Article no.<\/th>\n<\/tr>\n<\/thead>\n<tbody class=\"row-hover\">\n<tr class=\"row-2 even\">\n\t<td class=\"column-1\">MedUSe KG-1<\/td><td class=\"column-2\">206x100x178<\/td><td class=\"column-3\">190x85x60<\/td><td class=\"column-4\">0.8<\/td><td class=\"column-5\">-<\/td><td class=\"column-6\">-<\/td><td class=\"column-7\">110\/220\/50\/60<\/td><td class=\"column-8\">1.00001<\/td>\n<\/tr>\n<tr class=\"row-3 odd\">\n\t<td class=\"column-1\">MedUSe KG-1H<\/td><td class=\"column-2\">206x100x178<\/td><td class=\"column-3\">190x85x60<\/td><td class=\"column-4\">0.8<\/td><td class=\"column-5\">60<\/td><td class=\"column-6\">-<\/td><td class=\"column-7\">110\/220\/50\/60<\/td><td class=\"column-8\">1.00002<\/td>\n<\/tr>\n<tr class=\"row-4 even\">\n\t<td class=\"column-1\">MedUSe KG-3<\/td><td class=\"column-2\">320x160x214<\/td><td class=\"column-3\">240x137x100<\/td><td class=\"column-4\">2.75<\/td><td class=\"column-5\">80<\/td><td class=\"column-6\">-<\/td><td class=\"column-7\">110\/220\/50\/60<\/td><td class=\"column-8\">1.00003<\/td>\n<\/tr>\n<tr class=\"row-5 odd\">\n\t<td class=\"column-1\">MedUSe KG-3H<\/td><td class=\"column-2\">320x160x214<\/td><td class=\"column-3\">240x137x100<\/td><td class=\"column-4\">2.75<\/td><td class=\"column-5\">80<\/td><td class=\"column-6\">-<\/td><td class=\"column-7\">110\/220\/50\/60<\/td><td class=\"column-8\">1.00004<\/td>\n<\/tr>\n<tr class=\"row-6 even\">\n\t<td class=\"column-1\">MedUSe KG-3H plus<\/td><td class=\"column-2\">320x160x214<\/td><td class=\"column-3\">240x137x100<\/td><td class=\"column-4\">2.75<\/td><td class=\"column-5\">80<\/td><td class=\"column-6\">G1\/8\"<\/td><td class=\"column-7\">110\/220\/50\/60<\/td><td class=\"column-8\">1.00005<\/td>\n<\/tr>\n<tr class=\"row-7 odd\">\n\t<td class=\"column-1\">MedUSe KG-6H<\/td><td class=\"column-2\">380x175x264<\/td><td class=\"column-3\">300x150x150<\/td><td class=\"column-4\">5.75<\/td><td class=\"column-5\">150<\/td><td class=\"column-6\">G1\/8\"<\/td><td class=\"column-7\">110\/220\/50\/60<\/td><td class=\"column-8\">1.00006<\/td>\n<\/tr>\n<tr class=\"row-8 even\">\n\t<td class=\"column-1\">MedUSe KG-12H<\/td><td class=\"column-2\">380x175x264<\/td><td class=\"column-3\">300x240x200<\/td><td class=\"column-4\">12.75<\/td><td class=\"column-5\">200<\/td><td class=\"column-6\">G1\/8\"<\/td><td class=\"column-7\">110\/220\/50\/60<\/td><td class=\"column-8\">1.00007<\/td>\n<\/tr>\n<tr class=\"row-9 odd\">\n\t<td class=\"column-1\">MedUSe KG-30H<\/td><td class=\"column-2\">568x325x321<\/td><td class=\"column-3\">300x300x200<\/td><td class=\"column-4\">30<\/td><td class=\"column-5\">300<\/td><td class=\"column-6\">G1\/8\"<\/td><td class=\"column-7\">110\/220\/50\/60<\/td><td class=\"column-8\">1.00008<\/td>\n<\/tr>\n<\/tbody>\n<\/table>\n<!-- #tablepress-2 from cache --><\/p>\n<p>[\/vc_column_text][\/vc_column][\/vc_row][vc_row][vc_column][vc_column_text]<\/p>\n<h6><span style=\"font-family: arial, helvetica, sans-serif; font-size: 10px; color: #808080;\">Las medidas est\u00e1n sujetas a cambios sin previo aviso.<\/span><\/h6>\n<p>[\/vc_column_text][\/vc_column][\/vc_row]<\/p>\n","protected":false},"excerpt":{"rendered":"<p>[vc_row][vc_column][vc_empty_space height=\u00bb10px\u00bb][vc_empty_space height=\u00bb10px\u00bb][vc_column_text] MedUSe KG Equipo de limpieza por ultrasonidos Las unidades de limpieza por ultrasonidos de la serie MedUSe KG constan de tanques de acero inoxidable y han sido especialmente desarrolladas para una amplia gama de aplicaciones en los sectores industrial y m\u00e9dico. Gracias al alto rendimiento de limpieza de los sistemas de vibraci\u00f3n [&hellip;]<\/p>\n","protected":false},"author":1,"featured_media":0,"parent":0,"menu_order":0,"comment_status":"closed","ping_status":"closed","template":"","meta":{"_monsterinsights_skip_tracking":false,"_monsterinsights_sitenote_active":false,"_monsterinsights_sitenote_note":"","_monsterinsights_sitenote_category":0,"footnotes":""},"jetpack_sharing_enabled":true,"_links":{"self":[{"href":"https:\/\/medisonics.com\/es\/wp-json\/wp\/v2\/pages\/5854"}],"collection":[{"href":"https:\/\/medisonics.com\/es\/wp-json\/wp\/v2\/pages"}],"about":[{"href":"https:\/\/medisonics.com\/es\/wp-json\/wp\/v2\/types\/page"}],"author":[{"embeddable":true,"href":"https:\/\/medisonics.com\/es\/wp-json\/wp\/v2\/users\/1"}],"replies":[{"embeddable":true,"href":"https:\/\/medisonics.com\/es\/wp-json\/wp\/v2\/comments?post=5854"}],"version-history":[{"count":16,"href":"https:\/\/medisonics.com\/es\/wp-json\/wp\/v2\/pages\/5854\/revisions"}],"predecessor-version":[{"id":7452,"href":"https:\/\/medisonics.com\/es\/wp-json\/wp\/v2\/pages\/5854\/revisions\/7452"}],"wp:attachment":[{"href":"https:\/\/medisonics.com\/es\/wp-json\/wp\/v2\/media?parent=5854"}],"curies":[{"name":"wp","href":"https:\/\/api.w.org\/{rel}","templated":true}]}}