{"id":5900,"date":"2022-05-27T08:53:50","date_gmt":"2022-05-27T08:53:50","guid":{"rendered":"https:\/\/www.medisonics.com\/403_medusas_50_tg\/"},"modified":"2022-08-01T06:25:49","modified_gmt":"2022-08-01T06:25:49","slug":"403_medusas_50_tg","status":"publish","type":"page","link":"https:\/\/medisonics.com\/es\/403_medusas_50_tg\/","title":{"rendered":"403_medusas_50_TG"},"content":{"rendered":"<p>[vc_row][vc_column][vc_empty_space height=\u00bb50&#8243;]\n\t\t\t<!-- START Home 403 REVOLUTION SLIDER 6.6.20 --><p class=\"rs-p-wp-fix\"><\/p>\n\t\t\t<rs-module-wrap id=\"rev_slider_55_1_wrapper\" data-source=\"gallery\" style=\"visibility:hidden;background:transparent;padding:0;margin:0px auto;margin-top:0;margin-bottom:0;\">\n\t\t\t\t<rs-module id=\"rev_slider_55_1\" style=\"\" data-version=\"6.6.20\">\n\t\t\t\t\t<rs-slides style=\"overflow: hidden; position: absolute;\">\n\t\t\t\t\t\t<rs-slide style=\"position: absolute;\" data-key=\"rs-86\" data-title=\"Slide\" data-anim=\"adpr:false;ms:50;\" data-in=\"o:0;\" data-out=\"a:false;\">\n\t\t\t\t\t\t\t<img decoding=\"async\" src=\"\/\/medisonics.com\/wp-content\/plugins\/revslider\/public\/assets\/assets\/dummy.png\" alt=\"Slide\" title=\"403_medusas_50_TG\" class=\"rev-slidebg tp-rs-img rs-lazyload\" data-lazyload=\"\/\/medisonics.com\/wp-content\/plugins\/revslider\/public\/assets\/assets\/transparent.png\" data-no-retina>\n<!--\n\t\t\t\t\t\t\t--><rs-layer\n\t\t\t\t\t\t\t\tid=\"slider-55-slide-86-layer-0\" \n\t\t\t\t\t\t\t\tdata-type=\"image\"\n\t\t\t\t\t\t\t\tdata-rsp_ch=\"on\"\n\t\t\t\t\t\t\t\tdata-xy=\"x:413px;\"\n\t\t\t\t\t\t\t\tdata-text=\"w:normal;\"\n\t\t\t\t\t\t\t\tdata-dim=\"w:300px;h:345px;\"\n\t\t\t\t\t\t\t\tdata-frame_999=\"o:0;st:w;\"\n\t\t\t\t\t\t\t\tstyle=\"z-index:5;\"\n\t\t\t\t\t\t\t><img decoding=\"async\" src=\"\/\/medisonics.com\/wp-content\/plugins\/revslider\/public\/assets\/assets\/dummy.png\" alt=\"\" class=\"tp-rs-img rs-lazyload\" width=\"323\" height=\"371\" data-lazyload=\"\/\/medisonics.com\/wp-content\/uploads\/2022\/05\/403-MedUSe-50-tg-.jpg\" data-no-retina> \n\t\t\t\t\t\t\t<\/rs-layer><!--\n-->\t\t\t\t\t\t<\/rs-slide>\n\t\t\t\t\t<\/rs-slides>\n\t\t\t\t<\/rs-module>\n\t\t\t\t<script>\n\t\t\t\t\tsetREVStartSize({c: 'rev_slider_55_1',rl:[1240,1024,778,480],el:[350],gw:[1240],gh:[350],type:'hero',justify:'',layout:'fullwidth',mh:\"0\"});if (window.RS_MODULES!==undefined && window.RS_MODULES.modules!==undefined && window.RS_MODULES.modules[\"revslider551\"]!==undefined) {window.RS_MODULES.modules[\"revslider551\"].once = false;window.revapi55 = undefined;if (window.RS_MODULES.checkMinimal!==undefined) window.RS_MODULES.checkMinimal()}\n\t\t\t\t<\/script>\n\t\t\t<\/rs-module-wrap>\n\t\t\t<!-- END REVOLUTION SLIDER -->\n[vc_empty_space height=\u00bb10px\u00bb][vc_column_text]<\/p>\n<pre><strong><span style=\"font-family: arial, helvetica, sans-serif; font-size: 24px;\">MedUSe 50-TG\n<\/span><\/strong><span style=\"font-size: 16px; color: #808080;\"><strong><span style=\"font-family: arial, helvetica, sans-serif;\">Ultrasonic cleaning equipment<\/span> <\/strong><\/span><\/pre>\n<hr>\n<h6><span style=\"font-family: arial, helvetica, sans-serif; font-size: 14px; color: #808080;\">La unidad de limpieza por ultrasonidos consiste en un sistema de ultrasonidos de alto rendimiento que puede utilizarse espec\u00edficamente para una amplia gama de aplicaciones en hospitales, consultas y laboratorios. A trav\u00e9s de muchos a\u00f1os de experiencia y desarrollo innovador, la serie MedUSe TG ha sido dise\u00f1ada como una versi\u00f3n de mesa con tecnolog\u00eda de vanguardia.<\/span><\/h6>\n<h6><span style=\"font-family: arial, helvetica, sans-serif; font-size: 14px; color: #808080;\">El panel t\u00e1ctil de 5\u00bb permite la programaci\u00f3n de diferentes procesos de limpieza, lo que permite una calidad de limpieza eficiente y constante. El sistema est\u00e1 dise\u00f1ado con la \u00faltima tecnolog\u00eda de ultrasonidos y aporta una alta potencia de ultrasonidos de hasta 20 W\/litro.<\/span><\/h6>\n<h6><strong><br \/>\n  <span style=\"font-family: arial, helvetica, sans-serif; font-size: 14px; color: #000000;\">F\u00e1cil manejo<br \/>\n<\/span><br \/>\n<\/strong><span style=\"font-family: arial, helvetica, sans-serif; font-size: 14px; color: #808080;\">&#8216; Permite el uso econ\u00f3mico de medios, detergentes y desinfectantes<br \/>\n<\/span><span style=\"font-family: arial, helvetica, sans-serif; font-size: 14px; color: #808080;\">&#8216; Acci\u00f3n ultras\u00f3nica homog\u00e9nea y eficaz y desprendimiento de contaminantes<br \/>\n<\/span><span style=\"font-family: arial, helvetica, sans-serif; font-size: 14px; color: #808080;\">&#8216; Procesos continuos con resultados de excelente calidad Caracter\u00edsticas del sistema como: Potencia de los ultrasonidos, desgasificaci\u00f3n, barrido, tiempos de proceso<br \/>\n<\/span><span style=\"font-family: arial, helvetica, sans-serif; font-size: 14px; color: #808080;\">&#8216; Panel t\u00e1ctil de 5\u00bb procesos horizontales programables individualmente<br \/>\n<\/span><span style=\"font-family: arial, helvetica, sans-serif; font-size: 14px; color: #808080;\">&#8216; Contrase\u00f1as para el operador y el supervisor<br \/>\n<\/span><span style=\"font-family: arial, helvetica, sans-serif; font-size: 14px; color: #808080;\">&#8216; Tapa hecha de temp. vidrio con bisagras de fricci\u00f3n<br \/>\n<\/span><span style=\"font-family: arial, helvetica, sans-serif; font-size: 14px; color: #808080;\">&#8216; Asa de giro lateral para el desag\u00fce de medios<br \/>\n<\/span><span style=\"font-family: arial, helvetica, sans-serif; font-size: 14px; color: #808080;\">&#8216; Sondeo de fondo con 20 transductores<br \/>\n<\/span><span style=\"font-family: arial, helvetica, sans-serif; font-size: 14px; color: #808080;\">&#8216; El agua de la tapa vuelve a entrar en el dep\u00f3sito cuando se abre<br \/>\n<\/span><\/h6>\n<p>[\/vc_column_text][\/vc_column][\/vc_row][vc_row][vc_column][vc_column_text]<\/p>\n<h6><span style=\"font-family: arial, helvetica, sans-serif; font-size: 10px; color: #808080;\">Las medidas est\u00e1n sujetas a cambios sin previo aviso.<\/span><\/h6>\n<p>[\/vc_column_text][\/vc_column][\/vc_row]<\/p>\n","protected":false},"excerpt":{"rendered":"<p>[vc_row][vc_column][vc_empty_space height=\u00bb50&#8243;][vc_empty_space height=\u00bb10px\u00bb][vc_column_text] MedUSe 50-TG Ultrasonic cleaning equipment La unidad de limpieza por ultrasonidos consiste en un sistema de ultrasonidos de alto rendimiento que puede utilizarse espec\u00edficamente para una amplia gama de aplicaciones en hospitales, consultas y laboratorios. A trav\u00e9s de muchos a\u00f1os de experiencia y desarrollo innovador, la serie MedUSe TG ha sido dise\u00f1ada [&hellip;]<\/p>\n","protected":false},"author":1,"featured_media":0,"parent":0,"menu_order":0,"comment_status":"closed","ping_status":"closed","template":"","meta":{"_monsterinsights_skip_tracking":false,"_monsterinsights_sitenote_active":false,"_monsterinsights_sitenote_note":"","_monsterinsights_sitenote_category":0,"footnotes":""},"jetpack_sharing_enabled":true,"_links":{"self":[{"href":"https:\/\/medisonics.com\/es\/wp-json\/wp\/v2\/pages\/5900"}],"collection":[{"href":"https:\/\/medisonics.com\/es\/wp-json\/wp\/v2\/pages"}],"about":[{"href":"https:\/\/medisonics.com\/es\/wp-json\/wp\/v2\/types\/page"}],"author":[{"embeddable":true,"href":"https:\/\/medisonics.com\/es\/wp-json\/wp\/v2\/users\/1"}],"replies":[{"embeddable":true,"href":"https:\/\/medisonics.com\/es\/wp-json\/wp\/v2\/comments?post=5900"}],"version-history":[{"count":18,"href":"https:\/\/medisonics.com\/es\/wp-json\/wp\/v2\/pages\/5900\/revisions"}],"predecessor-version":[{"id":7770,"href":"https:\/\/medisonics.com\/es\/wp-json\/wp\/v2\/pages\/5900\/revisions\/7770"}],"wp:attachment":[{"href":"https:\/\/medisonics.com\/es\/wp-json\/wp\/v2\/media?parent=5900"}],"curies":[{"name":"wp","href":"https:\/\/api.w.org\/{rel}","templated":true}]}}