{"id":5966,"date":"2022-05-17T14:19:56","date_gmt":"2022-05-17T14:19:56","guid":{"rendered":"https:\/\/www.medisonics.com\/503_medusas_10_7ak\/"},"modified":"2022-07-30T07:57:58","modified_gmt":"2022-07-30T07:57:58","slug":"503_medusas_10_7ak","status":"publish","type":"page","link":"https:\/\/medisonics.com\/es\/503_medusas_10_7ak\/","title":{"rendered":"503_medusas_10_7AK"},"content":{"rendered":"<p>[vc_row][vc_column]\n\t\t\t<!-- START Home 500_3 REVOLUTION SLIDER 6.6.20 --><p class=\"rs-p-wp-fix\"><\/p>\n\t\t\t<rs-module-wrap id=\"rev_slider_38_1_wrapper\" data-source=\"gallery\" style=\"visibility:hidden;background:transparent;padding:0;margin:0px auto;margin-top:0;margin-bottom:0;\">\n\t\t\t\t<rs-module id=\"rev_slider_38_1\" style=\"\" data-version=\"6.6.20\">\n\t\t\t\t\t<rs-slides style=\"overflow: hidden; position: absolute;\">\n\t\t\t\t\t\t<rs-slide style=\"position: absolute;\" data-key=\"rs-69\" data-title=\"Slide\" data-anim=\"adpr:false;\" data-in=\"o:0;\" data-out=\"a:false;\">\n\t\t\t\t\t\t\t<img decoding=\"async\" src=\"\/\/medisonics.com\/wp-content\/plugins\/revslider\/public\/assets\/assets\/dummy.png\" alt=\"Slide\" title=\"503_medusas_10_7AK\" class=\"rev-slidebg tp-rs-img rs-lazyload\" data-lazyload=\"\/\/medisonics.com\/wp-content\/plugins\/revslider\/public\/assets\/assets\/transparent.png\" data-no-retina>\n<!--\n\t\t\t\t\t\t\t--><rs-layer\n\t\t\t\t\t\t\t\tid=\"slider-38-slide-69-layer-0\" \n\t\t\t\t\t\t\t\tclass=\"rs-fsv rs-layer-video intrinsic-ignore\"\n\t\t\t\t\t\t\t\tdata-type=\"video\"\n\t\t\t\t\t\t\t\tdata-rsp_ch=\"on\"\n\t\t\t\t\t\t\t\tdata-xy=\"x:0;y:0;\"\n\t\t\t\t\t\t\t\tdata-text=\"w:normal;\"\n\t\t\t\t\t\t\t\tdata-dim=\"w:100%;h:100%;\"\n\t\t\t\t\t\t\t\tdata-basealign=\"slide\"\n\t\t\t\t\t\t\t\tdata-video=\"vfc:true;twa:false;vd:100;rwd:f;fc:true;l:true;ptimer:false;nse:f;vc:t;inl:f;\"\n\t\t\t\t\t\t\t\tdata-poster=\"\/\/medisonics.com\/wp-content\/uploads\/revslider\/video-media\/500_1_69_layer.jpeg\"\n\t\t\t\t\t\t\t\tdata-mp4=\"\/\/medisonics.com\/wp-content\/uploads\/2022\/05\/500_1.mp4\"\n\t\t\t\t\t\t\t\tdata-frame_1=\"sp:50;\"\n\t\t\t\t\t\t\t\tdata-frame_999=\"o:0;st:w;sR:8950;\"\n\t\t\t\t\t\t\t\tstyle=\"z-index:8;\"\n\t\t\t\t\t\t\t>\n\t\t\t\t\t\t\t<\/rs-layer><!--\n-->\t\t\t\t\t\t<\/rs-slide>\n\t\t\t\t\t<\/rs-slides>\n\t\t\t\t<\/rs-module>\n\t\t\t\t<script>\n\t\t\t\t\tsetREVStartSize({c: 'rev_slider_38_1',rl:[1240,1024,778,480],el:[540],gw:[1180],gh:[540],type:'hero',justify:'',layout:'fullwidth',mh:\"0\"});if (window.RS_MODULES!==undefined && window.RS_MODULES.modules!==undefined && window.RS_MODULES.modules[\"revslider381\"]!==undefined) {window.RS_MODULES.modules[\"revslider381\"].once = false;window.revapi38 = undefined;if (window.RS_MODULES.checkMinimal!==undefined) window.RS_MODULES.checkMinimal()}\n\t\t\t\t<\/script>\n\t\t\t<\/rs-module-wrap>\n\t\t\t<!-- END REVOLUTION SLIDER -->\n[vc_empty_space height=\u00bb10px\u00bb][vc_column_text]<\/p>\n<pre><strong><span style=\"font-family: arial, helvetica, sans-serif; font-size: 24px;\">MedUSe 10-7AK\n<\/span><span style=\"font-family: arial, helvetica, sans-serif; font-size: 16px; color: #808080;\">Sistema de limpieza por ultrasonidos para la pasivaci\u00f3n de implantes m\u00e9dicos<\/span><\/strong><span style=\"font-family: arial, helvetica, sans-serif; font-size: 14px; color: #808080;\">\n<\/span><\/pre>\n<hr>\n<h6><span style=\"font-family: arial, helvetica, sans-serif; font-size: 14px; color: #808080;\"><br \/>\nEl MedUSe 10-7AK fue desarrollado por nosotros despu\u00e9s de muchos a\u00f1os de experiencia y el intercambio activo con los fabricantes de implantes y sus necesidades especialmente para el campo m\u00e9dico. Representa un innovador sistema de limpieza de primera clase para la pr\u00e1ctica de los fabricantes de implantes y cumple los requisitos especiales de higiene para el tratamiento de superficies m\u00e1s exigente.<\/span><\/h6>\n<h6><span style=\"font-family: arial, helvetica, sans-serif; font-size: 14px; color: #808080;\">Las cestas individuales pasan primero por el ba\u00f1o de limpieza previa, con sonicaci\u00f3n ultras\u00f3nica y desinfectante. Para garantizar un alto nivel de limpieza y desinfecci\u00f3n, la limpieza principal se realiza en varios ba\u00f1os con desinfectantes y detergentes especiales en 2 ciclos de proceso divididos. En este proceso, la limpieza se intensifica considerablemente mediante varios sistemas de recirculaci\u00f3n.<\/span><\/h6>\n<h6><span style=\"font-family: arial, helvetica, sans-serif; font-size: 14px; color: #808080;\">La dosificaci\u00f3n de los desinfectantes, as\u00ed como de los diferentes productos qu\u00edmicos de pasivaci\u00f3n, se realiza mediante una m\u00e1quina dosificadora autom\u00e1tica que garantiza una calidad de tratamiento constante. El proceso de pasivaci\u00f3n es programable y sigue las \u00faltimas directrices m\u00e9dico-t\u00e9cnicas. El sistema tambi\u00e9n incluye un sistema de secado por aire caliente.<\/span><\/h6>\n<h6><span style=\"font-family: arial, helvetica, sans-serif; font-size: 14px; color: #808080;\">El desarrollo de este sistema est\u00e1 protegido por la Ley suiza de derechos de autor (URG) SR231.1 de 1992 (rev. 2008).<\/span><\/h6>\n<p>[\/vc_column_text][vc_column_text]<\/p>\n<h6><span style=\"font-family: arial, helvetica, sans-serif; font-size: 14px; color: #808080;\">\n<table id=\"tablepress-11\" class=\"tablepress tablepress-id-11\">\n<thead>\n<tr class=\"row-1 odd\">\n\t<th class=\"column-1\">Designation\/type<\/th><th class=\"column-2\">Dim. Plant\u00a0 (mm)<\/th><th class=\"column-3\">Bath volume\u00a0 (Liter)<\/th><th class=\"column-4\">Dim. Trays\u00a0 (mm)<\/th><th class=\"column-5\">Disinfection system<\/th><th class=\"column-6\">Transportation<\/th><th class=\"column-7\">Ultrasonic<\/th>\n<\/tr>\n<\/thead>\n<tbody class=\"row-hover\">\n<tr class=\"row-2 even\">\n\t<td class=\"column-1\">MedUSe 10-7AK-1000<\/td><td class=\"column-2\">2000x590x440<\/td><td class=\"column-3\">10<\/td><td class=\"column-4\">200x300x50<\/td><td class=\"column-5\">Yes<\/td><td class=\"column-6\">Loading\/unloading system<\/td><td class=\"column-7\">30kHz\/1 x 1'000W<\/td>\n<\/tr>\n<tr class=\"row-3 odd\">\n\t<td class=\"column-1\">MedUSe 10-7AK-2000<\/td><td class=\"column-2\">2000x590x440<\/td><td class=\"column-3\">10<\/td><td class=\"column-4\">200x300x50<\/td><td class=\"column-5\">Yes<\/td><td class=\"column-6\">Loading\/unloading system<\/td><td class=\"column-7\">30kHz\/2 x 1'000W<\/td>\n<\/tr>\n<tr class=\"row-4 even\">\n\t<td class=\"column-1\">MedUSe 10-7AK-3000<\/td><td class=\"column-2\">2000x590x440<\/td><td class=\"column-3\">10<\/td><td class=\"column-4\">200x300x50<\/td><td class=\"column-5\">Yes<\/td><td class=\"column-6\">Loading\/unloading system<\/td><td class=\"column-7\">30kHz\/3 x 1'000W<\/td>\n<\/tr>\n<tr class=\"row-5 odd\">\n\t<td class=\"column-1\">MedUSe 10-7AK-4000<\/td><td class=\"column-2\">2000x590x440<\/td><td class=\"column-3\">10<\/td><td class=\"column-4\">200x300x50<\/td><td class=\"column-5\">Yes<\/td><td class=\"column-6\">Loading\/unloading system<\/td><td class=\"column-7\">30kHz\/4 x 1'000W<\/td>\n<\/tr>\n<\/tbody>\n<\/table>\n<\/span><\/h6>\n<p>[\/vc_column_text][\/vc_column][\/vc_row][vc_row][vc_column][vc_column_text]<\/p>\n<h6><span style=\"font-family: arial, helvetica, sans-serif; font-size: 10px; color: #808080;\">Las medidas est\u00e1n sujetas a cambios sin previo aviso.<\/span><\/h6>\n<p>[\/vc_column_text][\/vc_column][\/vc_row][vc_row][vc_column][vc_empty_space height=\u00bb30px\u00bb][\/vc_column][\/vc_row]<\/p>\n","protected":false},"excerpt":{"rendered":"<p>[vc_row][vc_column][vc_empty_space height=\u00bb10px\u00bb][vc_column_text] MedUSe 10-7AK Sistema de limpieza por ultrasonidos para la pasivaci\u00f3n de implantes m\u00e9dicos El MedUSe 10-7AK fue desarrollado por nosotros despu\u00e9s de muchos a\u00f1os de experiencia y el intercambio activo con los fabricantes de implantes y sus necesidades especialmente para el campo m\u00e9dico. Representa un innovador sistema de limpieza de primera clase para [&hellip;]<\/p>\n","protected":false},"author":1,"featured_media":0,"parent":0,"menu_order":0,"comment_status":"closed","ping_status":"closed","template":"","meta":{"_monsterinsights_skip_tracking":false,"_monsterinsights_sitenote_active":false,"_monsterinsights_sitenote_note":"","_monsterinsights_sitenote_category":0,"footnotes":""},"jetpack_sharing_enabled":true,"_links":{"self":[{"href":"https:\/\/medisonics.com\/es\/wp-json\/wp\/v2\/pages\/5966"}],"collection":[{"href":"https:\/\/medisonics.com\/es\/wp-json\/wp\/v2\/pages"}],"about":[{"href":"https:\/\/medisonics.com\/es\/wp-json\/wp\/v2\/types\/page"}],"author":[{"embeddable":true,"href":"https:\/\/medisonics.com\/es\/wp-json\/wp\/v2\/users\/1"}],"replies":[{"embeddable":true,"href":"https:\/\/medisonics.com\/es\/wp-json\/wp\/v2\/comments?post=5966"}],"version-history":[{"count":5,"href":"https:\/\/medisonics.com\/es\/wp-json\/wp\/v2\/pages\/5966\/revisions"}],"predecessor-version":[{"id":7467,"href":"https:\/\/medisonics.com\/es\/wp-json\/wp\/v2\/pages\/5966\/revisions\/7467"}],"wp:attachment":[{"href":"https:\/\/medisonics.com\/es\/wp-json\/wp\/v2\/media?parent=5966"}],"curies":[{"name":"wp","href":"https:\/\/api.w.org\/{rel}","templated":true}]}}