{"id":6052,"date":"2022-05-17T14:25:56","date_gmt":"2022-05-17T14:25:56","guid":{"rendered":"https:\/\/www.medisonics.com\/505_medusas_50_6_ak\/"},"modified":"2022-07-30T08:17:40","modified_gmt":"2022-07-30T08:17:40","slug":"505_medusas_50_6_ak","status":"publish","type":"page","link":"https:\/\/medisonics.com\/es\/505_medusas_50_6_ak\/","title":{"rendered":"505_medusas_50_6_ak"},"content":{"rendered":"<p>[vc_row][vc_column]\n\t\t\t<!-- START Home 500_5 REVOLUTION SLIDER 6.6.20 --><p class=\"rs-p-wp-fix\"><\/p>\n\t\t\t<rs-module-wrap id=\"rev_slider_40_1_wrapper\" data-source=\"gallery\" style=\"visibility:hidden;background:transparent;padding:0;margin:0px auto;margin-top:0;margin-bottom:0;\">\n\t\t\t\t<rs-module id=\"rev_slider_40_1\" style=\"\" data-version=\"6.6.20\">\n\t\t\t\t\t<rs-slides style=\"overflow: hidden; position: absolute;\">\n\t\t\t\t\t\t<rs-slide style=\"position: absolute;\" data-key=\"rs-71\" data-title=\"Slide\" data-anim=\"adpr:false;\" data-in=\"o:0;\" data-out=\"a:false;\">\n\t\t\t\t\t\t\t<img decoding=\"async\" src=\"\/\/medisonics.com\/wp-content\/plugins\/revslider\/public\/assets\/assets\/dummy.png\" alt=\"Slide\" title=\"505_medusas_50_6_ak\" class=\"rev-slidebg tp-rs-img rs-lazyload\" data-lazyload=\"\/\/medisonics.com\/wp-content\/plugins\/revslider\/public\/assets\/assets\/transparent.png\" data-no-retina>\n<!--\n\t\t\t\t\t\t\t--><rs-layer\n\t\t\t\t\t\t\t\tid=\"slider-40-slide-71-layer-0\" \n\t\t\t\t\t\t\t\tclass=\"rs-fsv rs-layer-video intrinsic-ignore\"\n\t\t\t\t\t\t\t\tdata-type=\"video\"\n\t\t\t\t\t\t\t\tdata-rsp_ch=\"on\"\n\t\t\t\t\t\t\t\tdata-xy=\"x:0;y:0;\"\n\t\t\t\t\t\t\t\tdata-text=\"w:normal;\"\n\t\t\t\t\t\t\t\tdata-dim=\"w:100%;h:100%;\"\n\t\t\t\t\t\t\t\tdata-basealign=\"slide\"\n\t\t\t\t\t\t\t\tdata-video=\"vfc:true;twa:false;vd:100;rwd:f;fc:true;l:true;ptimer:false;nse:f;afs:f;vc:t;inl:f;\"\n\t\t\t\t\t\t\t\tdata-poster=\"\/\/medisonics.com\/wp-content\/uploads\/revslider\/video-media\/500_5-1_71_layer.jpeg\"\n\t\t\t\t\t\t\t\tdata-mp4=\"\/\/medisonics.com\/wp-content\/uploads\/2022\/05\/500_5-1.mp4\"\n\t\t\t\t\t\t\t\tdata-frame_1=\"sp:50;\"\n\t\t\t\t\t\t\t\tdata-frame_999=\"o:0;st:w;sR:8950;\"\n\t\t\t\t\t\t\t\tstyle=\"z-index:8;\"\n\t\t\t\t\t\t\t>\n\t\t\t\t\t\t\t<\/rs-layer><!--\n-->\t\t\t\t\t\t<\/rs-slide>\n\t\t\t\t\t<\/rs-slides>\n\t\t\t\t<\/rs-module>\n\t\t\t\t<script>\n\t\t\t\t\tsetREVStartSize({c: 'rev_slider_40_1',rl:[1240,1024,778,480],el:[650],gw:[1180],gh:[650],type:'hero',justify:'',layout:'fullwidth',mh:\"0\"});if (window.RS_MODULES!==undefined && window.RS_MODULES.modules!==undefined && window.RS_MODULES.modules[\"revslider401\"]!==undefined) {window.RS_MODULES.modules[\"revslider401\"].once = false;window.revapi40 = undefined;if (window.RS_MODULES.checkMinimal!==undefined) window.RS_MODULES.checkMinimal()}\n\t\t\t\t<\/script>\n\t\t\t<\/rs-module-wrap>\n\t\t\t<!-- END REVOLUTION SLIDER -->\n[vc_empty_space height=\u00bb10px\u00bb][vc_column_text]<\/p>\n<pre><strong><span style=\"font-family: arial, helvetica, sans-serif; font-size: 24px;\">MedUSe 50-6AK\n<\/span><span style=\"font-family: arial, helvetica, sans-serif; font-size: 16px; color: #808080;\">Sistema de ultrasonidos de limpieza fina para implantes<\/span><\/strong><\/pre>\n<hr>\n<h6><span style=\"font-family: arial, helvetica, sans-serif; font-size: 14px; color: #808080;\">El MedUSe 50-6AK es un sistema de limpieza fina, que est\u00e1 \u00f3ptimamente dise\u00f1ado para la limpieza fina de implantes. Este sistema se caracteriza por la alta calidad, la capacidad de producci\u00f3n y la soluci\u00f3n flexible para la limpieza eficaz por ultrasonidos de piezas individuales, piezas de alto valor en soportes o material a granel. Dise\u00f1o de la planta: Este dise\u00f1o permite trabajar incluso en salas limpias y ultralimpias hasta una clase de sala limpia de 100.<\/span><\/h6>\n<h6><span style=\"font-family: arial, helvetica, sans-serif; font-size: 14px; color: #808080;\">La alimentaci\u00f3n es totalmente autom\u00e1tica y permite un rendimiento de lotes muy elevado. El sistema de tratamiento del agua permite un pretratamiento del agua ool\u00f3gicamente perfecto para los distintos ba\u00f1os de inmersi\u00f3n. La unidad de embalaje final opcional permite preparar las piezas para su env\u00edo sin contacto en condiciones de sala limpia absoluta. La etapa final de secado autom\u00e1tico se ofrece en cuatro versiones diferentes: Aire caliente, infrarrojos, aire caliente e infrarrojos, vac\u00edo.<\/span><\/h6>\n<h6><span style=\"font-family: arial, helvetica, sans-serif; font-size: 14px; color: #808080;\">Tecnolog\u00eda: Sistema de tratamiento de agua, Sistema de control visualizado, Conjuntos modulares, M\u00e1quina de carga y descarga, Sistema de regeneraci\u00f3n de agua sucia, Sistema de secado, Unidad de embalaje en condiciones de sala limpia, Campanas de encapsulaci\u00f3n con sistema de ventilaci\u00f3n para condiciones de sala limpia, Sistema de control. El sistema de control visualizado permite programar libremente varios procesos de limpieza.<\/span><\/h6>\n<h6><span style=\"font-family: arial, helvetica, sans-serif; font-size: 14px; color: #808080;\">Los sistemas de limpieza fina de MediSonics est\u00e1n programados con un sistema de validaci\u00f3n flexible. MediSonics cumple con los requisitos de la Administraci\u00f3n de Alimentos y Medicamentos de los Estados Unidos (FDA) en el 21 CFR Parte 11, lo que nos permite cumplir con los requisitos de calidad de nuestros clientes, que se resumen bajo el t\u00e9rmino Buenas Pr\u00e1cticas de Fabricaci\u00f3n (GMP).<\/span><\/h6>\n<h6><span style=\"font-family: arial, helvetica, sans-serif; font-size: 14px; color: #808080;\">El desarrollo de este sistema est\u00e1 protegido por la Ley suiza de derechos de autor (URG) SR231.1 de 1992 (rev. 2008).<\/span><\/h6>\n<p>[\/vc_column_text][\/vc_column][\/vc_row][vc_row][vc_column][vc_column_text]<\/p>\n<h6><span style=\"font-family: arial, helvetica, sans-serif; font-size: 10px; color: #808080;\">Las medidas est\u00e1n sujetas a cambios sin previo aviso.<\/span><\/h6>\n<p>[\/vc_column_text][\/vc_column][\/vc_row]<\/p>\n","protected":false},"excerpt":{"rendered":"<p>[vc_row][vc_column][vc_empty_space height=\u00bb10px\u00bb][vc_column_text] MedUSe 50-6AK Sistema de ultrasonidos de limpieza fina para implantes El MedUSe 50-6AK es un sistema de limpieza fina, que est\u00e1 \u00f3ptimamente dise\u00f1ado para la limpieza fina de implantes. Este sistema se caracteriza por la alta calidad, la capacidad de producci\u00f3n y la soluci\u00f3n flexible para la limpieza eficaz por ultrasonidos de piezas [&hellip;]<\/p>\n","protected":false},"author":1,"featured_media":0,"parent":0,"menu_order":0,"comment_status":"closed","ping_status":"closed","template":"","meta":{"_monsterinsights_skip_tracking":false,"_monsterinsights_sitenote_active":false,"_monsterinsights_sitenote_note":"","_monsterinsights_sitenote_category":0,"footnotes":""},"jetpack_sharing_enabled":true,"_links":{"self":[{"href":"https:\/\/medisonics.com\/es\/wp-json\/wp\/v2\/pages\/6052"}],"collection":[{"href":"https:\/\/medisonics.com\/es\/wp-json\/wp\/v2\/pages"}],"about":[{"href":"https:\/\/medisonics.com\/es\/wp-json\/wp\/v2\/types\/page"}],"author":[{"embeddable":true,"href":"https:\/\/medisonics.com\/es\/wp-json\/wp\/v2\/users\/1"}],"replies":[{"embeddable":true,"href":"https:\/\/medisonics.com\/es\/wp-json\/wp\/v2\/comments?post=6052"}],"version-history":[{"count":6,"href":"https:\/\/medisonics.com\/es\/wp-json\/wp\/v2\/pages\/6052\/revisions"}],"predecessor-version":[{"id":7495,"href":"https:\/\/medisonics.com\/es\/wp-json\/wp\/v2\/pages\/6052\/revisions\/7495"}],"wp:attachment":[{"href":"https:\/\/medisonics.com\/es\/wp-json\/wp\/v2\/media?parent=6052"}],"curies":[{"name":"wp","href":"https:\/\/api.w.org\/{rel}","templated":true}]}}