{"id":6063,"date":"2022-05-17T14:34:40","date_gmt":"2022-05-17T14:34:40","guid":{"rendered":"https:\/\/www.medisonics.com\/506_medusas_150_7ak\/"},"modified":"2022-07-28T08:25:47","modified_gmt":"2022-07-28T08:25:47","slug":"506_medusas_150_7ak","status":"publish","type":"page","link":"https:\/\/medisonics.com\/es\/506_medusas_150_7ak\/","title":{"rendered":"506_medusas_150_7ak"},"content":{"rendered":"<p>[vc_row][vc_column]\n\t\t\t<!-- START Home 500_6 REVOLUTION SLIDER 6.6.20 --><p class=\"rs-p-wp-fix\"><\/p>\n\t\t\t<rs-module-wrap id=\"rev_slider_41_1_wrapper\" data-source=\"gallery\" style=\"visibility:hidden;background:transparent;padding:0;margin:0px auto;margin-top:0;margin-bottom:0;\">\n\t\t\t\t<rs-module id=\"rev_slider_41_1\" style=\"\" data-version=\"6.6.20\">\n\t\t\t\t\t<rs-slides style=\"overflow: hidden; position: absolute;\">\n\t\t\t\t\t\t<rs-slide style=\"position: absolute;\" data-key=\"rs-72\" data-title=\"Slide\" data-anim=\"adpr:false;\" data-in=\"o:0;\" data-out=\"a:false;\">\n\t\t\t\t\t\t\t<img decoding=\"async\" src=\"\/\/medisonics.com\/wp-content\/plugins\/revslider\/public\/assets\/assets\/dummy.png\" alt=\"Slide\" title=\"506_medusas_150_7ak\" class=\"rev-slidebg tp-rs-img rs-lazyload\" data-lazyload=\"\/\/medisonics.com\/wp-content\/plugins\/revslider\/public\/assets\/assets\/transparent.png\" data-no-retina>\n<!--\n\t\t\t\t\t\t\t--><rs-layer\n\t\t\t\t\t\t\t\tid=\"slider-41-slide-72-layer-0\" \n\t\t\t\t\t\t\t\tclass=\"rs-fsv rs-layer-video intrinsic-ignore\"\n\t\t\t\t\t\t\t\tdata-type=\"video\"\n\t\t\t\t\t\t\t\tdata-rsp_ch=\"on\"\n\t\t\t\t\t\t\t\tdata-xy=\"x:0;y:0;\"\n\t\t\t\t\t\t\t\tdata-text=\"w:normal;\"\n\t\t\t\t\t\t\t\tdata-dim=\"w:100%;h:100%;\"\n\t\t\t\t\t\t\t\tdata-basealign=\"slide\"\n\t\t\t\t\t\t\t\tdata-video=\"vfc:true;twa:false;vd:100;rwd:f;fc:true;l:true;ptimer:false;nse:f;sav:f;afs:f;vc:t;inl:f;\"\n\t\t\t\t\t\t\t\tdata-poster=\"\/\/medisonics.com\/wp-content\/uploads\/revslider\/video-media\/500_6_72_layer.jpeg\"\n\t\t\t\t\t\t\t\tdata-mp4=\"\/\/medisonics.com\/wp-content\/uploads\/2022\/05\/500_6.mp4\"\n\t\t\t\t\t\t\t\tdata-frame_1=\"sp:50;\"\n\t\t\t\t\t\t\t\tdata-frame_999=\"o:0;st:w;sR:8950;\"\n\t\t\t\t\t\t\t\tstyle=\"z-index:8;\"\n\t\t\t\t\t\t\t>\n\t\t\t\t\t\t\t<\/rs-layer><!--\n-->\t\t\t\t\t\t<\/rs-slide>\n\t\t\t\t\t<\/rs-slides>\n\t\t\t\t<\/rs-module>\n\t\t\t\t<script>\n\t\t\t\t\tsetREVStartSize({c: 'rev_slider_41_1',rl:[1240,1024,778,480],el:[650],gw:[1180],gh:[650],type:'hero',justify:'',layout:'fullwidth',mh:\"0\"});if (window.RS_MODULES!==undefined && window.RS_MODULES.modules!==undefined && window.RS_MODULES.modules[\"revslider411\"]!==undefined) {window.RS_MODULES.modules[\"revslider411\"].once = false;window.revapi41 = undefined;if (window.RS_MODULES.checkMinimal!==undefined) window.RS_MODULES.checkMinimal()}\n\t\t\t\t<\/script>\n\t\t\t<\/rs-module-wrap>\n\t\t\t<!-- END REVOLUTION SLIDER -->\n[vc_empty_space height=\u00bb10px\u00bb][vc_column_text]<\/p>\n<pre><strong><span style=\"font-family: arial, helvetica, sans-serif; font-size: 24px;\">MedUSe 150-7AK\n<\/span><\/strong><span style=\"font-size: 16px; color: #808080;\"><strong><span style=\"font-family: arial, helvetica, sans-serif;\">U<\/span><\/strong><strong><span style=\"font-family: arial, helvetica, sans-serif;\">ltrasonic cleaning system for industry<\/span><\/strong><\/span><\/pre>\n<hr>\n<h6><span style=\"font-family: arial, helvetica, sans-serif; font-size: 14px; color: #808080;\">El MedUSe 150-7AK es un sistema de limpieza, que est\u00e1 mejor dise\u00f1ado para diversas aplicaciones en la industria. Esta m\u00e1quina se caracteriza por su alta calidad, capacidad de producci\u00f3n y soluci\u00f3n flexible para la limpieza eficaz por ultrasonidos de piezas individuales, piezas de alto valor en soportes o materiales a granel. El robot de transporte soporta hasta 100 kg de peso. Este dise\u00f1o permite trabajar incluso en salas limpias y ultralimpias hasta una clase de sala limpia de 100.<\/span><\/h6>\n<h6><span style=\"font-family: arial, helvetica, sans-serif; font-size: 14px; color: #808080;\">La alimentaci\u00f3n es totalmente autom\u00e1tica y permite un gran rendimiento de los lotes. El sistema de tratamiento del agua permite un pretratamiento del agua ool\u00f3gicamente perfecto para los distintos ba\u00f1os de inmersi\u00f3n.Tecnolog\u00eda: Sistema de tratamiento de agua, Sistema de control visualizado, Conjuntos modulares, M\u00e1quina de carga y descarga, Sistema de regeneraci\u00f3n de agua sucia, Sistema de secado, Unidad de embalaje en condiciones de sala limpia, Campanas de encapsulaci\u00f3n con sistema de ventilaci\u00f3n, Sistema de control.<\/span><\/h6>\n<h6><span style=\"font-family: arial, helvetica, sans-serif; font-size: 14px; color: #808080;\">El sistema de control visualizado permite programar libremente diferentes procesos de limpieza. El desarrollo de este sistema est\u00e1 protegido por la Ley suiza de derechos de autor (URG) SR231.1 de 1992 (rev. 2008).<\/span><\/h6>\n<p>[\/vc_column_text][\/vc_column][\/vc_row][vc_row][vc_column][vc_column_text]<\/p>\n<h6><span style=\"font-family: arial, helvetica, sans-serif; font-size: 10px; color: #808080;\">Las medidas est\u00e1n sujetas a cambios sin previo aviso.<\/span><\/h6>\n<p>[\/vc_column_text][\/vc_column][\/vc_row][vc_row][vc_column][vc_empty_space height=\u00bb100px\u00bb][\/vc_column][\/vc_row]<\/p>\n","protected":false},"excerpt":{"rendered":"<p>[vc_row][vc_column][vc_empty_space height=\u00bb10px\u00bb][vc_column_text] MedUSe 150-7AK Ultrasonic cleaning system for industry El MedUSe 150-7AK es un sistema de limpieza, que est\u00e1 mejor dise\u00f1ado para diversas aplicaciones en la industria. Esta m\u00e1quina se caracteriza por su alta calidad, capacidad de producci\u00f3n y soluci\u00f3n flexible para la limpieza eficaz por ultrasonidos de piezas individuales, piezas de alto valor en [&hellip;]<\/p>\n","protected":false},"author":1,"featured_media":0,"parent":0,"menu_order":0,"comment_status":"closed","ping_status":"closed","template":"","meta":{"_monsterinsights_skip_tracking":false,"_monsterinsights_sitenote_active":false,"_monsterinsights_sitenote_note":"","_monsterinsights_sitenote_category":0,"footnotes":""},"jetpack_sharing_enabled":true,"_links":{"self":[{"href":"https:\/\/medisonics.com\/es\/wp-json\/wp\/v2\/pages\/6063"}],"collection":[{"href":"https:\/\/medisonics.com\/es\/wp-json\/wp\/v2\/pages"}],"about":[{"href":"https:\/\/medisonics.com\/es\/wp-json\/wp\/v2\/types\/page"}],"author":[{"embeddable":true,"href":"https:\/\/medisonics.com\/es\/wp-json\/wp\/v2\/users\/1"}],"replies":[{"embeddable":true,"href":"https:\/\/medisonics.com\/es\/wp-json\/wp\/v2\/comments?post=6063"}],"version-history":[{"count":2,"href":"https:\/\/medisonics.com\/es\/wp-json\/wp\/v2\/pages\/6063\/revisions"}],"predecessor-version":[{"id":7143,"href":"https:\/\/medisonics.com\/es\/wp-json\/wp\/v2\/pages\/6063\/revisions\/7143"}],"wp:attachment":[{"href":"https:\/\/medisonics.com\/es\/wp-json\/wp\/v2\/media?parent=6063"}],"curies":[{"name":"wp","href":"https:\/\/api.w.org\/{rel}","templated":true}]}}