{"id":6190,"date":"2022-05-17T14:17:16","date_gmt":"2022-05-17T14:17:16","guid":{"rendered":"https:\/\/www.medisonics.com\/502_medusas_10_4ak\/"},"modified":"2022-08-01T06:25:49","modified_gmt":"2022-08-01T06:25:49","slug":"502_medusas_10_4ak","status":"publish","type":"page","link":"https:\/\/medisonics.com\/es\/502_medusas_10_4ak\/","title":{"rendered":"502_medusas_10_4AK"},"content":{"rendered":"<p>[vc_row][vc_column]\n\t\t\t<!-- START Home 500_1 REVOLUTION SLIDER 6.6.20 --><p class=\"rs-p-wp-fix\"><\/p>\n\t\t\t<rs-module-wrap id=\"rev_slider_37_1_wrapper\" data-source=\"gallery\" style=\"visibility:hidden;background:transparent;padding:0;margin:0px auto;margin-top:0;margin-bottom:0;\">\n\t\t\t\t<rs-module id=\"rev_slider_37_1\" style=\"\" data-version=\"6.6.20\">\n\t\t\t\t\t<rs-slides style=\"overflow: hidden; position: absolute;\">\n\t\t\t\t\t\t<rs-slide style=\"position: absolute;\" data-key=\"rs-68\" data-title=\"Slide\" data-anim=\"adpr:false;\" data-in=\"o:0;\" data-out=\"a:false;\">\n\t\t\t\t\t\t\t<img decoding=\"async\" src=\"\/\/medisonics.com\/wp-content\/plugins\/revslider\/public\/assets\/assets\/dummy.png\" alt=\"Slide\" title=\"NicePng_play-icon-png-transparent_3926192\" width=\"572\" height=\"390\" class=\"rev-slidebg tp-rs-img rs-lazyload\" data-lazyload=\"\/\/medisonics.com\/wp-content\/plugins\/revslider\/public\/assets\/assets\/transparent.png\" data-no-retina>\n<!--\n\t\t\t\t\t\t\t--><rs-layer\n\t\t\t\t\t\t\t\tid=\"slider-37-slide-68-layer-2\" \n\t\t\t\t\t\t\t\tclass=\"rs-fsv rs-layer-video intrinsic-ignore\"\n\t\t\t\t\t\t\t\tdata-type=\"video\"\n\t\t\t\t\t\t\t\tdata-rsp_ch=\"on\"\n\t\t\t\t\t\t\t\tdata-xy=\"x:0;y:0;\"\n\t\t\t\t\t\t\t\tdata-text=\"w:normal;\"\n\t\t\t\t\t\t\t\tdata-dim=\"w:100%;h:100%;\"\n\t\t\t\t\t\t\t\tdata-basealign=\"slide\"\n\t\t\t\t\t\t\t\tdata-video=\"vfc:true;twa:false;vd:100;fc:true;l:false;ptimer:false;vc:t;\"\n\t\t\t\t\t\t\t\tdata-poster=\"\/\/medisonics.com\/wp-content\/uploads\/revslider\/video-media\/500_1_68_layer2.jpeg\"\n\t\t\t\t\t\t\t\tdata-mp4=\"\/\/medisonics.com\/wp-content\/uploads\/2022\/05\/500_1.mp4\"\n\t\t\t\t\t\t\t\tdata-frame_999=\"o:0;st:w;\"\n\t\t\t\t\t\t\t\tstyle=\"z-index:8;\"\n\t\t\t\t\t\t\t>\n\t\t\t\t\t\t\t<\/rs-layer><!--\n-->\t\t\t\t\t\t<\/rs-slide>\n\t\t\t\t\t<\/rs-slides>\n\t\t\t\t<\/rs-module>\n\t\t\t\t<script>\n\t\t\t\t\tsetREVStartSize({c: 'rev_slider_37_1',rl:[1240,1024,778,480],el:[540],gw:[1240],gh:[540],type:'hero',justify:'',layout:'fullwidth',mh:\"0\"});if (window.RS_MODULES!==undefined && window.RS_MODULES.modules!==undefined && window.RS_MODULES.modules[\"revslider371\"]!==undefined) {window.RS_MODULES.modules[\"revslider371\"].once = false;window.revapi37 = undefined;if (window.RS_MODULES.checkMinimal!==undefined) window.RS_MODULES.checkMinimal()}\n\t\t\t\t<\/script>\n\t\t\t<\/rs-module-wrap>\n\t\t\t<!-- END REVOLUTION SLIDER -->\n[vc_empty_space height=\u00bb10px\u00bb][vc_column_text]<\/p>\n<pre><strong><span style=\"font-family: arial, helvetica, sans-serif; font-size: 24px;\">MedUSe 10-4AK\n<\/span><span style=\"font-family: arial, helvetica, sans-serif; font-size: 16px; color: #808080;\">Ultrasonic cleaning system for dental medicine<\/span><\/strong><\/pre>\n<hr>\n<h6><span style=\"font-family: arial, helvetica, sans-serif; font-size: 14px; color: #808080;\"><br \/>\nEl MedUSe 10-4AK fue desarrollado por nosotros despu\u00e9s de muchos a\u00f1os de experiencia y el intercambio activo con los dentistas y sus necesidades especialmente para el campo dental. Por lo tanto, representa un innovador sistema de limpieza de primera clase para la cl\u00ednica dental y cumple con los requisitos especiales de higiene para la cl\u00ednica dental moderna. Las cestas individuales pasan primero por el ba\u00f1o de limpieza previa, con sonicaci\u00f3n ultras\u00f3nica y desinfectante.<\/span><\/h6>\n<h6><span style=\"color: #808080; font-family: arial, helvetica, sans-serif; font-size: 14px;\">Para garantizar un alto grado de limpieza y desinfecci\u00f3n, la limpieza principal se realiza en el segundo ba\u00f1o, tambi\u00e9n con sonicaci\u00f3n ultras\u00f3nica y desinfectantes. La limpieza se intensifica considerablemente gracias a un sistema de circulaci\u00f3n en ambos ba\u00f1os. Los desinfectantes se dosifican mediante un sistema de dosificaci\u00f3n autom\u00e1tica que garantiza una calidad de limpieza constante.<\/span><\/h6>\n<h6><span style=\"font-family: arial, helvetica, sans-serif; font-size: 14px; color: #808080;\">Por \u00faltimo, los instrumentos se enjuagan en el tercer ba\u00f1o para eliminar cualquier contaminaci\u00f3n residual y los residuos de desinfectante.El sistema tambi\u00e9n incluye un sistema de secado por aire caliente.<\/span><\/h6>\n<h6><span style=\"font-family: arial, helvetica, sans-serif; font-size: 14px; color: #808080;\">El desarrollo de este sistema est\u00e1 protegido por la Ley suiza de derechos de autor (URG) SR231.1 de 1992 (rev. 2008).<\/span><\/h6>\n<p>[\/vc_column_text][vc_column_text]<\/p>\n<h6><span style=\"font-family: arial, helvetica, sans-serif; font-size: 14px; color: #808080;\">\n<table id=\"tablepress-14\" class=\"tablepress tablepress-id-14\">\n<thead>\n<tr class=\"row-1 odd\">\n\t<th class=\"column-1\">Designation\/type<\/th><th class=\"column-2\">Dim. Plant\u00a0 (mm)<\/th><th class=\"column-3\">Bath volume\u00a0 (Liter)<\/th><th class=\"column-4\">Dim. Trays\u00a0 (mm)<\/th><th class=\"column-5\">Disinfection system<\/th><th class=\"column-6\">Transportation<\/th><th class=\"column-7\">Ultrasonic<\/th>\n<\/tr>\n<\/thead>\n<tbody class=\"row-hover\">\n<tr class=\"row-2 even\">\n\t<td class=\"column-1\">MedUSe 10-4AK<\/td><td class=\"column-2\">1630x590x440<\/td><td class=\"column-3\">10<\/td><td class=\"column-4\">200x300x50<\/td><td class=\"column-5\">Yes<\/td><td class=\"column-6\">Manual<\/td><td class=\"column-7\">30 kHz\/1'000W<\/td>\n<\/tr>\n<tr class=\"row-3 odd\">\n\t<td class=\"column-1\">MedUSe 10-4AK<\/td><td class=\"column-2\">1630x590x440<\/td><td class=\"column-3\">10<\/td><td class=\"column-4\">200x300x50<\/td><td class=\"column-5\">Yes<\/td><td class=\"column-6\">Manual\/Lift<\/td><td class=\"column-7\">30 kHz\/1'000W<\/td>\n<\/tr>\n<\/tbody>\n<\/table>\n<!-- #tablepress-14 from cache --><\/span><\/h6>\n<p>[\/vc_column_text][vc_column_text]<\/p>\n<h6><span style=\"font-family: arial, helvetica, sans-serif; font-size: 10px; color: #808080;\">Las medidas est\u00e1n sujetas a cambios sin previo aviso.<\/span><\/h6>\n<p>[\/vc_column_text][\/vc_column][\/vc_row][vc_row][vc_column][vc_empty_space height=\u00bb260px\u00bb][\/vc_column][\/vc_row]<\/p>\n","protected":false},"excerpt":{"rendered":"<p>[vc_row][vc_column][vc_empty_space height=\u00bb10px\u00bb][vc_column_text] MedUSe 10-4AK Ultrasonic cleaning system for dental medicine El MedUSe 10-4AK fue desarrollado por nosotros despu\u00e9s de muchos a\u00f1os de experiencia y el intercambio activo con los dentistas y sus necesidades especialmente para el campo dental. Por lo tanto, representa un innovador sistema de limpieza de primera clase para la cl\u00ednica dental y [&hellip;]<\/p>\n","protected":false},"author":1,"featured_media":0,"parent":0,"menu_order":0,"comment_status":"closed","ping_status":"closed","template":"","meta":{"_monsterinsights_skip_tracking":false,"_monsterinsights_sitenote_active":false,"_monsterinsights_sitenote_note":"","_monsterinsights_sitenote_category":0,"footnotes":""},"jetpack_sharing_enabled":true,"_links":{"self":[{"href":"https:\/\/medisonics.com\/es\/wp-json\/wp\/v2\/pages\/6190"}],"collection":[{"href":"https:\/\/medisonics.com\/es\/wp-json\/wp\/v2\/pages"}],"about":[{"href":"https:\/\/medisonics.com\/es\/wp-json\/wp\/v2\/types\/page"}],"author":[{"embeddable":true,"href":"https:\/\/medisonics.com\/es\/wp-json\/wp\/v2\/users\/1"}],"replies":[{"embeddable":true,"href":"https:\/\/medisonics.com\/es\/wp-json\/wp\/v2\/comments?post=6190"}],"version-history":[{"count":6,"href":"https:\/\/medisonics.com\/es\/wp-json\/wp\/v2\/pages\/6190\/revisions"}],"predecessor-version":[{"id":7773,"href":"https:\/\/medisonics.com\/es\/wp-json\/wp\/v2\/pages\/6190\/revisions\/7773"}],"wp:attachment":[{"href":"https:\/\/medisonics.com\/es\/wp-json\/wp\/v2\/media?parent=6190"}],"curies":[{"name":"wp","href":"https:\/\/api.w.org\/{rel}","templated":true}]}}