{"id":6390,"date":"2022-05-12T08:54:41","date_gmt":"2022-05-12T08:54:41","guid":{"rendered":"https:\/\/www.medisonics.com\/privacy-policy\/"},"modified":"2022-07-07T17:46:10","modified_gmt":"2022-07-07T17:46:10","slug":"privacy-policy","status":"publish","type":"page","link":"https:\/\/medisonics.com\/es\/privacy-policy\/","title":{"rendered":"Privacy-policy"},"content":{"rendered":"<p>[vc_row][vc_column]\n\t\t\t<!-- START Home 101 REVOLUTION SLIDER 6.6.20 --><p class=\"rs-p-wp-fix\"><\/p>\n\t\t\t<rs-module-wrap id=\"rev_slider_16_1_wrapper\" data-source=\"gallery\" style=\"visibility:hidden;background:transparent;padding:0;margin:0px auto;margin-top:0;margin-bottom:0;\">\n\t\t\t\t<rs-module id=\"rev_slider_16_1\" style=\"\" data-version=\"6.6.20\">\n\t\t\t\t\t<rs-slides style=\"overflow: hidden; position: absolute;\">\n\t\t\t\t\t\t<rs-slide style=\"position: absolute;\" data-key=\"rs-42\" data-title=\"Slide\" data-anim=\"adpr:false;\" data-in=\"o:0;\" data-out=\"a:false;\">\n\t\t\t\t\t\t\t<img decoding=\"async\" src=\"\/\/medisonics.com\/wp-content\/plugins\/revslider\/public\/assets\/assets\/dummy.png\" alt=\"Slide\" class=\"rev-slidebg tp-rs-img rs-lazyload\" data-lazyload=\"\/\/medisonics.com\/wp-content\/plugins\/revslider\/public\/assets\/assets\/transparent.png\" data-no-retina>\n<!--\n\t\t\t\t\t\t\t--><rs-layer\n\t\t\t\t\t\t\t\tid=\"slider-16-slide-42-layer-0\" \n\t\t\t\t\t\t\t\tclass=\"rs-nolc rs-layer-video intrinsic-ignore\"\n\t\t\t\t\t\t\t\tdata-type=\"video\"\n\t\t\t\t\t\t\t\tdata-rsp_ch=\"on\"\n\t\t\t\t\t\t\t\tdata-text=\"w:normal;\"\n\t\t\t\t\t\t\t\tdata-dim=\"w:100%;h:100%;\"\n\t\t\t\t\t\t\t\tdata-basealign=\"slide\"\n\t\t\t\t\t\t\t\tdata-video=\"vfc:true;twa:false;vd:100;rwd:f;l:true;ptimer:false;nse:f;sav:f;afs:f;inl:f;\"\n\t\t\t\t\t\t\t\tdata-poster=\"\/\/medisonics.com\/wp-content\/uploads\/revslider\/video-media\/100_1-3_42_layer.jpeg\"\n\t\t\t\t\t\t\t\tdata-mp4=\"\/\/medisonics.com\/wp-content\/uploads\/2022\/05\/100_1-3.mp4\"\n\t\t\t\t\t\t\t\tdata-frame_1=\"sp:50;\"\n\t\t\t\t\t\t\t\tdata-frame_999=\"o:0;st:w;sR:8950;\"\n\t\t\t\t\t\t\t\tstyle=\"z-index:5;\"\n\t\t\t\t\t\t\t>\n\t\t\t\t\t\t\t<\/rs-layer><!--\n-->\t\t\t\t\t\t<\/rs-slide>\n\t\t\t\t\t<\/rs-slides>\n\t\t\t\t<\/rs-module>\n\t\t\t\t<script>\n\t\t\t\t\tsetREVStartSize({c: 'rev_slider_16_1',rl:[1240,1024,778,480],el:[650],gw:[1240],gh:[650],type:'hero',justify:'',layout:'fullwidth',mh:\"0\"});if (window.RS_MODULES!==undefined && window.RS_MODULES.modules!==undefined && window.RS_MODULES.modules[\"revslider161\"]!==undefined) {window.RS_MODULES.modules[\"revslider161\"].once = false;window.revapi16 = undefined;if (window.RS_MODULES.checkMinimal!==undefined) window.RS_MODULES.checkMinimal()}\n\t\t\t\t<\/script>\n\t\t\t<\/rs-module-wrap>\n\t\t\t<!-- END REVOLUTION SLIDER -->\n[vc_empty_space height=\u00bb10px\u00bb][vc_column_text]<\/p>\n<h3>Informaci\u00f3n general<\/h3>\n<p>\u00a1Bienvenido a nuestra p\u00e1gina de Pol\u00edtica de privacidad! Cuando utiliza los servicios de nuestro sitio web, nos conf\u00eda su informaci\u00f3n. Esta Pol\u00edtica de privacidad est\u00e1 destinada a ayudarlo a comprender qu\u00e9 datos recopilamos, por qu\u00e9 los recopilamos y qu\u00e9 hacemos con ellos. Cuando comparte informaci\u00f3n con nosotros, podemos mejorar a\u00fan m\u00e1s nuestros servicios para usted. Por ejemplo, podemos mostrarle resultados de b\u00fasqueda y anuncios m\u00e1s relevantes, ayudarlo a conectarse con personas o hacer que compartir con otros sea m\u00e1s r\u00e1pido y f\u00e1cil. A medida que utiliza nuestros servicios, queremos que tenga claro c\u00f3mo estamos utilizando la informaci\u00f3n y las formas en que puede proteger su privacidad. Esto es importante; Esperamos que se tome el tiempo para leerlo cuidadosamente. Recuerda, puedes encontrar controles para administrar tu informaci\u00f3n y proteger tu privacidad y seguridad. Hemos tratado de mantenerlo lo m\u00e1s simple posible.<\/p>\n<h3>Derecho a acceder, rectificar y suprimir los datos y a oponerse al tratamiento de datos<\/h3>\n<p>Nuestros clientes tienen derecho a acceder, rectificar y suprimir los datos personales que les conciernen, as\u00ed como a oponerse al tratamiento de dichos datos, dirigiendo una solicitud por escrito, en cualquier momento. La Compa\u00f1\u00eda hace todo lo posible para tomar las precauciones adecuadas para salvaguardar la seguridad y privacidad de los datos personales, y para evitar que sean alterados, corrompidos, destruidos o accedidos por terceros no autorizados. Sin embargo, la Empresa no controla todos y cada uno de los riesgos relacionados con el uso de Internet, por lo que advierte a los usuarios del Sitio de los riesgos potenciales que implica el funcionamiento y uso de Internet. El Sitio puede incluir enlaces a otros sitios web u otras fuentes de Internet. Como la Compa\u00f1\u00eda no puede controlar estos sitios web y fuentes externas, la Compa\u00f1\u00eda no se hace responsable de la provisi\u00f3n o visualizaci\u00f3n de estos sitios web y fuentes externas, y no puede ser responsable por el contenido, la publicidad, los productos, los servicios o cualquier otro material. disponible en o desde estos sitios web o fuentes externas.<\/p>\n<h3>Gesti\u00f3n de datos personales<\/h3>\n<p>Puede ver o editar sus datos personales en l\u00ednea para muchos de nuestros servicios. Tambi\u00e9n puede tomar decisiones sobre nuestra recopilaci\u00f3n y uso de sus datos. La forma en que puede acceder o controlar sus datos personales depender\u00e1 de los servicios que utilice. Puede elegir si desea recibir comunicaciones promocionales de nuestro sitio web por correo electr\u00f3nico, SMS, correo f\u00edsico y tel\u00e9fono. Si recibe correos electr\u00f3nicos o mensajes SMS promocionales de nuestra parte y desea optar por no participar, puede hacerlo siguiendo las instrucciones de ese mensaje. Tambi\u00e9n puede tomar decisiones sobre la recepci\u00f3n de correos electr\u00f3nicos promocionales, llamadas telef\u00f3nicas y correo postal visitando e iniciando sesi\u00f3n en el Administrador de comunicaciones promocionales de la empresa, que le permite actualizar la informaci\u00f3n de contacto, administrar las preferencias de contacto, optar por no recibir suscripciones de correo electr\u00f3nico y elegir si compartir su informaci\u00f3n de contacto con nuestros socios. Estas opciones no se aplican a las comunicaciones de servicio obligatorias que forman parte de ciertos servicios del sitio web.<\/p>\n<h3>Informaci\u00f3n que recopilamos<\/h3>\n<p>Nuestra tienda recopila datos para operar de manera efectiva y brindarle las mejores experiencias con nuestros servicios. Usted proporciona algunos de estos datos directamente, como cuando crea una cuenta personal. Obtenemos algo al registrar c\u00f3mo interact\u00faa con nuestros servicios, por ejemplo, mediante el uso de tecnolog\u00edas como cookies y al recibir informes de errores o datos de uso del software que se ejecuta en su dispositivo. Tambi\u00e9n obtenemos datos de terceros (incluidas otras empresas). Por ejemplo, complementamos los datos que recopilamos mediante la compra de datos demogr\u00e1ficos de otras empresas. Tambi\u00e9n utilizamos servicios de otras compa\u00f1\u00edas para ayudarnos a determinar una ubicaci\u00f3n en funci\u00f3n de su direcci\u00f3n IP para personalizar ciertos servicios seg\u00fan su ubicaci\u00f3n. Los datos que recopilamos dependen de los servicios y funciones que utilice.<\/p>\n<h3>C\u00f3mo usamos su informaci\u00f3n<\/h3>\n<p>Nuestro sitio web utiliza los datos que recopilamos para tres prop\u00f3sitos b\u00e1sicos: operar nuestro negocio y brindar (incluidas la mejora y personalizaci\u00f3n) de los servicios que ofrecemos, enviar comunicaciones, incluidas comunicaciones promocionales, y mostrar publicidad. Al llevar a cabo estos prop\u00f3sitos, combinamos los datos que recopilamos a trav\u00e9s de los diversos servicios del sitio web que utiliza para brindarle una experiencia m\u00e1s fluida, consistente y personalizada. Sin embargo, para mejorar la privacidad, hemos incorporado protecciones tecnol\u00f3gicas y de procedimiento dise\u00f1adas para evitar ciertas combinaciones de datos. Por ejemplo, almacenamos los datos que recopilamos de usted cuando no est\u00e1 autenticado (no ha iniciado sesi\u00f3n) por separado de cualquier informaci\u00f3n de cuenta que lo identifique directamente, como su nombre, direcci\u00f3n de correo electr\u00f3nico o n\u00famero de tel\u00e9fono.<\/p>\n<h3>Compartir su informaci\u00f3n<\/h3>\n<p>Compartimos sus datos personales con su consentimiento o seg\u00fan sea necesario para completar cualquier transacci\u00f3n o proporcionar cualquier servicio que haya solicitado o autorizado. Por ejemplo, compartimos su contenido con terceros cuando usted nos indica que lo hagamos. Cuando proporciona datos de pago para realizar una compra, compartiremos datos de pago con bancos y otras entidades que procesan transacciones de pago o brindan otros servicios financieros, y para la prevenci\u00f3n del fraude y la reducci\u00f3n del riesgo crediticio. Adem\u00e1s, compartimos datos personales entre nuestras filiales y subsidiarias controladas. Tambi\u00e9n compartimos datos personales con proveedores o agentes que trabajan en nuestro nombre para los fines descritos en esta declaraci\u00f3n. Por ejemplo, las empresas que hemos contratado para brindar soporte de servicio al cliente o ayudar a proteger y asegurar nuestros sistemas y servicios pueden necesitar acceso a datos personales para proporcionar esas funciones. En tales casos, estas empresas deben cumplir con nuestros requisitos de seguridad y privacidad de datos y no se les permite utilizar los datos personales que reciben de nosotros para ning\u00fan otro prop\u00f3sito. Tambi\u00e9n podemos divulgar datos personales como parte de una transacci\u00f3n corporativa, como una fusi\u00f3n o venta de activos.<\/p>\n<p>Correo electr\u00f3nico: <a href=\"mailto:info@demolink.org\">info@demolink.org<\/a><\/p>\n<p class=\"text-sm-left\"><strong>\u00daltima actualizaci\u00f3n:<\/strong><\/p>\n<h3>\u00bfQu\u00e9 son las cookies?<\/h3>\n<p>Para que este sitio funcione correctamente, a veces colocamos peque\u00f1os archivos de datos llamados cookies en su dispositivo. La mayor\u00eda de los grandes sitios web tambi\u00e9n hacen esto.<\/p>\n<p>Una cookie es un peque\u00f1o archivo de texto que un sitio web guarda en su computadora o dispositivo m\u00f3vil cuando visita el sitio. Permite que el sitio web recuerde sus acciones y preferencias (como inicio de sesi\u00f3n, idioma, tama\u00f1o de fuente y otras preferencias de visualizaci\u00f3n) durante un per\u00edodo de tiempo, para que no tenga que volver a ingresarlas cada vez que regrese al sitio o navegar de una p\u00e1gina a otra.<\/p>\n<h3>\u00bfPor qu\u00e9 usamos cookies?<\/h3>\n<p>Utilizamos cookies propias y de terceros por varias razones. Algunas cookies son necesarias por razones t\u00e9cnicas para que nuestros sitios web funcionen y nos referimos a ellas como cookies \u00abesenciales\u00bb o \u00abestrictamente necesarias\u00bb. Otras cookies tambi\u00e9n nos permiten rastrear y orientar los intereses de nuestros usuarios para mejorar la experiencia. Los terceros sirven cookies a trav\u00e9s de nuestros sitios web para publicidad, an\u00e1lisis y otros fines.<\/p>\n<p>Tambi\u00e9n podemos usar peque\u00f1os fragmentos de c\u00f3digo de software denominados \u00abbalizas web\u00bb o \u00abgifs transparentes\u00bb para recopilar una matriz de publicidad agregada y an\u00f3nima, como el recuento de visitas a p\u00e1ginas, visitas a promociones o respuestas a publicidad. Una baliza web es una imagen electr\u00f3nica, llamada GIF transparente o de un solo p\u00edxel. Las balizas web pueden reconocer ciertos tipos de informaci\u00f3n en la computadora del usuario, como el n\u00famero de Cookie de un usuario, la hora y la fecha de una vista de p\u00e1gina y la descripci\u00f3n de la p\u00e1gina donde se coloca la baliza web. Puede inutilizar algunas balizas web si elige rechazar sus cookies asociadas. Estas balizas web se pueden utilizar para enviar cookies que cumplan con nuestra Pol\u00edtica de cookies.<\/p>\n<h3>\u00bfC\u00f3mo usamos las cookies?<\/h3>\n<p>[Ajuste esta parte de la p\u00e1gina seg\u00fan sus necesidades.]<\/p>\n<h3>Cookies que utilizamos<\/h3>\n<p>[Ajuste esta parte de la p\u00e1gina seg\u00fan sus necesidades.]<\/p>\n<h3>\u00bfC\u00f3mo controlar las cookies?<\/h3>\n<p>Puede controlar y\/o eliminar las cookies como desee; para obtener m\u00e1s informaci\u00f3n, consulte <a href=\"http:\/\/www.aboutcookies.org.uk\/\" target=\"blank\" rel=\"noopener\">http: \/\/www.aboutcookies.org.uk\/<\/a>. Puede eliminar todas las cookies que ya est\u00e1n en su computadora y puede configurar la mayor\u00eda de los navegadores para evitar que se coloquen. Sin embargo, si hace esto, es posible que deba ajustar manualmente algunas preferencias cada vez que visite un sitio y es posible que algunos servicios y funcionalidades no funcionen. Adem\u00e1s, la mayor\u00eda de las redes publicitarias le ofrecen una forma de optar por no recibir publicidad dirigida. Si desea obtener m\u00e1s informaci\u00f3n, visite <a href=\"http:\/\/www.aboutads.info\/choices\/\" target=\"blank\" rel=\"noopener\">http:\/\/www.aboutads.info \/choices\/<\/a> o <a href=\"http:\/\/www.youronlinechoices.com\" target=\"blank\" rel=\"noopener\">http:\/\/www.youronlinechoices.com<\/a>. Tenga en cuenta que si no configura su navegador aceptar\u00e1 las cookies proporcionadas por este sitio web.<\/p>\n<h3>\u00bfD\u00f3nde puedo obtener m\u00e1s informaci\u00f3n?<\/h3>\n<p>En caso de que desee dejar de usar y vender su informaci\u00f3n personal, no dude en comunicarse con nosotros a trav\u00e9s de <a href=\"..\/contact-us\/\" target=\"_blank\" rel=\"noopener\"> formulario de contacto.<\/a><\/p>\n<h3>Solicitar datos personales<\/h3>\n<p>[wpgdprc_access_request_form]<\/p>\n<h3>Exclusi\u00f3n de Google Analytics<\/h3>\n\n<h3>Eliminar cuenta<\/h3>\n<p>[plugin_delete_me \/]<br \/>\nEn caso de que desee dejar de usar y vender su informaci\u00f3n personal, no dude en comunicarse con nosotros a trav\u00e9s del <a href=\"https:\/\/medisonics.com\/contact-us\/\">formulario de contacto<\/a> .<\/p>\n<p>[\/vc_column_text][\/vc_column][\/vc_row]<\/p>\n","protected":false},"excerpt":{"rendered":"<p>[vc_row][vc_column][vc_empty_space height=\u00bb10px\u00bb][vc_column_text] Informaci\u00f3n general \u00a1Bienvenido a nuestra p\u00e1gina de Pol\u00edtica de privacidad! Cuando utiliza los servicios de nuestro sitio web, nos conf\u00eda su informaci\u00f3n. Esta Pol\u00edtica de privacidad est\u00e1 destinada a ayudarlo a comprender qu\u00e9 datos recopilamos, por qu\u00e9 los recopilamos y qu\u00e9 hacemos con ellos. Cuando comparte informaci\u00f3n con nosotros, podemos mejorar a\u00fan m\u00e1s [&hellip;]<\/p>\n","protected":false},"author":1,"featured_media":0,"parent":0,"menu_order":0,"comment_status":"closed","ping_status":"closed","template":"","meta":{"_monsterinsights_skip_tracking":false,"_monsterinsights_sitenote_active":false,"_monsterinsights_sitenote_note":"","_monsterinsights_sitenote_category":0,"footnotes":""},"jetpack_sharing_enabled":true,"_links":{"self":[{"href":"https:\/\/medisonics.com\/es\/wp-json\/wp\/v2\/pages\/6390"}],"collection":[{"href":"https:\/\/medisonics.com\/es\/wp-json\/wp\/v2\/pages"}],"about":[{"href":"https:\/\/medisonics.com\/es\/wp-json\/wp\/v2\/types\/page"}],"author":[{"embeddable":true,"href":"https:\/\/medisonics.com\/es\/wp-json\/wp\/v2\/users\/1"}],"replies":[{"embeddable":true,"href":"https:\/\/medisonics.com\/es\/wp-json\/wp\/v2\/comments?post=6390"}],"version-history":[{"count":2,"href":"https:\/\/medisonics.com\/es\/wp-json\/wp\/v2\/pages\/6390\/revisions"}],"predecessor-version":[{"id":6456,"href":"https:\/\/medisonics.com\/es\/wp-json\/wp\/v2\/pages\/6390\/revisions\/6456"}],"wp:attachment":[{"href":"https:\/\/medisonics.com\/es\/wp-json\/wp\/v2\/media?parent=6390"}],"curies":[{"name":"wp","href":"https:\/\/api.w.org\/{rel}","templated":true}]}}