{"id":5955,"date":"2022-05-17T14:19:56","date_gmt":"2022-05-17T14:19:56","guid":{"rendered":"https:\/\/www.medisonics.com\/503_meduse_10_7ak\/"},"modified":"2022-07-30T07:57:13","modified_gmt":"2022-07-30T07:57:13","slug":"503_meduse_10_7ak","status":"publish","type":"page","link":"https:\/\/medisonics.com\/fr\/503_meduse_10_7ak\/","title":{"rendered":"503_meduse_10_7AK"},"content":{"rendered":"<p>[vc_row][vc_column]\n\t\t\t<!-- START Home 500_3 REVOLUTION SLIDER 6.6.20 --><p class=\"rs-p-wp-fix\"><\/p>\n\t\t\t<rs-module-wrap id=\"rev_slider_38_1_wrapper\" data-source=\"gallery\" style=\"visibility:hidden;background:transparent;padding:0;margin:0px auto;margin-top:0;margin-bottom:0;\">\n\t\t\t\t<rs-module id=\"rev_slider_38_1\" style=\"\" data-version=\"6.6.20\">\n\t\t\t\t\t<rs-slides style=\"overflow: hidden; position: absolute;\">\n\t\t\t\t\t\t<rs-slide style=\"position: absolute;\" data-key=\"rs-69\" data-title=\"Slide\" data-anim=\"adpr:false;\" data-in=\"o:0;\" data-out=\"a:false;\">\n\t\t\t\t\t\t\t<img decoding=\"async\" src=\"\/\/medisonics.com\/wp-content\/plugins\/revslider\/public\/assets\/assets\/dummy.png\" alt=\"Slide\" title=\"503_meduse_10_7AK\" class=\"rev-slidebg tp-rs-img rs-lazyload\" data-lazyload=\"\/\/medisonics.com\/wp-content\/plugins\/revslider\/public\/assets\/assets\/transparent.png\" data-no-retina>\n<!--\n\t\t\t\t\t\t\t--><rs-layer\n\t\t\t\t\t\t\t\tid=\"slider-38-slide-69-layer-0\" \n\t\t\t\t\t\t\t\tclass=\"rs-fsv rs-layer-video intrinsic-ignore\"\n\t\t\t\t\t\t\t\tdata-type=\"video\"\n\t\t\t\t\t\t\t\tdata-rsp_ch=\"on\"\n\t\t\t\t\t\t\t\tdata-xy=\"x:0;y:0;\"\n\t\t\t\t\t\t\t\tdata-text=\"w:normal;\"\n\t\t\t\t\t\t\t\tdata-dim=\"w:100%;h:100%;\"\n\t\t\t\t\t\t\t\tdata-basealign=\"slide\"\n\t\t\t\t\t\t\t\tdata-video=\"vfc:true;twa:false;vd:100;rwd:f;fc:true;l:true;ptimer:false;nse:f;vc:t;inl:f;\"\n\t\t\t\t\t\t\t\tdata-poster=\"\/\/medisonics.com\/wp-content\/uploads\/revslider\/video-media\/500_1_69_layer.jpeg\"\n\t\t\t\t\t\t\t\tdata-mp4=\"\/\/medisonics.com\/wp-content\/uploads\/2022\/05\/500_1.mp4\"\n\t\t\t\t\t\t\t\tdata-frame_1=\"sp:50;\"\n\t\t\t\t\t\t\t\tdata-frame_999=\"o:0;st:w;sR:8950;\"\n\t\t\t\t\t\t\t\tstyle=\"z-index:8;\"\n\t\t\t\t\t\t\t>\n\t\t\t\t\t\t\t<\/rs-layer><!--\n-->\t\t\t\t\t\t<\/rs-slide>\n\t\t\t\t\t<\/rs-slides>\n\t\t\t\t<\/rs-module>\n\t\t\t\t<script>\n\t\t\t\t\tsetREVStartSize({c: 'rev_slider_38_1',rl:[1240,1024,778,480],el:[540],gw:[1180],gh:[540],type:'hero',justify:'',layout:'fullwidth',mh:\"0\"});if (window.RS_MODULES!==undefined && window.RS_MODULES.modules!==undefined && window.RS_MODULES.modules[\"revslider381\"]!==undefined) {window.RS_MODULES.modules[\"revslider381\"].once = false;window.revapi38 = undefined;if (window.RS_MODULES.checkMinimal!==undefined) window.RS_MODULES.checkMinimal()}\n\t\t\t\t<\/script>\n\t\t\t<\/rs-module-wrap>\n\t\t\t<!-- END REVOLUTION SLIDER -->\n[vc_empty_space height=\u00a0\u00bb10px\u00a0\u00bb][vc_column_text]<\/p>\n<pre><strong><span style=\"font-family: arial, helvetica, sans-serif; font-size: 24px;\">MedUSe 10-7AK\n<\/span><span style=\"font-family: arial, helvetica, sans-serif; font-size: 16px; color: #808080;\">Syst\u00e8me de nettoyage par ultrasons pour la passivation des implants m\u00e9dicaux<\/span><\/strong><span style=\"font-family: arial, helvetica, sans-serif; font-size: 14px; color: #808080;\">\n<\/span><\/pre>\n<hr>\n<h6><span style=\"font-family: arial, helvetica, sans-serif; font-size: 14px; color: #808080;\"><br \/>\nLe MedUSe 10-7AK a \u00e9t\u00e9 d\u00e9velopp\u00e9 par nos soins apr\u00e8s de nombreuses ann\u00e9es d&rsquo;exp\u00e9rience et d&rsquo;\u00e9changes actifs avec les fabricants d&rsquo;implants et leurs besoins, notamment dans le domaine m\u00e9dical. Il repr\u00e9sente un syst\u00e8me de nettoyage innovant de premi\u00e8re classe pour les fabricants d&rsquo;implants et r\u00e9pond aux exigences particuli\u00e8res d&rsquo;hygi\u00e8ne pour le traitement de surface le plus exigeant.<\/span><\/h6>\n<h6><span style=\"font-family: arial, helvetica, sans-serif; font-size: 14px; color: #808080;\">Les paniers individuels passent d&rsquo;abord dans le bain de pr\u00e9-nettoyage, avec sonication par ultrasons et d\u00e9sinfectant. Pour garantir un niveau \u00e9lev\u00e9 de nettoyage et de d\u00e9sinfection, le nettoyage principal est effectu\u00e9 dans plusieurs bains avec des d\u00e9sinfectants et des d\u00e9tergents sp\u00e9ciaux en 2 cycles de traitement divis\u00e9s. Dans ce processus, le nettoyage est consid\u00e9rablement intensifi\u00e9 par plusieurs syst\u00e8mes de recirculation.<\/span><\/h6>\n<h6><span style=\"font-family: arial, helvetica, sans-serif; font-size: 14px; color: #808080;\">Le dosage des d\u00e9sinfectants ainsi que des diff\u00e9rents produits chimiques de passivation, est effectu\u00e9 par une machine de dosage automatique qui garantit une qualit\u00e9 de traitement constante. Le processus de passivation est programmable et suit les derni\u00e8res directives m\u00e9dico-techniques. Le syst\u00e8me comprend \u00e9galement un syst\u00e8me de s\u00e9chage \u00e0 air chaud.<\/span><\/h6>\n<h6><span style=\"font-family: arial, helvetica, sans-serif; font-size: 14px; color: #808080;\">Le d\u00e9veloppement de ce syst\u00e8me est prot\u00e9g\u00e9 par la loi suisse sur le droit d&rsquo;auteur (URG) SR231.1 de 1992 (r\u00e9v. 2008).<\/span><\/h6>\n<p>[\/vc_column_text][vc_column_text]<\/p>\n<h6><span style=\"font-family: arial, helvetica, sans-serif; font-size: 14px; color: #808080;\">\n<table id=\"tablepress-11\" class=\"tablepress tablepress-id-11\">\n<thead>\n<tr class=\"row-1 odd\">\n\t<th class=\"column-1\">Designation\/type<\/th><th class=\"column-2\">Dim. Plant\u00a0 (mm)<\/th><th class=\"column-3\">Bath volume\u00a0 (Liter)<\/th><th class=\"column-4\">Dim. Trays\u00a0 (mm)<\/th><th class=\"column-5\">Disinfection system<\/th><th class=\"column-6\">Transportation<\/th><th class=\"column-7\">Ultrasonic<\/th>\n<\/tr>\n<\/thead>\n<tbody class=\"row-hover\">\n<tr class=\"row-2 even\">\n\t<td class=\"column-1\">MedUSe 10-7AK-1000<\/td><td class=\"column-2\">2000x590x440<\/td><td class=\"column-3\">10<\/td><td class=\"column-4\">200x300x50<\/td><td class=\"column-5\">Yes<\/td><td class=\"column-6\">Loading\/unloading system<\/td><td class=\"column-7\">30kHz\/1 x 1'000W<\/td>\n<\/tr>\n<tr class=\"row-3 odd\">\n\t<td class=\"column-1\">MedUSe 10-7AK-2000<\/td><td class=\"column-2\">2000x590x440<\/td><td class=\"column-3\">10<\/td><td class=\"column-4\">200x300x50<\/td><td class=\"column-5\">Yes<\/td><td class=\"column-6\">Loading\/unloading system<\/td><td class=\"column-7\">30kHz\/2 x 1'000W<\/td>\n<\/tr>\n<tr class=\"row-4 even\">\n\t<td class=\"column-1\">MedUSe 10-7AK-3000<\/td><td class=\"column-2\">2000x590x440<\/td><td class=\"column-3\">10<\/td><td class=\"column-4\">200x300x50<\/td><td class=\"column-5\">Yes<\/td><td class=\"column-6\">Loading\/unloading system<\/td><td class=\"column-7\">30kHz\/3 x 1'000W<\/td>\n<\/tr>\n<tr class=\"row-5 odd\">\n\t<td class=\"column-1\">MedUSe 10-7AK-4000<\/td><td class=\"column-2\">2000x590x440<\/td><td class=\"column-3\">10<\/td><td class=\"column-4\">200x300x50<\/td><td class=\"column-5\">Yes<\/td><td class=\"column-6\">Loading\/unloading system<\/td><td class=\"column-7\">30kHz\/4 x 1'000W<\/td>\n<\/tr>\n<\/tbody>\n<\/table>\n<!-- #tablepress-11 from cache --><\/span><\/h6>\n<p>[\/vc_column_text][\/vc_column][\/vc_row][vc_row][vc_column][vc_column_text]<\/p>\n<h6><span style=\"font-family: arial, helvetica, sans-serif; font-size: 10px; color: #808080;\">Les mesures peuvent \u00eatre modifi\u00e9es sans pr\u00e9avis !<\/span><\/h6>\n<p>[\/vc_column_text][\/vc_column][\/vc_row][vc_row][vc_column][vc_empty_space height=\u00a0\u00bb30px\u00a0\u00bb][\/vc_column][\/vc_row]<\/p>\n","protected":false},"excerpt":{"rendered":"<p>[vc_row][vc_column][vc_empty_space height=\u00a0\u00bb10px\u00a0\u00bb][vc_column_text] MedUSe 10-7AK Syst\u00e8me de nettoyage par ultrasons pour la passivation des implants m\u00e9dicaux Le MedUSe 10-7AK a \u00e9t\u00e9 d\u00e9velopp\u00e9 par nos soins apr\u00e8s de nombreuses ann\u00e9es d&rsquo;exp\u00e9rience et d&rsquo;\u00e9changes actifs avec les fabricants d&rsquo;implants et leurs besoins, notamment dans le domaine m\u00e9dical. Il repr\u00e9sente un syst\u00e8me de nettoyage innovant de premi\u00e8re classe pour [&hellip;]<\/p>\n","protected":false},"author":1,"featured_media":0,"parent":0,"menu_order":0,"comment_status":"closed","ping_status":"closed","template":"","meta":{"_monsterinsights_skip_tracking":false,"_monsterinsights_sitenote_active":false,"_monsterinsights_sitenote_note":"","_monsterinsights_sitenote_category":0,"footnotes":""},"jetpack_sharing_enabled":true,"_links":{"self":[{"href":"https:\/\/medisonics.com\/fr\/wp-json\/wp\/v2\/pages\/5955"}],"collection":[{"href":"https:\/\/medisonics.com\/fr\/wp-json\/wp\/v2\/pages"}],"about":[{"href":"https:\/\/medisonics.com\/fr\/wp-json\/wp\/v2\/types\/page"}],"author":[{"embeddable":true,"href":"https:\/\/medisonics.com\/fr\/wp-json\/wp\/v2\/users\/1"}],"replies":[{"embeddable":true,"href":"https:\/\/medisonics.com\/fr\/wp-json\/wp\/v2\/comments?post=5955"}],"version-history":[{"count":5,"href":"https:\/\/medisonics.com\/fr\/wp-json\/wp\/v2\/pages\/5955\/revisions"}],"predecessor-version":[{"id":7463,"href":"https:\/\/medisonics.com\/fr\/wp-json\/wp\/v2\/pages\/5955\/revisions\/7463"}],"wp:attachment":[{"href":"https:\/\/medisonics.com\/fr\/wp-json\/wp\/v2\/media?parent=5955"}],"curies":[{"name":"wp","href":"https:\/\/api.w.org\/{rel}","templated":true}]}}