{"id":10089,"date":"2022-05-11T12:57:44","date_gmt":"2022-05-11T12:57:44","guid":{"rendered":"https:\/\/www.medisonics.com\/103_agb\/"},"modified":"2023-01-27T07:20:53","modified_gmt":"2023-01-27T07:20:53","slug":"103_agb","status":"publish","type":"page","link":"https:\/\/medisonics.com\/pt-br\/103_agb\/","title":{"rendered":"103_Gesch\u00e4ftsbedingung"},"content":{"rendered":"<p>[vc_row][vc_column]\n\t\t\t<!-- START Home 101 REVOLUTION SLIDER 6.6.20 --><p class=\"rs-p-wp-fix\"><\/p>\n\t\t\t<rs-module-wrap id=\"rev_slider_16_1_wrapper\" data-source=\"gallery\" style=\"visibility:hidden;background:transparent;padding:0;margin:0px auto;margin-top:0;margin-bottom:0;\">\n\t\t\t\t<rs-module id=\"rev_slider_16_1\" style=\"\" data-version=\"6.6.20\">\n\t\t\t\t\t<rs-slides style=\"overflow: hidden; position: absolute;\">\n\t\t\t\t\t\t<rs-slide style=\"position: absolute;\" data-key=\"rs-42\" data-title=\"Slide\" data-anim=\"adpr:false;\" data-in=\"o:0;\" data-out=\"a:false;\">\n\t\t\t\t\t\t\t<img decoding=\"async\" src=\"\/\/medisonics.com\/wp-content\/plugins\/revslider\/public\/assets\/assets\/dummy.png\" alt=\"Slide\" class=\"rev-slidebg tp-rs-img rs-lazyload\" data-lazyload=\"\/\/medisonics.com\/wp-content\/plugins\/revslider\/public\/assets\/assets\/transparent.png\" data-no-retina>\n<!--\n\t\t\t\t\t\t\t--><rs-layer\n\t\t\t\t\t\t\t\tid=\"slider-16-slide-42-layer-0\" \n\t\t\t\t\t\t\t\tclass=\"rs-nolc rs-layer-video intrinsic-ignore\"\n\t\t\t\t\t\t\t\tdata-type=\"video\"\n\t\t\t\t\t\t\t\tdata-rsp_ch=\"on\"\n\t\t\t\t\t\t\t\tdata-text=\"w:normal;\"\n\t\t\t\t\t\t\t\tdata-dim=\"w:100%;h:100%;\"\n\t\t\t\t\t\t\t\tdata-basealign=\"slide\"\n\t\t\t\t\t\t\t\tdata-video=\"vfc:true;twa:false;vd:100;rwd:f;l:true;ptimer:false;nse:f;sav:f;afs:f;inl:f;\"\n\t\t\t\t\t\t\t\tdata-poster=\"\/\/medisonics.com\/wp-content\/uploads\/revslider\/video-media\/100_1-3_42_layer.jpeg\"\n\t\t\t\t\t\t\t\tdata-mp4=\"\/\/medisonics.com\/wp-content\/uploads\/2022\/05\/100_1-3.mp4\"\n\t\t\t\t\t\t\t\tdata-frame_1=\"sp:50;\"\n\t\t\t\t\t\t\t\tdata-frame_999=\"o:0;st:w;sR:8950;\"\n\t\t\t\t\t\t\t\tstyle=\"z-index:5;\"\n\t\t\t\t\t\t\t>\n\t\t\t\t\t\t\t<\/rs-layer><!--\n-->\t\t\t\t\t\t<\/rs-slide>\n\t\t\t\t\t<\/rs-slides>\n\t\t\t\t<\/rs-module>\n\t\t\t\t<script>\n\t\t\t\t\tsetREVStartSize({c: 'rev_slider_16_1',rl:[1240,1024,778,480],el:[650],gw:[1240],gh:[650],type:'hero',justify:'',layout:'fullwidth',mh:\"0\"});if (window.RS_MODULES!==undefined && window.RS_MODULES.modules!==undefined && window.RS_MODULES.modules[\"revslider161\"]!==undefined) {window.RS_MODULES.modules[\"revslider161\"].once = false;window.revapi16 = undefined;if (window.RS_MODULES.checkMinimal!==undefined) window.RS_MODULES.checkMinimal()}\n\t\t\t\t<\/script>\n\t\t\t<\/rs-module-wrap>\n\t\t\t<!-- END REVOLUTION SLIDER -->\n[vc_empty_space height=&#8221;10px&#8221;][vc_column_text]<\/p>\n<pre><strong><span style=\"font-family: arial, helvetica, sans-serif; font-size: 24px;\">Termo de Neg\u00f3cios<\/span><\/strong><\/pre>\n<hr \/>\n<h6><span style=\"font-family: arial, helvetica, sans-serif; font-size: 14px; color: #808080;\">Termos e Condi\u00e7\u00f5es Gerais de Venda de M\u00e1quinas e Equipamentos, Edi\u00e7\u00e3o 2006<\/span><br \/>\n<span style=\"font-family: arial, helvetica, sans-serif; font-size: 14px; color: #808080;\">Estes Termos e Condi\u00e7\u00f5es Gerais de Venda (GTCS) prevalecem sobre os Termos e Condi\u00e7\u00f5es Gerais de Compra do Comprador.<br \/>\n<\/span><span style=\"font-family: arial, helvetica, sans-serif; font-size: 14px; color: #808080;\">Os acordos que se desviem destas GCS s\u00f3 s\u00e3o v\u00e1lidos <\/span><span style=\"font-family: arial, helvetica, sans-serif; font-size: 14px; color: #808080;\">s\u00f3 s\u00e3o v\u00e1lidos se forem feitos por escrito. <\/span><\/h6>\n<h6><span style=\"font-family: arial, helvetica, sans-serif; font-size: 14px; color: #808080;\">2 <\/span><span style=\"font-family: arial, helvetica, sans-serif; font-size: 14px; color: #808080;\">Objeto e validade da oferta<\/span><br \/>\n<span style=\"font-family: arial, helvetica, sans-serif; font-size: 14px; color: #808080;\">2.1 Especifica\u00e7\u00f5es de normas, etc.<\/span><br \/>\n<span style=\"font-family: arial, helvetica, sans-serif; font-size: 14px; color: #808080;\">Quaisquer normas, especifica\u00e7\u00f5es, disposi\u00e7\u00f5es, regulamentos e usos s\u00f3 ser\u00e3o aplic\u00e1veis se o Vendedor os aceitar expressamente por escrito.<\/span><br \/>\n<span style=\"font-family: arial, helvetica, sans-serif; font-size: 14px; color: #808080;\"><br \/>\n2.2 Entrega de mercadorias com base numa estimativa de custos<\/span><br \/>\n<span style=\"font-family: arial, helvetica, sans-serif; font-size: 14px; color: #808080;\">As condi\u00e7\u00f5es contidas numa cita\u00e7\u00e3o aplicam-se apenas aos artigos nela especificados. N\u00e3o se aplicam a entregas adicionais, a menos que o Vendedor as aceite expressamente<\/span><br \/>\n<span style=\"font-family: arial, helvetica, sans-serif; font-size: 14px; color: #808080;\">O vendedor n\u00e3o aceita expressamente estas condi\u00e7\u00f5es por escrito.<\/span><br \/>\n<span style=\"font-family: arial, helvetica, sans-serif; font-size: 14px; color: #808080;\">2.3 Entregas de mercadorias com base no cat\u00e1logo<\/span><br \/>\n<span style=\"font-family: arial, helvetica, sans-serif; font-size: 14px; color: #808080;\">Os pre\u00e7os e informa\u00e7\u00f5es contidas nos cat\u00e1logos, brochuras e listas de pre\u00e7os s\u00e3o valores aproximados e s\u00f3 s\u00e3o vinculativos para o Vendedor ap\u00f3s confirma\u00e7\u00e3o escrita da sua parte.<\/span><br \/>\n<span style=\"font-family: arial, helvetica, sans-serif; font-size: 14px; color: #808080;\">O Vendedor reserva-se o direito de fazer altera\u00e7\u00f5es, em particular no arranjo, forma, cor, dimens\u00f5es ou materiais. As informa\u00e7\u00f5es relativas ao<\/span><br \/>\n<span style=\"font-family: arial, helvetica, sans-serif; font-size: 14px; color: #808080;\">as dimens\u00f5es s\u00e3o apenas aproximadas. O vendedor n\u00e3o \u00e9 em caso algum obrigado a entregar os seus desenhos de produ\u00e7\u00e3o, mesmo que os dispositivos e equipamentos sejam entregues com um plano de instala\u00e7\u00e3o ou de funda\u00e7\u00e3o.<\/span><br \/>\n<span style=\"font-family: arial, helvetica, sans-serif; font-size: 14px; color: #808080;\">plano de instala\u00e7\u00e3o ou de funda\u00e7\u00e3o. As dimens\u00f5es dos blocos de funda\u00e7\u00e3o s\u00e3o apenas aproximadas; o Comprador deve construir estes blocos sob a sua pr\u00f3pria responsabilidade.<\/span><br \/>\n<span style=\"font-family: arial, helvetica, sans-serif; font-size: 14px; color: #808080;\"><br \/>\n3 Celebra\u00e7\u00e3o do contrato<\/span><br \/>\n<span style=\"font-family: arial, helvetica, sans-serif; font-size: 14px; color: #808080;\">3.1 Um contrato de venda s\u00f3 ser\u00e1 considerado como celebrado se o Vendedor aceitar expressamente uma encomenda.<\/span><br \/>\n<span style=\"font-family: arial, helvetica, sans-serif; font-size: 14px; color: #808080;\">3.2 Quaisquer promessas orais feitas pelos representantes e empregados do Vendedor s\u00f3 ser\u00e3o vinculativas para o Vendedor se tais promessas forem expressamente confirmadas por escrito.<\/span><br \/>\n<span style=\"font-family: arial, helvetica, sans-serif; font-size: 14px; color: #808080;\"><br \/>\n4 Titularidade, Confidencialidade<\/span><br \/>\n<span style=\"font-family: arial, helvetica, sans-serif; font-size: 14px; color: #808080;\">4.1 Os estudos, planos e documentos colocados \u00e0 disposi\u00e7\u00e3o do Comprador permanecer\u00e3o propriedade do Vendedor e ser\u00e3o confidenciais. O Comprador n\u00e3o pode utiliz\u00e1-los para al\u00e9m do<\/span><br \/>\n<span style=\"font-family: arial, helvetica, sans-serif; font-size: 14px; color: #808080;\">utiliz\u00e1-los para al\u00e9m da finalidade do contrato, nem torn\u00e1-los acess\u00edveis a terceiros.<\/span><br \/>\n<span style=\"font-family: arial, helvetica, sans-serif; font-size: 14px; color: #808080;\">4.2 Se n\u00e3o for celebrado qualquer contrato, o comprador dever\u00e1 devolver ao vendedor os estudos, planos e documentos que lhe foram disponibilizados no prazo de 15 dias ap\u00f3s ter sido solicitado a faz\u00ea-lo.<\/span><br \/>\n<span style=\"font-family: arial, helvetica, sans-serif; font-size: 14px; color: #808080;\">no prazo de 15 dias.<\/span><br \/>\n<span style=\"font-family: arial, helvetica, sans-serif; font-size: 14px; color: #808080;\"><br \/>\n5 Pre\u00e7os, condi\u00e7\u00f5es de pagamento<\/span><br \/>\n<span style=\"font-family: arial, helvetica, sans-serif; font-size: 14px; color: #808080;\">5.1 Os pre\u00e7os s\u00e3o cotados em francos su\u00ed\u00e7os l\u00edquidos, excluindo IVA\/seguro, e aplicam-se a dispositivos e equipamentos fornecidos pelo Vendedor.<\/span><br \/>\n<span style=\"font-family: arial, helvetica, sans-serif; font-size: 14px; color: #808080;\">Nas faturas montantes inferiores a CHF. 250,- pre\u00e7o de tabela, n\u00e3o ser\u00e3o concedidos descontos.<\/span><br \/>\n<span style=\"font-family: arial, helvetica, sans-serif; font-size: 14px; color: #808080;\">5.2 O pagamento deve ser efetuado no domic\u00edlio do Vendedor. O comprador renuncia ao direito de contra-argumenta\u00e7\u00e3o.<br \/>\n<\/span><span style=\"font-family: arial, helvetica, sans-serif; font-size: 14px; color: #808080;\">5.3 O pagamento deve ser efetuado<br \/>\n<\/span><span style=\"font-family: arial, helvetica, sans-serif; font-size: 14px; color: #808080;\">&#8216; 50% de adiantamento ap\u00f3s encomenda escrita no prazo de 10 dias<br \/>\n&#8216; 40% pagamento parcial antes da entrega do projeto<br \/>\n&#8216; 10 % ap\u00f3s aceita\u00e7\u00e3o no prazo de 20 dias<br \/>\n5<\/span><span style=\"font-family: arial, helvetica, sans-serif; font-size: 14px; color: #808080;\">.4 Em caso de incumprimento do prazo de pagamento, ser\u00e3o devidos juros de 7% ao ano sobre os montantes em d\u00edvida sem necessidade de mais exig\u00eancias.<\/span><br \/>\n<span style=\"font-family: arial, helvetica, sans-serif; font-size: 14px; color: #808080;\">5.5 Se um Comprador estiver em falta com a aceita\u00e7\u00e3o da mercadoria, a mercadoria ser\u00e1 armazenada \u00e0 sua custa. A n\u00e3o aceita\u00e7\u00e3o dos bens n\u00e3o provoca um adiamento da data de pagamento.<\/span><br \/>\n<span style=\"font-family: arial, helvetica, sans-serif; font-size: 14px; color: #808080;\"><br \/>\n6 Entrega, Envio<\/span><br \/>\n<span style=\"font-family: arial, helvetica, sans-serif; font-size: 14px; color: #808080;\">6.1 A mercadoria deve ser entregue assim que estiver pronta na f\u00e1brica ou armaz\u00e9m do Vendedor.<\/span><br \/>\n<span style=\"font-family: arial, helvetica, sans-serif; font-size: 14px; color: #808080;\">6.2 Se o envio for atrasado por qualquer raz\u00e3o, o Vendedor dever\u00e1<\/span><br \/>\n<span style=\"font-family: arial, helvetica, sans-serif; font-size: 14px; color: #808080;\"><br \/>\n7. Per\u00edodos de entrega<\/span><br \/>\n<span style=\"font-family: arial, helvetica, sans-serif; font-size: 14px; color: #808080;\">7.1 Os prazos de entrega devem ser entendidos como valores aproximados, a menos que o Vendedor assuma um compromisso escrito de data fixa. O Vendedor n\u00e3o ser\u00e1 respons\u00e1vel pela entrega tardia e suas consequ\u00eancias.<\/span><br \/>\n<span style=\"font-family: arial, helvetica, sans-serif; font-size: 14px; color: #808080;\">7.2 Os prazos de entrega come\u00e7am a correr a partir do momento em que o Vendedor estiver na posse dos dados conclusivos da encomenda do Comprador.<\/span><br \/>\n<span style=\"font-family: arial, helvetica, sans-serif; font-size: 14px; color: #808080;\">7.3 O Vendedor ficar\u00e1 isento de qualquer obriga\u00e7\u00e3o relativamente aos prazos de entrega em caso de for\u00e7a maior ou outros eventos que ocorram no Vendedor ou nos seus fornecedores, tais como: Bloqueio; Greve; Epidemia; Confisca\u00e7\u00e3o; Guerra; Embargo; Falta de Autoriza\u00e7\u00e3o; Conflagra\u00e7\u00e3o; Inunda\u00e7\u00e3o; Avaria de M\u00e1quinas de Produ\u00e7\u00e3o; Sucata de Pe\u00e7as Importantes durante o Fabrico; Interrup\u00e7\u00e3o ou Atraso no Transporte ou no Fornecimento de Mat\u00e9rias-Primas, Fontes de Energia ou Componentes; no caso de todos os outros eventos pelos quais o Vendedor n\u00e3o seja respons\u00e1vel.<\/span><br \/>\n<span style=\"font-family: arial, helvetica, sans-serif; font-size: 14px; color: #808080;\"><br \/>\n8. Per\u00edodos de entrega<\/span><br \/>\n<span style=\"font-family: arial, helvetica, sans-serif; font-size: 14px; color: #808080;\">8.1 At\u00e9 ao pagamento integral do pre\u00e7o e quaisquer juros, os artigos entregues continuar\u00e3o a ser propriedade do Vendedor. Se os bens entregues n\u00e3o forem pagos, o Vendedor pode, a qualquer momento, e quem quer que seja o propriet\u00e1rio, exigir a sua devolu\u00e7\u00e3o \u00e0s custas do Comprador.<\/span><br \/>\n<span style=\"font-family: arial, helvetica, sans-serif; font-size: 14px; color: #808080;\">8.2 A partir do momento da entrega (cl\u00e1usulas 6.1 e 6.2), o Comprador suportar\u00e1 o risco de perda ou dano dos artigos entregues e ser\u00e1 tamb\u00e9m respons\u00e1vel por quaisquer danos por eles causados.<\/span><br \/>\n<span style=\"font-family: arial, helvetica, sans-serif; font-size: 14px; color: #808080;\">8.3 No caso de uma heran\u00e7a ou fal\u00eancia, o Vendedor dever\u00e1 reter os pagamentos adiantados efetuados como penaliza\u00e7\u00e3o; o Vendedor reserva-se o direito de reclamar outros danos.<\/span><br \/>\n<span style=\"font-family: arial, helvetica, sans-serif; font-size: 14px; color: #808080;\"><br \/>\n9. embalagem<\/span><br \/>\n<span style=\"font-family: arial, helvetica, sans-serif; font-size: 14px; color: #808080;\">A embalagem n\u00e3o ser\u00e1 retomada pelo vendedor. Os respectivos custos ser\u00e3o suportados pelo Comprador. O Vendedor fornecer\u00e1 a embalagem, agindo com o melhor dos seus conhecimentos e acreditando no interesse do Comprador.<\/span><br \/>\n<span style=\"font-family: arial, helvetica, sans-serif; font-size: 14px; color: #808080;\"><br \/>\n10 Transporte, Alf\u00e2ndega<\/span><br \/>\n<span style=\"font-family: arial, helvetica, sans-serif; font-size: 14px; color: #808080;\">Todos os custos de transporte e seguro, bem como os direitos aduaneiros, ser\u00e3o suportados pelo Comprador. Os bens entregues viajam por conta e risco do comprador. \u00c9 da responsabilidade do Comprador notificar a empresa de transporte, mesmo que selecionada pelo Vendedor, de quaisquer reservas relativas ao estado da mercadoria entregue dentro dos prazos legais.<\/span><br \/>\n<span style=\"font-family: arial, helvetica, sans-serif; font-size: 14px; color: #808080;\"><br \/>\n11 Garantia<\/span><br \/>\n<span style=\"font-family: arial, helvetica, sans-serif; font-size: 14px; color: #808080;\">11.1 Defeitos que d\u00e3o origem a uma reclama\u00e7\u00e3o de garantia<\/span><br \/>\n<span style=\"font-family: arial, helvetica, sans-serif; font-size: 14px; color: #808080;\">O Vendedor compromete-se a remediar todos os defeitos funcionais resultantes de um defeito de material ou de fabrico (incluindo montagem defeituosa se esta tiver sido confiada ao Vendedor). O Vendedor n\u00e3o prestar\u00e1 qualquer garantia se o defeito for devido a um desenho prescrito pelo Comprador, em caso de manuten\u00e7\u00e3o e manuten\u00e7\u00e3o impr\u00f3prias pelo Comprador ou por terceiros, ou em caso de armazenamento impr\u00f3prio. Al\u00e9m disso, nenhuma garantia se aplicar\u00e1 em caso de eventos devidos ao acaso ou for\u00e7a maior, desgaste normal, danos, acidentes, manuseamento negligente, supervis\u00e3o e utiliza\u00e7\u00e3o defeituosa.<\/span><br \/>\n<span style=\"font-family: arial, helvetica, sans-serif; font-size: 14px; color: #808080;\"><br \/>\n11.2 A garantia \u00e9 v\u00e1lida por 12 meses a partir da data de entrega. O mesmo per\u00edodo de garantia aplica-se a novas pe\u00e7as sobressalentes. O per\u00edodo de garantia para dispositivos de substitui\u00e7\u00e3o e para repara\u00e7\u00f5es \u00e9 de 3 meses a partir da data de entrega (cl\u00e1usulas 6.1 e 6.2). Uma extens\u00e3o da garantia pode ser acordada de acordo com a gama de servi\u00e7os existente do Vendedor contra compensa\u00e7\u00e3o separada.<\/span><br \/>\n<span style=\"font-family: arial, helvetica, sans-serif; font-size: 14px; color: #808080;\"><br \/>\n11.3 Obriga\u00e7\u00f5es do comprador<\/span><br \/>\n<span style=\"font-family: arial, helvetica, sans-serif; font-size: 14px; color: #808080;\">A garantia s\u00f3 ser\u00e1 v\u00e1lida se o Comprador notificar imediatamente por escrito o Vendedor dos defeitos que, na sua opini\u00e3o, a mercadoria entregue apresentar e fornecer provas da sua exist\u00eancia. O Comprador deve dar sempre ao Vendedor a oportunidade de inspecionar e corrigir tais defeitos. Sem o consentimento expresso do Vendedor, o Comprador n\u00e3o pode realizar o trabalho de garantia em si nem encomendar a terceiros para o fazer.<\/span><br \/>\n<span style=\"font-family: arial, helvetica, sans-serif; font-size: 14px; color: #808080;\"><br \/>\n11.4 Execu\u00e7\u00e3o dos trabalhos de garantia<\/span><br \/>\n<span style=\"font-family: arial, helvetica, sans-serif; font-size: 14px; color: #808080;\">O Vendedor dever\u00e1, ap\u00f3s ter sido informado, reparar o defeito \u00e0 sua pr\u00f3pria custa. Reserva-se o direito de fazer quaisquer modifica\u00e7\u00f5es necess\u00e1rias. O Vendedor realizar\u00e1 os trabalhos de garantia nas suas oficinas ap\u00f3s o Comprador ter devolvido os artigos em quest\u00e3o ao Vendedor para repara\u00e7\u00e3o ou substitui\u00e7\u00e3o.<\/span><br \/>\n<span style=\"font-family: arial, helvetica, sans-serif; font-size: 14px; color: #808080;\">A crit\u00e9rio do Vendedor, o Vendedor pode realizar os trabalhos de garantia no local de instala\u00e7\u00e3o; os custos adicionais ser\u00e3o suportados pelo Comprador.<\/span><br \/>\n<span style=\"font-family: arial, helvetica, sans-serif; font-size: 14px; color: #808080;\"><br \/>\n11.5 Limita\u00e7\u00e3o da garantia<\/span><br \/>\n<span style=\"font-family: arial, helvetica, sans-serif; font-size: 14px; color: #808080;\">A garantia do vendedor \u00e9 expressamente limitada ao \u00e2mbito precedente. Est\u00e1 exclu\u00edda qualquer outra responsabilidade do Vendedor.<\/span><br \/>\n<span style=\"font-family: arial, helvetica, sans-serif; font-size: 14px; color: #808080;\"><br \/>\n12 Troca, devolu\u00e7\u00e3o<\/span><br \/>\n<span style=\"font-family: arial, helvetica, sans-serif; font-size: 14px; color: #808080;\">O vendedor s\u00f3 aceita a troca ou devolu\u00e7\u00e3o de remessas ap\u00f3s o seu consentimento pr\u00e9vio e apenas no prazo de 10 dias a contar da entrega.<\/span><br \/>\n<span style=\"font-family: arial, helvetica, sans-serif; font-size: 14px; color: #808080;\">S\u00f3 aceitar\u00e1 de volta os produtos em stock n\u00e3o utilizados na sua embalagem original e cobrar\u00e1 40% do pre\u00e7o l\u00edquido, mas pelo menos CHF 50,00, pelo manuseamento.<\/span><br \/>\n<span style=\"font-family: arial, helvetica, sans-serif; font-size: 14px; color: #808080;\">Os produtos relacionados com o projeto e espec\u00edficos do cliente, os produtos n\u00e3o armazenados ou os produtos feitos \u00e0 medida e os produtos de terceiros est\u00e3o exclu\u00eddos da troca ou devolu\u00e7\u00e3o em qualquer caso, tal como as mercadorias a um pre\u00e7o l\u00edquido inferior a CHF. 60,00 ; as correspondentes devolu\u00e7\u00f5es de mercadorias ser\u00e3o mantidas \u00e0 disposi\u00e7\u00e3o do comprador.<\/span><br \/>\n<span style=\"font-family: arial, helvetica, sans-serif; font-size: 14px; color: #808080;\"><br \/>\n13 Lei aplic\u00e1vel<\/span><br \/>\n<span style=\"font-family: arial, helvetica, sans-serif; font-size: 14px; color: #808080;\">Aplic\u00e1vel \u00e9 a lei su\u00ed\u00e7a, em particular o C\u00f3digo das Obriga\u00e7\u00f5es, excluindo as disposi\u00e7\u00f5es de direito internacional privado.<\/span><br \/>\n<span style=\"font-family: arial, helvetica, sans-serif; font-size: 14px; color: #808080;\"><br \/>\n14 Local de execu\u00e7\u00e3o, local de jurisdi\u00e7\u00e3o<\/span><br \/>\n<span style=\"font-family: arial, helvetica, sans-serif; font-size: 14px; color: #808080;\">O local de atua\u00e7\u00e3o e jurisdi\u00e7\u00e3o \u00e9 exclusivamente Winterthur, Su\u00ed\u00e7a.<\/span><\/h6>\n<p>[\/vc_column_text][vc_column_text]<\/p>\n<h6><span style=\"font-family: arial, helvetica, sans-serif; font-size: 14px;\">Download do Termo de fornecimento<br \/>\n<\/span><\/h6>\n<h6><span style=\"font-family: arial, helvetica, sans-serif; font-size: 16px; color: #808080;\">\u203a<\/span><span style=\"font-family: arial, helvetica, sans-serif; font-size: 12px; color: #808080;\">\u00a0<a style=\"color: #808080;\" href=\"http:\/\/www.medisonics.com\/pdf\/104-SWISSMEM-AGB_e.pdf\"><span class=\"fontstyle0\">General Conditions of Contract for the Supply of Plant and Machinery<br \/>\n<\/span><\/a><\/span><br \/>\n<span style=\"font-family: arial, helvetica, sans-serif; font-size: 12px; color: #808080;\"><span style=\"font-size: 16px;\">\u203a <\/span><\/span><span style=\"font-family: arial, helvetica, sans-serif; font-size: 12px; color: #808080;\"><a style=\"color: #808080;\" href=\"http:\/\/www.medisonics.com\/pdf\/104-SWISSMEM-AGB_d.pdf\"><span class=\"fontstyle0\">Allgemeine Lieferbedingungen f\u00fcr Maschinen und Anlagen <\/span><br \/>\n<\/a> <\/span><br \/>\n<span style=\"font-size: 16px; color: #808080;\">\u203a<\/span><span style=\"font-family: arial, helvetica, sans-serif; font-size: 12px; color: #808080;\"><a style=\"color: #808080;\" href=\"http:\/\/www.medisonics.com\/pdf\/104-SWISSMEM-AGB_f.pdf\"><span class=\"fontstyle0\"> Condi\u00e7\u00f5es gerais de vida para m\u00e1quinas e instala\u00e7\u00f5es<\/span><\/a> <\/span><\/h6>\n<h6><span style=\"font-size: 16px; color: #808080;\">\u203a<\/span><span style=\"font-family: arial, helvetica, sans-serif; font-size: 12px; color: #808080;\"><a style=\"color: #808080;\" href=\"http:\/\/www.medisonics.com\/pdf\/104-SWISSMEM-AGB_i.pdf\"><span class=\"fontstyle0\"> Condizioni generali di fornitura per macchine e impianti<\/span><\/a><\/span><\/h6>\n<h6><a href=\"http:\/\/www.medisonics.com\/pdf\/104-SWISSMEM-AGB_s.pdf\"><span style=\"font-family: arial, helvetica, sans-serif; font-size: 16px; color: #808080;\">\u203a <\/span><span class=\"fontstyle0\"><span style=\"font-family: arial, helvetica, sans-serif; font-size: 14px; color: #808080;\"><span style=\"font-size: 12px;\">Condiciones generales para el suministro de maquinaria y plantas<\/span><\/span><\/span><\/a><\/h6>\n<p>[\/vc_column_text][\/vc_column][\/vc_row]<\/p>\n","protected":false},"excerpt":{"rendered":"<p>[vc_row][vc_column][vc_empty_space height=&#8221;10px&#8221;][vc_column_text] Termo de Neg\u00f3cios Termos e Condi\u00e7\u00f5es Gerais de Venda de M\u00e1quinas e Equipamentos, Edi\u00e7\u00e3o 2006 Estes Termos e Condi\u00e7\u00f5es Gerais de Venda (GTCS) prevalecem sobre os Termos e Condi\u00e7\u00f5es Gerais de Compra do Comprador. Os acordos que se desviem destas GCS s\u00f3 s\u00e3o v\u00e1lidos s\u00f3 s\u00e3o v\u00e1lidos se forem feitos por escrito. 2 [&hellip;]<\/p>\n","protected":false},"author":1,"featured_media":0,"parent":0,"menu_order":0,"comment_status":"closed","ping_status":"closed","template":"","meta":{"_monsterinsights_skip_tracking":false,"_monsterinsights_sitenote_active":false,"_monsterinsights_sitenote_note":"","_monsterinsights_sitenote_category":0,"footnotes":""},"jetpack_sharing_enabled":true,"_links":{"self":[{"href":"https:\/\/medisonics.com\/pt-br\/wp-json\/wp\/v2\/pages\/10089"}],"collection":[{"href":"https:\/\/medisonics.com\/pt-br\/wp-json\/wp\/v2\/pages"}],"about":[{"href":"https:\/\/medisonics.com\/pt-br\/wp-json\/wp\/v2\/types\/page"}],"author":[{"embeddable":true,"href":"https:\/\/medisonics.com\/pt-br\/wp-json\/wp\/v2\/users\/1"}],"replies":[{"embeddable":true,"href":"https:\/\/medisonics.com\/pt-br\/wp-json\/wp\/v2\/comments?post=10089"}],"version-history":[{"count":5,"href":"https:\/\/medisonics.com\/pt-br\/wp-json\/wp\/v2\/pages\/10089\/revisions"}],"predecessor-version":[{"id":10757,"href":"https:\/\/medisonics.com\/pt-br\/wp-json\/wp\/v2\/pages\/10089\/revisions\/10757"}],"wp:attachment":[{"href":"https:\/\/medisonics.com\/pt-br\/wp-json\/wp\/v2\/media?parent=10089"}],"curies":[{"name":"wp","href":"https:\/\/api.w.org\/{rel}","templated":true}]}}